{"id":6263,"date":"2019-11-13T13:37:21","date_gmt":"2019-11-13T13:37:21","guid":{"rendered":"https:\/\/vestiaire.be\/product\/500-etiquettes-de-bagages-autocollantes-pre-imprimees-noires-serie-501-1000\/"},"modified":"2026-05-06T22:42:26","modified_gmt":"2026-05-06T22:42:26","slug":"500-etiquettes-bagages-autocollantes-preimprimees-noires-serie-501-1000","status":"publish","type":"product","link":"https:\/\/vestiaire.be\/fr\/produit\/500-etiquettes-bagages-autocollantes-preimprimees-noires-serie-501-1000\/","title":{"rendered":"500 Etiquettes de bagages autocollantes pr\u00e9-imprim\u00e9es, noires, s\u00e9rie 501-1000"},"content":{"rendered":"<p>\u00c9tiquettes autocollantes pour valises, pr\u00e9imprim\u00e9es par 500 pi\u00e8ces, s\u00e9rie 501-1000<\/p>\n","protected":false},"excerpt":{"rendered":"<p>\u00c9tiquettes autocollantes pour valises, pr\u00e9imprim\u00e9es par 500 pi\u00e8ces, s\u00e9rie 501-1000<\/p>\n","protected":false},"featured_media":3207754,"comment_status":"open","ping_status":"closed","template":"","meta":{"_acf_changed":false},"product_brand":[],"product_cat":[806,805],"product_tag":[],"class_list":{"0":"post-6263","1":"product","2":"type-product","3":"status-publish","4":"has-post-thumbnail","6":"product_cat-etiquettes-de-bagages","7":"product_cat-nombre-de-vestiaires","8":"pa_aantal-in-verpakking-1-fr","9":"pa_aantal-tickets-per-rol-of-bl-250-fr","10":"pa_breedte-product-cm-17-fr","11":"pa_grootboekrekening-rlz-8026-fr","12":"pa_grootte-van-gat-mm-breedte-x-pas-de-trou","13":"pa_hoogte-product-cm-30-fr","14":"pa_lengte-product-cm-33-fr","15":"pa_materiaal-papier-thermique-autocollant","16":"pa_nummer-breedte-cm-7-6-fr","17":"pa_nummer-hoogte-cm-0-01-fr","18":"pa_nummer-lengte-cm-14-6-fr","19":"pa_printer-type-sans-objet","20":"pa_product-gewicht-g-920-fr","21":"pa_totaal-tickets-in-doos-801","22":"pa_verpakking-breedte-cm-802","23":"pa_verpakking-hoogte-cm-3-fr","24":"pa_verpakking-lengte-cm-33-fr","25":"pa_verpakking-type-boite","27":"first","28":"instock","29":"taxable","30":"shipping-taxable","31":"purchasable","32":"product-type-simple"},"acf":[],"yoast_head":"<!-- This site is optimized with the Yoast SEO plugin v27.1.1 - https:\/\/yoast.com\/product\/yoast-seo-wordpress\/ -->\n<title>Acheter des \u00e9tiquettes pour bagages no. 501-1000 noir | Autocollantes<\/title>\n<meta name=\"description\" content=\"500 \u00e9tiquettes \u00e0 bagages pr\u00e9-imprim\u00e9es pour vestiaire \u2713 Autocollantes \u2713 Pr\u00eates \u00e0 l&#039;emploi \u2713 Exp\u00e9dition gratuite \u2713 Command\u00e9es avant 20:30 = livr\u00e9es demain\" \/>\n<meta name=\"robots\" content=\"index, follow, max-snippet:-1, max-image-preview:large, max-video-preview:-1\" \/>\n<link rel=\"canonical\" href=\"https:\/\/vestiaire.be\/fr\/produit\/500-etiquettes-bagages-autocollantes-preimprimees-noires-serie-501-1000\/\" \/>\n<meta property=\"og:locale\" content=\"fr_FR\" \/>\n<meta property=\"og:type\" content=\"article\" \/>\n<meta property=\"og:title\" content=\"Acheter des \u00e9tiquettes pour bagages no. 501-1000 noir | Autocollantes\" \/>\n<meta property=\"og:description\" content=\"500 \u00e9tiquettes \u00e0 bagages pr\u00e9-imprim\u00e9es pour vestiaire \u2713 Autocollantes \u2713 Pr\u00eates \u00e0 l&#039;emploi \u2713 Exp\u00e9dition gratuite \u2713 Command\u00e9es avant 20:30 = livr\u00e9es demain\" \/>\n<meta property=\"og:url\" content=\"https:\/\/vestiaire.be\/fr\/produit\/500-etiquettes-bagages-autocollantes-preimprimees-noires-serie-501-1000\/\" \/>\n<meta property=\"og:site_name\" content=\"Vestiaire.be\" \/>\n<meta property=\"article:modified_time\" content=\"2026-05-06T22:42:26+00:00\" \/>\n<meta property=\"og:image\" content=\"https:\/\/vestiaire.be\/wp-content\/uploads\/2019\/11\/products-gard-20191107-00067_1.jpg\" \/>\n\t<meta property=\"og:image:width\" content=\"1200\" \/>\n\t<meta property=\"og:image:height\" content=\"1200\" \/>\n\t<meta property=\"og:image:type\" content=\"image\/jpeg\" \/>\n<meta name=\"twitter:card\" content=\"summary_large_image\" \/>\n<script type=\"application\/ld+json\" class=\"yoast-schema-graph\">{\"@context\":\"https:\/\/schema.org\",\"@graph\":[{\"@type\":\"WebPage\",\"@id\":\"https:\/\/vestiaire.be\/fr\/produit\/500-etiquettes-bagages-autocollantes-preimprimees-noires-serie-501-1000\/\",\"url\":\"https:\/\/vestiaire.be\/fr\/produit\/500-etiquettes-bagages-autocollantes-preimprimees-noires-serie-501-1000\/\",\"name\":\"Acheter des \u00e9tiquettes pour bagages no. 501-1000 noir | Autocollantes\",\"isPartOf\":{\"@id\":\"https:\/\/vestiaire.be\/#website\"},\"primaryImageOfPage\":{\"@id\":\"https:\/\/vestiaire.be\/fr\/produit\/500-etiquettes-bagages-autocollantes-preimprimees-noires-serie-501-1000\/#primaryimage\"},\"image\":{\"@id\":\"https:\/\/vestiaire.be\/fr\/produit\/500-etiquettes-bagages-autocollantes-preimprimees-noires-serie-501-1000\/#primaryimage\"},\"thumbnailUrl\":\"https:\/\/vestiaire.be\/wp-content\/uploads\/2025\/07\/products-gard-20191107-00067_1.jpg\",\"datePublished\":\"2019-11-13T13:37:21+00:00\",\"dateModified\":\"2026-05-06T22:42:26+00:00\",\"description\":\"500 \u00e9tiquettes \u00e0 bagages pr\u00e9-imprim\u00e9es pour vestiaire \u2713 Autocollantes \u2713 Pr\u00eates \u00e0 l'emploi \u2713 Exp\u00e9dition gratuite \u2713 Command\u00e9es avant 20:30 = livr\u00e9es demain\",\"breadcrumb\":{\"@id\":\"https:\/\/vestiaire.be\/fr\/produit\/500-etiquettes-bagages-autocollantes-preimprimees-noires-serie-501-1000\/#breadcrumb\"},\"inLanguage\":\"fr-FR\",\"potentialAction\":[{\"@type\":\"ReadAction\",\"target\":[\"https:\/\/vestiaire.be\/fr\/produit\/500-etiquettes-bagages-autocollantes-preimprimees-noires-serie-501-1000\/\"]}]},{\"@type\":\"ImageObject\",\"inLanguage\":\"fr-FR\",\"@id\":\"https:\/\/vestiaire.be\/fr\/produit\/500-etiquettes-bagages-autocollantes-preimprimees-noires-serie-501-1000\/#primaryimage\",\"url\":\"https:\/\/vestiaire.be\/wp-content\/uploads\/2025\/07\/products-gard-20191107-00067_1.jpg\",\"contentUrl\":\"https:\/\/vestiaire.be\/wp-content\/uploads\/2025\/07\/products-gard-20191107-00067_1.jpg\",\"width\":1200,\"height\":1200},{\"@type\":\"BreadcrumbList\",\"@id\":\"https:\/\/vestiaire.be\/fr\/produit\/500-etiquettes-bagages-autocollantes-preimprimees-noires-serie-501-1000\/#breadcrumb\",\"itemListElement\":[{\"@type\":\"ListItem\",\"position\":1,\"name\":\"Home\",\"item\":\"https:\/\/vestiaire.be\/fr\/\"},{\"@type\":\"ListItem\",\"position\":2,\"name\":\"Boutique\",\"item\":\"https:\/\/vestiaire.be\/winkel\/\"},{\"@type\":\"ListItem\",\"position\":3,\"name\":\"500 Etiquettes de bagages autocollantes pr\u00e9-imprim\u00e9es, noires, s\u00e9rie 501-1000\"}]},{\"@type\":\"WebSite\",\"@id\":\"https:\/\/vestiaire.be\/#website\",\"url\":\"https:\/\/vestiaire.be\/\",\"name\":\"Vestiaire.be\",\"description\":\"Slimme vestiaire &amp; entree oplossingen\",\"potentialAction\":[{\"@type\":\"SearchAction\",\"target\":{\"@type\":\"EntryPoint\",\"urlTemplate\":\"https:\/\/vestiaire.be\/?s={search_term_string}\"},\"query-input\":{\"@type\":\"PropertyValueSpecification\",\"valueRequired\":true,\"valueName\":\"search_term_string\"}}],\"inLanguage\":\"fr-FR\"}]}<\/script>\n<!-- \/ Yoast SEO plugin. -->","yoast_head_json":{"title":"Acheter des \u00e9tiquettes pour bagages no. 501-1000 noir | Autocollantes","description":"500 \u00e9tiquettes \u00e0 bagages pr\u00e9-imprim\u00e9es pour vestiaire \u2713 Autocollantes \u2713 Pr\u00eates \u00e0 l'emploi \u2713 Exp\u00e9dition gratuite \u2713 Command\u00e9es avant 20:30 = livr\u00e9es demain","robots":{"index":"index","follow":"follow","max-snippet":"max-snippet:-1","max-image-preview":"max-image-preview:large","max-video-preview":"max-video-preview:-1"},"canonical":"https:\/\/vestiaire.be\/fr\/produit\/500-etiquettes-bagages-autocollantes-preimprimees-noires-serie-501-1000\/","og_locale":"fr_FR","og_type":"article","og_title":"Acheter des \u00e9tiquettes pour bagages no. 501-1000 noir | Autocollantes","og_description":"500 \u00e9tiquettes \u00e0 bagages pr\u00e9-imprim\u00e9es pour vestiaire \u2713 Autocollantes \u2713 Pr\u00eates \u00e0 l'emploi \u2713 Exp\u00e9dition gratuite \u2713 Command\u00e9es avant 20:30 = livr\u00e9es demain","og_url":"https:\/\/vestiaire.be\/fr\/produit\/500-etiquettes-bagages-autocollantes-preimprimees-noires-serie-501-1000\/","og_site_name":"Vestiaire.be","article_modified_time":"2026-05-06T22:42:26+00:00","og_image":[{"width":1200,"height":1200,"url":"https:\/\/vestiaire.be\/wp-content\/uploads\/2019\/11\/products-gard-20191107-00067_1.jpg","type":"image\/jpeg"}],"twitter_card":"summary_large_image","schema":{"@context":"https:\/\/schema.org","@graph":[{"@type":"WebPage","@id":"https:\/\/vestiaire.be\/fr\/produit\/500-etiquettes-bagages-autocollantes-preimprimees-noires-serie-501-1000\/","url":"https:\/\/vestiaire.be\/fr\/produit\/500-etiquettes-bagages-autocollantes-preimprimees-noires-serie-501-1000\/","name":"Acheter des \u00e9tiquettes pour bagages no. 501-1000 noir | Autocollantes","isPartOf":{"@id":"https:\/\/vestiaire.be\/#website"},"primaryImageOfPage":{"@id":"https:\/\/vestiaire.be\/fr\/produit\/500-etiquettes-bagages-autocollantes-preimprimees-noires-serie-501-1000\/#primaryimage"},"image":{"@id":"https:\/\/vestiaire.be\/fr\/produit\/500-etiquettes-bagages-autocollantes-preimprimees-noires-serie-501-1000\/#primaryimage"},"thumbnailUrl":"https:\/\/vestiaire.be\/wp-content\/uploads\/2025\/07\/products-gard-20191107-00067_1.jpg","datePublished":"2019-11-13T13:37:21+00:00","dateModified":"2026-05-06T22:42:26+00:00","description":"500 \u00e9tiquettes \u00e0 bagages pr\u00e9-imprim\u00e9es pour vestiaire \u2713 Autocollantes \u2713 Pr\u00eates \u00e0 l'emploi \u2713 Exp\u00e9dition gratuite \u2713 Command\u00e9es avant 20:30 = livr\u00e9es demain","breadcrumb":{"@id":"https:\/\/vestiaire.be\/fr\/produit\/500-etiquettes-bagages-autocollantes-preimprimees-noires-serie-501-1000\/#breadcrumb"},"inLanguage":"fr-FR","potentialAction":[{"@type":"ReadAction","target":["https:\/\/vestiaire.be\/fr\/produit\/500-etiquettes-bagages-autocollantes-preimprimees-noires-serie-501-1000\/"]}]},{"@type":"ImageObject","inLanguage":"fr-FR","@id":"https:\/\/vestiaire.be\/fr\/produit\/500-etiquettes-bagages-autocollantes-preimprimees-noires-serie-501-1000\/#primaryimage","url":"https:\/\/vestiaire.be\/wp-content\/uploads\/2025\/07\/products-gard-20191107-00067_1.jpg","contentUrl":"https:\/\/vestiaire.be\/wp-content\/uploads\/2025\/07\/products-gard-20191107-00067_1.jpg","width":1200,"height":1200},{"@type":"BreadcrumbList","@id":"https:\/\/vestiaire.be\/fr\/produit\/500-etiquettes-bagages-autocollantes-preimprimees-noires-serie-501-1000\/#breadcrumb","itemListElement":[{"@type":"ListItem","position":1,"name":"Home","item":"https:\/\/vestiaire.be\/fr\/"},{"@type":"ListItem","position":2,"name":"Boutique","item":"https:\/\/vestiaire.be\/winkel\/"},{"@type":"ListItem","position":3,"name":"500 Etiquettes de bagages autocollantes pr\u00e9-imprim\u00e9es, noires, s\u00e9rie 501-1000"}]},{"@type":"WebSite","@id":"https:\/\/vestiaire.be\/#website","url":"https:\/\/vestiaire.be\/","name":"Vestiaire.be","description":"Slimme vestiaire &amp; entree oplossingen","potentialAction":[{"@type":"SearchAction","target":{"@type":"EntryPoint","urlTemplate":"https:\/\/vestiaire.be\/?s={search_term_string}"},"query-input":{"@type":"PropertyValueSpecification","valueRequired":true,"valueName":"search_term_string"}}],"inLanguage":"fr-FR"}]}},"_links":{"self":[{"href":"https:\/\/vestiaire.be\/fr\/wp-json\/wp\/v2\/product\/6263","targetHints":{"allow":["GET"]}}],"collection":[{"href":"https:\/\/vestiaire.be\/fr\/wp-json\/wp\/v2\/product"}],"about":[{"href":"https:\/\/vestiaire.be\/fr\/wp-json\/wp\/v2\/types\/product"}],"replies":[{"embeddable":true,"href":"https:\/\/vestiaire.be\/fr\/wp-json\/wp\/v2\/comments?post=6263"}],"wp:featuredmedia":[{"embeddable":true,"href":"https:\/\/vestiaire.be\/fr\/wp-json\/wp\/v2\/media\/3207754"}],"wp:attachment":[{"href":"https:\/\/vestiaire.be\/fr\/wp-json\/wp\/v2\/media?parent=6263"}],"wp:term":[{"taxonomy":"product_brand","embeddable":true,"href":"https:\/\/vestiaire.be\/fr\/wp-json\/wp\/v2\/product_brand?post=6263"},{"taxonomy":"product_cat","embeddable":true,"href":"https:\/\/vestiaire.be\/fr\/wp-json\/wp\/v2\/product_cat?post=6263"},{"taxonomy":"product_tag","embeddable":true,"href":"https:\/\/vestiaire.be\/fr\/wp-json\/wp\/v2\/product_tag?post=6263"}],"curies":[{"name":"wp","href":"https:\/\/api.w.org\/{rel}","templated":true}]}}