{"id":6247,"date":"2019-11-13T16:07:42","date_gmt":"2019-11-13T16:07:42","guid":{"rendered":"https:\/\/vestiaire.be\/product\/rouleau-de-controle-tickets-dentree-economy-sans-bande-de-controle-14-x-600-tickets-4-couleurs\/"},"modified":"2026-05-06T19:35:33","modified_gmt":"2026-05-06T19:35:33","slug":"cheques-rouleaux-billets-dentree-economie-sans-bande-de-controle-14-x-600-tickets-4-couleurs","status":"publish","type":"product","link":"https:\/\/vestiaire.be\/fr\/produit\/cheques-rouleaux-billets-dentree-economie-sans-bande-de-controle-14-x-600-tickets-4-couleurs\/","title":{"rendered":"Rouleau de contr\u00f4le, tickets d&rsquo;entr\u00e9e &lsquo;economy&rsquo; sans bande de contr\u00f4le, 14 x 600 tickets, 4 couleurs"},"content":{"rendered":"<p>Bo\u00eete de 4 tickets d&rsquo;entr\u00e9e de couleurs diff\u00e9rentes pour l&rsquo;imprimante de tickets Coatcheck.<\/p>\n","protected":false},"excerpt":{"rendered":"<p>Bo\u00eete de 4 tickets d&rsquo;entr\u00e9e de couleurs diff\u00e9rentes pour l&rsquo;imprimante  [&#8230;]<\/p>\n","protected":false},"featured_media":3207787,"comment_status":"open","ping_status":"closed","template":"","meta":{"_acf_changed":false},"product_brand":[],"product_cat":[765,813],"product_tag":[814],"class_list":{"0":"post-6247","1":"product","2":"type-product","3":"status-publish","4":"has-post-thumbnail","6":"product_cat-tickets-pour-les-imprimeurs","7":"product_cat-vestiaire-billets-dentree","8":"product_tag-billets-dentree","9":"pa_aantal-in-verpakking-14-fr","10":"pa_aantal-tickets-per-rol-of-bl-600-fr","11":"pa_breedte-product-cm-7-8-fr","12":"pa_grootboekrekening-rlz-8018-fr","13":"pa_hoogte-product-cm-8-2-fr","14":"pa_lengte-product-cm-8-2","15":"pa_materiaal-papier-thermique","16":"pa_nummer-breedte-cm-7-8","17":"pa_nummer-hoogte-cm-0-001-fr","18":"pa_nummer-lengte-cm-7-4-fr","19":"pa_printer-type-coatcheck-fr","20":"pa_product-gewicht-g-784","21":"pa_totaal-tickets-in-doos-8400-fr","22":"pa_verpakking-breedte-cm-25-5-fr","23":"pa_verpakking-hoogte-cm-9-fr","24":"pa_verpakking-lengte-cm-39-5-fr","25":"pa_verpakking-type-boite","27":"first","28":"instock","29":"taxable","30":"shipping-taxable","31":"purchasable","32":"product-type-simple"},"acf":[],"yoast_head":"<!-- This site is optimized with the Yoast SEO plugin v27.1.1 - https:\/\/yoast.com\/product\/yoast-seo-wordpress\/ -->\n<title>Acheter des rouleaux de tickets d&#039;entr\u00e9e CoatCheck<\/title>\n<meta name=\"description\" content=\"14 rouleaux avec 600 tickets d&#039;entr\u00e9e sans bande de contr\u00f4le \u2713 Pour les imprimantes de tickets CoatCheck \u2713 Livraison gratuite \u2713 Command\u00e9 avant 20:30 = livr\u00e9 demain\" \/>\n<meta name=\"robots\" content=\"index, follow, max-snippet:-1, max-image-preview:large, max-video-preview:-1\" \/>\n<link rel=\"canonical\" href=\"https:\/\/vestiaire.be\/fr\/produit\/cheques-rouleaux-billets-dentree-economie-sans-bande-de-controle-14-x-600-tickets-4-couleurs\/\" \/>\n<meta property=\"og:locale\" content=\"fr_FR\" \/>\n<meta property=\"og:type\" content=\"article\" \/>\n<meta property=\"og:title\" content=\"Acheter des rouleaux de tickets d&#039;entr\u00e9e CoatCheck\" \/>\n<meta property=\"og:description\" content=\"14 rouleaux avec 600 tickets d&#039;entr\u00e9e sans bande de contr\u00f4le \u2713 Pour les imprimantes de tickets CoatCheck \u2713 Livraison gratuite \u2713 Command\u00e9 avant 20:30 = livr\u00e9 demain\" \/>\n<meta property=\"og:url\" content=\"https:\/\/vestiaire.be\/fr\/produit\/cheques-rouleaux-billets-dentree-economie-sans-bande-de-controle-14-x-600-tickets-4-couleurs\/\" \/>\n<meta property=\"og:site_name\" content=\"Vestiaire.be\" \/>\n<meta property=\"article:modified_time\" content=\"2026-05-06T19:35:33+00:00\" \/>\n<meta property=\"og:image\" content=\"https:\/\/vestiaire.be\/wp-content\/uploads\/2019\/11\/products-gard-20191107-00084.jpg\" \/>\n\t<meta property=\"og:image:width\" content=\"1200\" \/>\n\t<meta property=\"og:image:height\" content=\"1200\" \/>\n\t<meta property=\"og:image:type\" content=\"image\/jpeg\" \/>\n<meta name=\"twitter:card\" content=\"summary_large_image\" \/>\n<script type=\"application\/ld+json\" class=\"yoast-schema-graph\">{\"@context\":\"https:\/\/schema.org\",\"@graph\":[{\"@type\":\"WebPage\",\"@id\":\"https:\/\/vestiaire.be\/fr\/produit\/cheques-rouleaux-billets-dentree-economie-sans-bande-de-controle-14-x-600-tickets-4-couleurs\/\",\"url\":\"https:\/\/vestiaire.be\/fr\/produit\/cheques-rouleaux-billets-dentree-economie-sans-bande-de-controle-14-x-600-tickets-4-couleurs\/\",\"name\":\"Acheter des rouleaux de tickets d'entr\u00e9e CoatCheck\",\"isPartOf\":{\"@id\":\"https:\/\/vestiaire.be\/#website\"},\"primaryImageOfPage\":{\"@id\":\"https:\/\/vestiaire.be\/fr\/produit\/cheques-rouleaux-billets-dentree-economie-sans-bande-de-controle-14-x-600-tickets-4-couleurs\/#primaryimage\"},\"image\":{\"@id\":\"https:\/\/vestiaire.be\/fr\/produit\/cheques-rouleaux-billets-dentree-economie-sans-bande-de-controle-14-x-600-tickets-4-couleurs\/#primaryimage\"},\"thumbnailUrl\":\"https:\/\/vestiaire.be\/wp-content\/uploads\/2025\/07\/products-gard-20191107-00084.jpg\",\"datePublished\":\"2019-11-13T16:07:42+00:00\",\"dateModified\":\"2026-05-06T19:35:33+00:00\",\"description\":\"14 rouleaux avec 600 tickets d'entr\u00e9e sans bande de contr\u00f4le \u2713 Pour les imprimantes de tickets CoatCheck \u2713 Livraison gratuite \u2713 Command\u00e9 avant 20:30 = livr\u00e9 demain\",\"breadcrumb\":{\"@id\":\"https:\/\/vestiaire.be\/fr\/produit\/cheques-rouleaux-billets-dentree-economie-sans-bande-de-controle-14-x-600-tickets-4-couleurs\/#breadcrumb\"},\"inLanguage\":\"fr-FR\",\"potentialAction\":[{\"@type\":\"ReadAction\",\"target\":[\"https:\/\/vestiaire.be\/fr\/produit\/cheques-rouleaux-billets-dentree-economie-sans-bande-de-controle-14-x-600-tickets-4-couleurs\/\"]}]},{\"@type\":\"ImageObject\",\"inLanguage\":\"fr-FR\",\"@id\":\"https:\/\/vestiaire.be\/fr\/produit\/cheques-rouleaux-billets-dentree-economie-sans-bande-de-controle-14-x-600-tickets-4-couleurs\/#primaryimage\",\"url\":\"https:\/\/vestiaire.be\/wp-content\/uploads\/2025\/07\/products-gard-20191107-00084.jpg\",\"contentUrl\":\"https:\/\/vestiaire.be\/wp-content\/uploads\/2025\/07\/products-gard-20191107-00084.jpg\",\"width\":1200,\"height\":1200},{\"@type\":\"BreadcrumbList\",\"@id\":\"https:\/\/vestiaire.be\/fr\/produit\/cheques-rouleaux-billets-dentree-economie-sans-bande-de-controle-14-x-600-tickets-4-couleurs\/#breadcrumb\",\"itemListElement\":[{\"@type\":\"ListItem\",\"position\":1,\"name\":\"Home\",\"item\":\"https:\/\/vestiaire.be\/fr\/\"},{\"@type\":\"ListItem\",\"position\":2,\"name\":\"Boutique\",\"item\":\"https:\/\/vestiaire.be\/winkel\/\"},{\"@type\":\"ListItem\",\"position\":3,\"name\":\"Rouleau de contr\u00f4le, tickets d&#8217;entr\u00e9e &#8216;economy&#8217; sans bande de contr\u00f4le, 14 x 600 tickets, 4 couleurs\"}]},{\"@type\":\"WebSite\",\"@id\":\"https:\/\/vestiaire.be\/#website\",\"url\":\"https:\/\/vestiaire.be\/\",\"name\":\"Vestiaire.be\",\"description\":\"Slimme vestiaire &amp; entree oplossingen\",\"potentialAction\":[{\"@type\":\"SearchAction\",\"target\":{\"@type\":\"EntryPoint\",\"urlTemplate\":\"https:\/\/vestiaire.be\/?s={search_term_string}\"},\"query-input\":{\"@type\":\"PropertyValueSpecification\",\"valueRequired\":true,\"valueName\":\"search_term_string\"}}],\"inLanguage\":\"fr-FR\"}]}<\/script>\n<!-- \/ Yoast SEO plugin. -->","yoast_head_json":{"title":"Acheter des rouleaux de tickets d'entr\u00e9e CoatCheck","description":"14 rouleaux avec 600 tickets d'entr\u00e9e sans bande de contr\u00f4le \u2713 Pour les imprimantes de tickets CoatCheck \u2713 Livraison gratuite \u2713 Command\u00e9 avant 20:30 = livr\u00e9 demain","robots":{"index":"index","follow":"follow","max-snippet":"max-snippet:-1","max-image-preview":"max-image-preview:large","max-video-preview":"max-video-preview:-1"},"canonical":"https:\/\/vestiaire.be\/fr\/produit\/cheques-rouleaux-billets-dentree-economie-sans-bande-de-controle-14-x-600-tickets-4-couleurs\/","og_locale":"fr_FR","og_type":"article","og_title":"Acheter des rouleaux de tickets d'entr\u00e9e CoatCheck","og_description":"14 rouleaux avec 600 tickets d'entr\u00e9e sans bande de contr\u00f4le \u2713 Pour les imprimantes de tickets CoatCheck \u2713 Livraison gratuite \u2713 Command\u00e9 avant 20:30 = livr\u00e9 demain","og_url":"https:\/\/vestiaire.be\/fr\/produit\/cheques-rouleaux-billets-dentree-economie-sans-bande-de-controle-14-x-600-tickets-4-couleurs\/","og_site_name":"Vestiaire.be","article_modified_time":"2026-05-06T19:35:33+00:00","og_image":[{"width":1200,"height":1200,"url":"https:\/\/vestiaire.be\/wp-content\/uploads\/2019\/11\/products-gard-20191107-00084.jpg","type":"image\/jpeg"}],"twitter_card":"summary_large_image","schema":{"@context":"https:\/\/schema.org","@graph":[{"@type":"WebPage","@id":"https:\/\/vestiaire.be\/fr\/produit\/cheques-rouleaux-billets-dentree-economie-sans-bande-de-controle-14-x-600-tickets-4-couleurs\/","url":"https:\/\/vestiaire.be\/fr\/produit\/cheques-rouleaux-billets-dentree-economie-sans-bande-de-controle-14-x-600-tickets-4-couleurs\/","name":"Acheter des rouleaux de tickets d'entr\u00e9e CoatCheck","isPartOf":{"@id":"https:\/\/vestiaire.be\/#website"},"primaryImageOfPage":{"@id":"https:\/\/vestiaire.be\/fr\/produit\/cheques-rouleaux-billets-dentree-economie-sans-bande-de-controle-14-x-600-tickets-4-couleurs\/#primaryimage"},"image":{"@id":"https:\/\/vestiaire.be\/fr\/produit\/cheques-rouleaux-billets-dentree-economie-sans-bande-de-controle-14-x-600-tickets-4-couleurs\/#primaryimage"},"thumbnailUrl":"https:\/\/vestiaire.be\/wp-content\/uploads\/2025\/07\/products-gard-20191107-00084.jpg","datePublished":"2019-11-13T16:07:42+00:00","dateModified":"2026-05-06T19:35:33+00:00","description":"14 rouleaux avec 600 tickets d'entr\u00e9e sans bande de contr\u00f4le \u2713 Pour les imprimantes de tickets CoatCheck \u2713 Livraison gratuite \u2713 Command\u00e9 avant 20:30 = livr\u00e9 demain","breadcrumb":{"@id":"https:\/\/vestiaire.be\/fr\/produit\/cheques-rouleaux-billets-dentree-economie-sans-bande-de-controle-14-x-600-tickets-4-couleurs\/#breadcrumb"},"inLanguage":"fr-FR","potentialAction":[{"@type":"ReadAction","target":["https:\/\/vestiaire.be\/fr\/produit\/cheques-rouleaux-billets-dentree-economie-sans-bande-de-controle-14-x-600-tickets-4-couleurs\/"]}]},{"@type":"ImageObject","inLanguage":"fr-FR","@id":"https:\/\/vestiaire.be\/fr\/produit\/cheques-rouleaux-billets-dentree-economie-sans-bande-de-controle-14-x-600-tickets-4-couleurs\/#primaryimage","url":"https:\/\/vestiaire.be\/wp-content\/uploads\/2025\/07\/products-gard-20191107-00084.jpg","contentUrl":"https:\/\/vestiaire.be\/wp-content\/uploads\/2025\/07\/products-gard-20191107-00084.jpg","width":1200,"height":1200},{"@type":"BreadcrumbList","@id":"https:\/\/vestiaire.be\/fr\/produit\/cheques-rouleaux-billets-dentree-economie-sans-bande-de-controle-14-x-600-tickets-4-couleurs\/#breadcrumb","itemListElement":[{"@type":"ListItem","position":1,"name":"Home","item":"https:\/\/vestiaire.be\/fr\/"},{"@type":"ListItem","position":2,"name":"Boutique","item":"https:\/\/vestiaire.be\/winkel\/"},{"@type":"ListItem","position":3,"name":"Rouleau de contr\u00f4le, tickets d&#8217;entr\u00e9e &#8216;economy&#8217; sans bande de contr\u00f4le, 14 x 600 tickets, 4 couleurs"}]},{"@type":"WebSite","@id":"https:\/\/vestiaire.be\/#website","url":"https:\/\/vestiaire.be\/","name":"Vestiaire.be","description":"Slimme vestiaire &amp; entree oplossingen","potentialAction":[{"@type":"SearchAction","target":{"@type":"EntryPoint","urlTemplate":"https:\/\/vestiaire.be\/?s={search_term_string}"},"query-input":{"@type":"PropertyValueSpecification","valueRequired":true,"valueName":"search_term_string"}}],"inLanguage":"fr-FR"}]}},"_links":{"self":[{"href":"https:\/\/vestiaire.be\/fr\/wp-json\/wp\/v2\/product\/6247","targetHints":{"allow":["GET"]}}],"collection":[{"href":"https:\/\/vestiaire.be\/fr\/wp-json\/wp\/v2\/product"}],"about":[{"href":"https:\/\/vestiaire.be\/fr\/wp-json\/wp\/v2\/types\/product"}],"replies":[{"embeddable":true,"href":"https:\/\/vestiaire.be\/fr\/wp-json\/wp\/v2\/comments?post=6247"}],"wp:featuredmedia":[{"embeddable":true,"href":"https:\/\/vestiaire.be\/fr\/wp-json\/wp\/v2\/media\/3207787"}],"wp:attachment":[{"href":"https:\/\/vestiaire.be\/fr\/wp-json\/wp\/v2\/media?parent=6247"}],"wp:term":[{"taxonomy":"product_brand","embeddable":true,"href":"https:\/\/vestiaire.be\/fr\/wp-json\/wp\/v2\/product_brand?post=6247"},{"taxonomy":"product_cat","embeddable":true,"href":"https:\/\/vestiaire.be\/fr\/wp-json\/wp\/v2\/product_cat?post=6247"},{"taxonomy":"product_tag","embeddable":true,"href":"https:\/\/vestiaire.be\/fr\/wp-json\/wp\/v2\/product_tag?post=6247"}],"curies":[{"name":"wp","href":"https:\/\/api.w.org\/{rel}","templated":true}]}}