{"id":3207979,"date":"2025-08-04T13:05:51","date_gmt":"2025-08-04T13:05:51","guid":{"rendered":"https:\/\/vestiaire.be\/?post_type=product&#038;p=3207979"},"modified":"2026-05-07T03:34:24","modified_gmt":"2026-05-07T03:34:24","slug":"1000-numeros-de-garde-robe-pre-imprimes-vert-fluo","status":"publish","type":"product","link":"https:\/\/vestiaire.be\/fr\/produit\/1000-numeros-de-garde-robe-pre-imprimes-vert-fluo\/","title":{"rendered":"1000 num\u00e9ros de garde-robe pr\u00e9-imprim\u00e9s, vert fluo"},"content":{"rendered":"<p>Tickets de garde-robe en papier, num\u00e9rot\u00e9s de 1 \u00e0 1000, VERT FLUO.<\/p>\n","protected":false},"excerpt":{"rendered":"<p>Tickets de garde-robe en papier, num\u00e9rot\u00e9s de 1 \u00e0 1000,  [&#8230;]<\/p>\n","protected":false},"featured_media":3207992,"comment_status":"open","ping_status":"closed","template":"","meta":{"_acf_changed":false},"product_brand":[],"product_cat":[805,850],"product_tag":[],"class_list":{"0":"post-3207979","1":"product","2":"type-product","3":"status-publish","4":"has-post-thumbnail","6":"product_cat-nombre-de-vestiaires","7":"product_cat-papieren-nummers-2-fr","8":"pa_aantal-in-verpakking-1-fr","9":"pa_aantal-tickets-per-rol-of-bl-500-3-fr","10":"pa_breedte-product-cm-17-fr","11":"pa_grootboekrekening-rlz-8026-fr","12":"pa_grootte-van-gat-mm-breedte-x-18-x-10-fr","13":"pa_hoogte-product-cm-3-3-fr","14":"pa_lengte-product-cm-33-fr","15":"pa_materiaal-papier-thermique","16":"pa_nummer-breedte-cm-7-8","17":"pa_nummer-hoogte-cm-0-01-fr","18":"pa_nummer-lengte-cm-7-5-3-fr","19":"pa_printer-type-sans-objet","20":"pa_product-gewicht-g-920-fr","21":"pa_totaal-tickets-in-doos-1000-3-fr","22":"pa_verpakking-breedte-cm-802","23":"pa_verpakking-hoogte-cm-3-fr","24":"pa_verpakking-lengte-cm-33-fr","25":"pa_verpakking-type-boite","27":"first","28":"instock","29":"taxable","30":"shipping-taxable","31":"purchasable","32":"product-type-simple"},"acf":[],"yoast_head":"<!-- This site is optimized with the Yoast SEO plugin v27.1.1 - https:\/\/yoast.com\/product\/yoast-seo-wordpress\/ -->\n<title>Purchase pink cloakroom tickets | No. 1 - 1000<\/title>\n<meta name=\"description\" content=\"Pre-printed ready-to-use wardrobe numbers on paper \u2713 1 half for the hanger, 1 half for the customer \u2713 Free shipping \u2713 Ordered before 8:30 PM = delivered tomorrow\" \/>\n<meta name=\"robots\" content=\"index, follow, max-snippet:-1, max-image-preview:large, max-video-preview:-1\" \/>\n<link rel=\"canonical\" href=\"https:\/\/vestiaire.be\/fr\/produit\/1000-numeros-de-garde-robe-pre-imprimes-vert-fluo\/\" \/>\n<meta property=\"og:locale\" content=\"fr_FR\" \/>\n<meta property=\"og:type\" content=\"article\" \/>\n<meta property=\"og:title\" content=\"Purchase pink cloakroom tickets | No. 1 - 1000\" \/>\n<meta property=\"og:description\" content=\"Pre-printed ready-to-use wardrobe numbers on paper \u2713 1 half for the hanger, 1 half for the customer \u2713 Free shipping \u2713 Ordered before 8:30 PM = delivered tomorrow\" \/>\n<meta property=\"og:url\" content=\"https:\/\/vestiaire.be\/fr\/produit\/1000-numeros-de-garde-robe-pre-imprimes-vert-fluo\/\" \/>\n<meta property=\"og:site_name\" content=\"Vestiaire.be\" \/>\n<meta property=\"article:modified_time\" content=\"2026-05-07T03:34:24+00:00\" \/>\n<meta property=\"og:image\" content=\"https:\/\/vestiaire.be\/wp-content\/uploads\/2025\/08\/Garderobe45864-copy.jpg\" \/>\n\t<meta property=\"og:image:width\" content=\"1500\" \/>\n\t<meta property=\"og:image:height\" content=\"1500\" \/>\n\t<meta property=\"og:image:type\" content=\"image\/jpeg\" \/>\n<meta name=\"twitter:card\" content=\"summary_large_image\" \/>\n<meta name=\"twitter:label1\" content=\"Dur\u00e9e de lecture estim\u00e9e\" \/>\n\t<meta name=\"twitter:data1\" content=\"2 minutes\" \/>\n<script type=\"application\/ld+json\" class=\"yoast-schema-graph\">{\"@context\":\"https:\/\/schema.org\",\"@graph\":[{\"@type\":\"WebPage\",\"@id\":\"https:\/\/vestiaire.be\/fr\/produit\/1000-numeros-de-garde-robe-pre-imprimes-vert-fluo\/\",\"url\":\"https:\/\/vestiaire.be\/fr\/produit\/1000-numeros-de-garde-robe-pre-imprimes-vert-fluo\/\",\"name\":\"Purchase pink cloakroom tickets | No. 1 - 1000\",\"isPartOf\":{\"@id\":\"https:\/\/vestiaire.be\/#website\"},\"primaryImageOfPage\":{\"@id\":\"https:\/\/vestiaire.be\/fr\/produit\/1000-numeros-de-garde-robe-pre-imprimes-vert-fluo\/#primaryimage\"},\"image\":{\"@id\":\"https:\/\/vestiaire.be\/fr\/produit\/1000-numeros-de-garde-robe-pre-imprimes-vert-fluo\/#primaryimage\"},\"thumbnailUrl\":\"https:\/\/vestiaire.be\/wp-content\/uploads\/2025\/08\/Garderobe45864-copy.jpg\",\"datePublished\":\"2025-08-04T13:05:51+00:00\",\"dateModified\":\"2026-05-07T03:34:24+00:00\",\"description\":\"Pre-printed ready-to-use wardrobe numbers on paper \u2713 1 half for the hanger, 1 half for the customer \u2713 Free shipping \u2713 Ordered before 8:30 PM = delivered tomorrow\",\"breadcrumb\":{\"@id\":\"https:\/\/vestiaire.be\/fr\/produit\/1000-numeros-de-garde-robe-pre-imprimes-vert-fluo\/#breadcrumb\"},\"inLanguage\":\"fr-FR\",\"potentialAction\":[{\"@type\":\"ReadAction\",\"target\":[\"https:\/\/vestiaire.be\/fr\/produit\/1000-numeros-de-garde-robe-pre-imprimes-vert-fluo\/\"]}]},{\"@type\":\"ImageObject\",\"inLanguage\":\"fr-FR\",\"@id\":\"https:\/\/vestiaire.be\/fr\/produit\/1000-numeros-de-garde-robe-pre-imprimes-vert-fluo\/#primaryimage\",\"url\":\"https:\/\/vestiaire.be\/wp-content\/uploads\/2025\/08\/Garderobe45864-copy.jpg\",\"contentUrl\":\"https:\/\/vestiaire.be\/wp-content\/uploads\/2025\/08\/Garderobe45864-copy.jpg\",\"width\":1500,\"height\":1500},{\"@type\":\"BreadcrumbList\",\"@id\":\"https:\/\/vestiaire.be\/fr\/produit\/1000-numeros-de-garde-robe-pre-imprimes-vert-fluo\/#breadcrumb\",\"itemListElement\":[{\"@type\":\"ListItem\",\"position\":1,\"name\":\"Home\",\"item\":\"https:\/\/vestiaire.be\/fr\/\"},{\"@type\":\"ListItem\",\"position\":2,\"name\":\"Boutique\",\"item\":\"https:\/\/vestiaire.be\/winkel\/\"},{\"@type\":\"ListItem\",\"position\":3,\"name\":\"1000 num\u00e9ros de garde-robe pr\u00e9-imprim\u00e9s, vert fluo\"}]},{\"@type\":\"WebSite\",\"@id\":\"https:\/\/vestiaire.be\/#website\",\"url\":\"https:\/\/vestiaire.be\/\",\"name\":\"Vestiaire.be\",\"description\":\"Slimme vestiaire &amp; entree oplossingen\",\"potentialAction\":[{\"@type\":\"SearchAction\",\"target\":{\"@type\":\"EntryPoint\",\"urlTemplate\":\"https:\/\/vestiaire.be\/?s={search_term_string}\"},\"query-input\":{\"@type\":\"PropertyValueSpecification\",\"valueRequired\":true,\"valueName\":\"search_term_string\"}}],\"inLanguage\":\"fr-FR\"}]}<\/script>\n<!-- \/ Yoast SEO plugin. -->","yoast_head_json":{"title":"Purchase pink cloakroom tickets | No. 1 - 1000","description":"Pre-printed ready-to-use wardrobe numbers on paper \u2713 1 half for the hanger, 1 half for the customer \u2713 Free shipping \u2713 Ordered before 8:30 PM = delivered tomorrow","robots":{"index":"index","follow":"follow","max-snippet":"max-snippet:-1","max-image-preview":"max-image-preview:large","max-video-preview":"max-video-preview:-1"},"canonical":"https:\/\/vestiaire.be\/fr\/produit\/1000-numeros-de-garde-robe-pre-imprimes-vert-fluo\/","og_locale":"fr_FR","og_type":"article","og_title":"Purchase pink cloakroom tickets | No. 1 - 1000","og_description":"Pre-printed ready-to-use wardrobe numbers on paper \u2713 1 half for the hanger, 1 half for the customer \u2713 Free shipping \u2713 Ordered before 8:30 PM = delivered tomorrow","og_url":"https:\/\/vestiaire.be\/fr\/produit\/1000-numeros-de-garde-robe-pre-imprimes-vert-fluo\/","og_site_name":"Vestiaire.be","article_modified_time":"2026-05-07T03:34:24+00:00","og_image":[{"width":1500,"height":1500,"url":"https:\/\/vestiaire.be\/wp-content\/uploads\/2025\/08\/Garderobe45864-copy.jpg","type":"image\/jpeg"}],"twitter_card":"summary_large_image","twitter_misc":{"Dur\u00e9e de lecture estim\u00e9e":"2 minutes"},"schema":{"@context":"https:\/\/schema.org","@graph":[{"@type":"WebPage","@id":"https:\/\/vestiaire.be\/fr\/produit\/1000-numeros-de-garde-robe-pre-imprimes-vert-fluo\/","url":"https:\/\/vestiaire.be\/fr\/produit\/1000-numeros-de-garde-robe-pre-imprimes-vert-fluo\/","name":"Purchase pink cloakroom tickets | No. 1 - 1000","isPartOf":{"@id":"https:\/\/vestiaire.be\/#website"},"primaryImageOfPage":{"@id":"https:\/\/vestiaire.be\/fr\/produit\/1000-numeros-de-garde-robe-pre-imprimes-vert-fluo\/#primaryimage"},"image":{"@id":"https:\/\/vestiaire.be\/fr\/produit\/1000-numeros-de-garde-robe-pre-imprimes-vert-fluo\/#primaryimage"},"thumbnailUrl":"https:\/\/vestiaire.be\/wp-content\/uploads\/2025\/08\/Garderobe45864-copy.jpg","datePublished":"2025-08-04T13:05:51+00:00","dateModified":"2026-05-07T03:34:24+00:00","description":"Pre-printed ready-to-use wardrobe numbers on paper \u2713 1 half for the hanger, 1 half for the customer \u2713 Free shipping \u2713 Ordered before 8:30 PM = delivered tomorrow","breadcrumb":{"@id":"https:\/\/vestiaire.be\/fr\/produit\/1000-numeros-de-garde-robe-pre-imprimes-vert-fluo\/#breadcrumb"},"inLanguage":"fr-FR","potentialAction":[{"@type":"ReadAction","target":["https:\/\/vestiaire.be\/fr\/produit\/1000-numeros-de-garde-robe-pre-imprimes-vert-fluo\/"]}]},{"@type":"ImageObject","inLanguage":"fr-FR","@id":"https:\/\/vestiaire.be\/fr\/produit\/1000-numeros-de-garde-robe-pre-imprimes-vert-fluo\/#primaryimage","url":"https:\/\/vestiaire.be\/wp-content\/uploads\/2025\/08\/Garderobe45864-copy.jpg","contentUrl":"https:\/\/vestiaire.be\/wp-content\/uploads\/2025\/08\/Garderobe45864-copy.jpg","width":1500,"height":1500},{"@type":"BreadcrumbList","@id":"https:\/\/vestiaire.be\/fr\/produit\/1000-numeros-de-garde-robe-pre-imprimes-vert-fluo\/#breadcrumb","itemListElement":[{"@type":"ListItem","position":1,"name":"Home","item":"https:\/\/vestiaire.be\/fr\/"},{"@type":"ListItem","position":2,"name":"Boutique","item":"https:\/\/vestiaire.be\/winkel\/"},{"@type":"ListItem","position":3,"name":"1000 num\u00e9ros de garde-robe pr\u00e9-imprim\u00e9s, vert fluo"}]},{"@type":"WebSite","@id":"https:\/\/vestiaire.be\/#website","url":"https:\/\/vestiaire.be\/","name":"Vestiaire.be","description":"Slimme vestiaire &amp; entree oplossingen","potentialAction":[{"@type":"SearchAction","target":{"@type":"EntryPoint","urlTemplate":"https:\/\/vestiaire.be\/?s={search_term_string}"},"query-input":{"@type":"PropertyValueSpecification","valueRequired":true,"valueName":"search_term_string"}}],"inLanguage":"fr-FR"}]}},"_links":{"self":[{"href":"https:\/\/vestiaire.be\/fr\/wp-json\/wp\/v2\/product\/3207979","targetHints":{"allow":["GET"]}}],"collection":[{"href":"https:\/\/vestiaire.be\/fr\/wp-json\/wp\/v2\/product"}],"about":[{"href":"https:\/\/vestiaire.be\/fr\/wp-json\/wp\/v2\/types\/product"}],"replies":[{"embeddable":true,"href":"https:\/\/vestiaire.be\/fr\/wp-json\/wp\/v2\/comments?post=3207979"}],"wp:featuredmedia":[{"embeddable":true,"href":"https:\/\/vestiaire.be\/fr\/wp-json\/wp\/v2\/media\/3207992"}],"wp:attachment":[{"href":"https:\/\/vestiaire.be\/fr\/wp-json\/wp\/v2\/media?parent=3207979"}],"wp:term":[{"taxonomy":"product_brand","embeddable":true,"href":"https:\/\/vestiaire.be\/fr\/wp-json\/wp\/v2\/product_brand?post=3207979"},{"taxonomy":"product_cat","embeddable":true,"href":"https:\/\/vestiaire.be\/fr\/wp-json\/wp\/v2\/product_cat?post=3207979"},{"taxonomy":"product_tag","embeddable":true,"href":"https:\/\/vestiaire.be\/fr\/wp-json\/wp\/v2\/product_tag?post=3207979"}],"curies":[{"name":"wp","href":"https:\/\/api.w.org\/{rel}","templated":true}]}}