{"id":6152,"date":"2018-09-25T12:24:38","date_gmt":"2018-09-25T12:24:38","guid":{"rendered":"https:\/\/vestiaire.be\/nl-helpdesk\/"},"modified":"2024-04-26T12:02:12","modified_gmt":"2024-04-26T12:02:12","slug":"nl-helpdesk","status":"publish","type":"page","link":"https:\/\/vestiaire.be\/fr\/nl-helpdesk\/","title":{"rendered":"nl helpdesk"},"content":{"rendered":"<p><div class=\"fusion-fullwidth fullwidth-box fusion-builder-row-1 fusion-flex-container has-pattern-background has-mask-background nonhundred-percent-fullwidth non-hundred-percent-height-scrolling\" style=\"--awb-border-radius-top-left:0px;--awb-border-radius-top-right:0px;--awb-border-radius-bottom-right:0px;--awb-border-radius-bottom-left:0px;--awb-padding-right:20px;--awb-padding-left:20px;--awb-flex-wrap:wrap;\" ><div class=\"fusion-builder-row fusion-row fusion-flex-align-items-flex-start fusion-flex-content-wrap\" style=\"max-width:1200px;margin-left: calc(-0% \/ 2 );margin-right: calc(-0% \/ 2 );\"><div class=\"fusion-layout-column fusion_builder_column fusion-builder-column-0 fusion_builder_column_3_4 3_4 fusion-flex-column\" style=\"--awb-bg-size:cover;--awb-width-large:75%;--awb-margin-top-large:0px;--awb-spacing-right-large:0%;--awb-margin-bottom-large:0px;--awb-spacing-left-large:0%;--awb-width-medium:75%;--awb-spacing-right-medium:0%;--awb-spacing-left-medium:0%;--awb-width-small:100%;--awb-spacing-right-small:0%;--awb-spacing-left-small:0%;\"><div class=\"fusion-column-wrapper fusion-flex-justify-content-flex-start fusion-content-layout-column\"><div class=\"fusion-title title fusion-title-1 fusion-sep-none fusion-title-text fusion-title-size-one\"><h1 class=\"fusion-title-heading title-heading-left\" style=\"margin:0;\"><h1>Frais d\u2019exp\u00e9dition et livraison<\/h1><\/h1><\/div><div class=\"fusion-text fusion-text-1\"><ul>\n<li>L\u2019exp\u00e9dition normale aux Pays-Bas et en Belgique est <strong>gratuite<\/strong>.<\/li>\n<li>Le service express de nuit est disponible moyennant un suppl\u00e9ment, le tarif d\u00e9pendant de la destination. Lors de votre commande dans la boutique en ligne, cette option vous sera propos\u00e9e si elle est disponible.<\/li>\n<li>Votre commande sera trait\u00e9e le jour m\u00eame (du lundi au vendredi).<\/li>\n<li>Command\u00e9 au plus tard \u00e0 20 h 30, exp\u00e9di\u00e9 le jour m\u00eame (dans tout le pays).<\/li>\n<li>Command\u00e9 au plus tard \u00e0 13h45, exp\u00e9di\u00e9 le jour m\u00eame (international).<\/li>\n<li>Nous utilisons PostNL, DPD et UPS pour nos envois.<\/li>\n<li>Il se peut que vous receviez plusieurs envois (partiels), par exemple si vous commandez des casiers de vestiaire en combinaison avec des tickets papier pr\u00e9imprim\u00e9s.<\/li>\n<li>Nos commandes sont exp\u00e9di\u00e9es \u00e0 partir de notre d\u00e9p\u00f4t Misi \/ Garderobe, Spectrumlaan 31, 2665 NM Bleiswijk.<\/li>\n<\/ul>\n<\/div><\/div><\/div><\/div><\/div>\n<div class=\"fusion-fullwidth fullwidth-box fusion-builder-row-2 fusion-flex-container has-pattern-background has-mask-background nonhundred-percent-fullwidth non-hundred-percent-height-scrolling\" style=\"--awb-border-radius-top-left:0px;--awb-border-radius-top-right:0px;--awb-border-radius-bottom-right:0px;--awb-border-radius-bottom-left:0px;--awb-padding-right:20px;--awb-padding-left:20px;--awb-flex-wrap:wrap;\" ><div class=\"fusion-builder-row fusion-row fusion-flex-align-items-flex-start fusion-flex-justify-content-center fusion-flex-content-wrap\" style=\"max-width:1200px;margin-left: calc(-0% \/ 2 );margin-right: calc(-0% \/ 2 );\"><div class=\"fusion-layout-column fusion_builder_column fusion-builder-column-1 fusion_builder_column_1_1 1_1 fusion-flex-column\" style=\"--awb-bg-size:cover;--awb-width-large:100%;--awb-margin-top-large:0px;--awb-spacing-right-large:0%;--awb-margin-bottom-large:0px;--awb-spacing-left-large:0%;--awb-width-medium:100%;--awb-order-medium:0;--awb-spacing-right-medium:0%;--awb-spacing-left-medium:0%;--awb-width-small:100%;--awb-order-small:0;--awb-spacing-right-small:0%;--awb-spacing-left-small:0%;\"><div class=\"fusion-column-wrapper fusion-column-has-shadow fusion-flex-justify-content-flex-start fusion-content-layout-column\"><div class=\"fusion-title title fusion-title-2 fusion-sep-none fusion-title-text fusion-title-size-one\"><h1 class=\"fusion-title-heading title-heading-left\" style=\"margin:0;\"><h1>Service d&rsquo;assistance en ligne<\/h1><\/h1><\/div><div class=\"fusion-text fusion-text-2\"><p>Vous trouverez ici des manuels d&rsquo;utilisation, des logiciels \u00e0 t\u00e9l\u00e9charger et des solutions de d\u00e9pannage. Votre question ne figure pas dans cette liste ? Envoyez-nous un courriel \u00e0 info@vestiaire.be ou contactez-nous par t\u00e9l\u00e9phone au 070 346 8634.<\/p>\n<table border=\"1\">\n<tbody>\n<tr>\n<td>\n<h3 style=\"padding-left: 30px;\">Mod\u00e8le d&rsquo;imprimante<\/h3>\n<\/td>\n<td style=\"padding-left: 30px;\">\n<h3>T\u00e9l\u00e9chargements et questions fr\u00e9quemment pos\u00e9es<\/h3>\n<\/td>\n<\/tr>\n<tr>\n<td style=\"padding-left: 30px;\"><strong>Ch\u00e8que-cadeau +<\/strong><\/p>\n<p style=\"text-align: left;\"><img decoding=\"async\" title=\"Ch\u00e8que-cadeau +\" src=\"https:\/\/vestiaire.be\/wp-content\/uploads\/2019\/11\/cmspages-GARD+.jpg\" alt=\"Ch\u00e8que-cadeau +\" width=\"150\" height=\"150\"><\/p>\n<\/td>\n<td>\n<p style=\"text-align: left; padding-left: 30px;\"><strong><br \/>\n  <a href=\"https:\/\/vestiaire.be\/wp-content\/uploads\/2019\/11\/cmspages-Coatcheck_plus_Manual.pdf\" target=\"_blank\" rel=\"noopener\">T\u00e9l\u00e9chargez le manuel d&rsquo;instruction (PDF)<\/a><br \/>\n  <a href=\"https:\/\/vestiaire.be\/wp-content\/uploads\/2023\/02\/cmspages-Coatcheck_plus_Manual.pdf\"><\/p>\n<p>  <\/a><br \/>\n<\/strong><strong><br \/>\n  <a href=\"https:\/\/www.youtube.com\/channel\/UCFDoHxYtrewbM4tep7TDcNg\" target=\"_blank\" rel=\"noopener\">Regardez la vid\u00e9o d&rsquo;instruction<\/a><br \/>\n<\/strong><strong><br \/>\n  <a href=\"https:\/\/www.cloakroom.shop\/media\/files\/Coatcheck_OneFive_Setup_ver_4_5.zip\"><\/p>\n<p>  <\/a><br \/>\n<\/strong><strong><br \/>\n  <a href=\"https:\/\/www.vestiaire.be\/media\/downloads\/CoatCheck_One_Five_Sample_logos.zip\">T\u00e9l\u00e9chargez des exemples de logos<\/a><br \/>\n<\/strong><\/p>\n<p style=\"padding-left: 30px;\">\n<\/td>\n<\/tr>\n<tr>\n<td style=\"padding-left: 30px;\"><strong>Ch\u00e8que-cadeau +<\/strong><\/p>\n<p style=\"text-align: left;\"><img decoding=\"async\" title=\"Ch\u00e8que-cadeau +\" src=\"https:\/\/vestiaire.be\/wp-content\/uploads\/2019\/11\/cmspages-GARD+.jpg\" alt=\"Ch\u00e8que-cadeau +\" width=\"150\" height=\"150\"><\/p>\n<\/td>\n<td>\n<div id=\"faq_id_154\" class=\"label question_event\">\n<div class=\"bbg\" style=\"padding-left: 30px;\"><strong>L&rsquo;imprimante n&rsquo;imprime pas ?<\/strong><\/div>\n<div class=\"bbg\" style=\"padding-left: 30px;\">Chargez le papier avec le c\u00f4t\u00e9 droit (thermique) vers le haut et pliez la t\u00eate d&rsquo;impression.<\/div>\n<\/div>\n<div class=\"bbg\" style=\"padding-left: 30px;\">\n<p><strong>Je n&rsquo;arrive pas \u00e0 acc\u00e9der au<\/strong> menu de <strong>configuration<\/strong>.<br \/>\nIl faut toujours commencer par produire un Z-Strook. Les r\u00e9glages peuvent ensuite \u00eatre ajust\u00e9s.<\/p>\n<p><strong>L&rsquo;imprimante ne se connecte pas au logiciel ?<\/strong><br \/>\nAssurez-vous que le WiFi est d\u00e9sactiv\u00e9 et donnez \u00e0 l&rsquo;imprimante l&rsquo;autorisation de contourner votre pare-feu (cliquez sur \u00ab\u00a0oui\u00a0\u00bb au d\u00e9marrage). Connectez l&rsquo;imprimante directement \u00e0 l&rsquo;ordinateur ou via un concentrateur de r\u00e9seau tel qu&rsquo;un routeur.<\/p>\n<\/div>\n<p style=\"padding-left: 30px;\"><strong> <\/strong><\/p>\n<p style=\"padding-left: 60px;\">\n<\/td>\n<\/tr>\n<tr>\n<td style=\"padding-left: 30px;\"><strong>Ch\u00e9quier OneFive<\/strong><\/p>\n<p style=\"text-align: left;\"><img decoding=\"async\" title=\"Ch\u00e9quier OneFive\" src=\"https:\/\/vestiaire.be\/wp-content\/uploads\/2019\/09\/cmspages-OneFive.jpg\" alt=\"Ch\u00e9quier OneFive\" width=\"150\" height=\"150\"><\/p>\n<\/td>\n<td>\n<p style=\"text-align: left; padding-left: 30px;\"><strong><br \/>\n  <a href=\"https:\/\/vestiaire.be\/wp-content\/uploads\/2018\/11\/cmspages-CoatCheck_OneFive_Manual_122015.pdf\" target=\"_blank\" rel=\"noopener\">T\u00e9l\u00e9chargez le manuel d&rsquo;instruction (PDF)<\/a><br \/>\n  <a href=\"https:\/\/vestiaire.be\/wp-content\/uploads\/2023\/02\/cmspages-CoatCheck_OneFive_Manual_122015.pdf\"><\/p>\n<p>  <\/a><br \/>\n<\/strong><strong><br \/>\n  <a href=\"https:\/\/www.youtube.com\/watch?v=lfbVRzTneXM\">Regardez la vid\u00e9o d&rsquo;instruction<\/a><br \/>\n<\/strong><strong><br \/>\n  <a href=\"https:\/\/www.cloakroom.shop\/media\/files\/Coatcheck_OneFive_Setup_ver_4_5.zip\"><\/p>\n<p>  <\/a><br \/>\n<\/strong><strong><br \/>\n  <a href=\"https:\/\/www.vestiaire.be\/media\/downloads\/CoatCheck_One_Five_Sample_logos.zip%20\">T\u00e9l\u00e9chargez des exemples de logos<\/a><br \/>\n<\/strong><\/p>\n<p style=\"padding-left: 30px;\">\n<\/td>\n<\/tr>\n<tr>\n<td style=\"padding-left: 30px;\"><strong>Vestiaire OneFive<\/strong><\/p>\n<p style=\"text-align: left;\"><img decoding=\"async\" title=\"Vestiaire OneFive\" src=\"https:\/\/vestiaire.be\/wp-content\/uploads\/2019\/09\/cmspages-OneFive.jpg\" alt=\"Vestiaire OneFive\" width=\"150\" height=\"150\"><\/p>\n<\/td>\n<td>\n<div id=\"faq_id_154\" class=\"label question_event\">\n<div class=\"bbg\" style=\"padding-left: 30px;\"><strong>L&rsquo;imprimante n&rsquo;imprime pas ?<\/strong><\/div>\n<div class=\"bbg\" style=\"padding-left: 30px;\">Chargez le papier avec le c\u00f4t\u00e9 droit (thermique) vers le haut et pliez la t\u00eate d&rsquo;impression.<\/div>\n<\/div>\n<div class=\"bbg\" style=\"padding-left: 30px;\">\n<p><strong>Je n&rsquo;arrive pas \u00e0 acc\u00e9der au<\/strong> menu de <strong>configuration<\/strong>.<br \/>\nIl faut toujours commencer par produire un Z-Strook. Les r\u00e9glages peuvent ensuite \u00eatre ajust\u00e9s.<\/p>\n<p><strong>L&rsquo;imprimante ne se connecte pas au logiciel ?<\/strong><br \/>\nAssurez-vous que le WiFi est d\u00e9sactiv\u00e9 et donnez \u00e0 l&rsquo;imprimante l&rsquo;autorisation de contourner votre pare-feu (cliquez sur \u00ab\u00a0oui\u00a0\u00bb au d\u00e9marrage). Connectez l&rsquo;imprimante directement \u00e0 l&rsquo;ordinateur ou via un concentrateur de r\u00e9seau tel qu&rsquo;un routeur.<\/p>\n<\/div>\n<p style=\"padding-left: 30px;\"><strong> <\/strong><\/p>\n<p style=\"padding-left: 60px;\">\n<\/td>\n<\/tr>\n<tr>\n<td style=\"padding-left: 30px;\"><strong>Coatcheck Orange<\/strong><\/p>\n<p style=\"text-align: left;\"><img decoding=\"async\" src=\"https:\/\/vestiaire.be\/wp-content\/uploads\/2019\/09\/cmspages-Orange.jpg\" width=\"150\" height=\"150\"><\/p>\n<\/td>\n<td>\n<p style=\"padding-left: 30px;\"><strong><br \/>\n  <a href=\"https:\/\/vestiaire.be\/wp-content\/uploads\/2018\/11\/cmspages-CoatCheck_Orange_Manual_UK.pdf\">T\u00e9l\u00e9charger le manuel de l&rsquo;utilisateur<br \/>\n<\/a><br \/>\n<\/strong><strong><br \/>\n  <a href=\"https:\/\/www.vestiaire.be\/media\/downloads\/Active_Cable_Driver_Setup.zip\">T\u00e9l\u00e9charger le logiciel d&rsquo;installation c\u00e2ble USB actif<br \/>\n<\/a><br \/>\n<\/strong><strong><br \/>\n  <a href=\"https:\/\/www.vestiaire.be\/media\/downloads\/CoatCheck_205.zip\">T\u00e9l\u00e9chargement du logiciel Windows pour le CoatCheck Orange<br \/>\n<\/a><br \/>\n<\/strong><strong><br \/>\n  <a href=\"https:\/\/www.vestiaire.be\/media\/downloads\/CoatCheck_205_Extra_na_aug._2012.zip%20\">T\u00e9l\u00e9chargement du logiciel Windows pour CoatCheck Orange XTRA (apr\u00e8s ao\u00fbt 2012)<\/a><br \/>\n<\/strong><\/p>\n<p style=\"padding-left: 30px;\">\n<\/td>\n<\/tr>\n<tr>\n<td style=\"padding-left: 30px;\"><strong>Coatcheck Orange<\/strong><img decoding=\"async\" src=\"https:\/\/vestiaire.be\/wp-content\/uploads\/2019\/09\/cmspages-Orange.jpg\" width=\"150\" height=\"150\"><\/td>\n<td>\n<p style=\"padding-left: 30px;\"><strong>L&rsquo;imprimante n&rsquo;imprime pas ?<br \/>\n<\/strong>Chargez le papier avec le c\u00f4t\u00e9 droit (thermique) vers le haut et pliez la t\u00eate d&rsquo;impression.<\/p>\n<p style=\"padding-left: 30px;\"><strong>Je n&rsquo;arrive pas \u00e0 acc\u00e9der au menu Setup<\/strong><br \/>\nIl faut toujours commencer par produire un Z-Strook. Ce n&rsquo;est qu&rsquo;ensuite que les r\u00e9glages peuvent \u00eatre ajust\u00e9s.<\/p>\n<p style=\"padding-left: 30px;\"><strong>L&rsquo;imprimante ne se connecte pas au logiciel ?<br \/>\n<\/strong>Installez d&rsquo;abord le c\u00e2ble USB actif, puis le logiciel PC. Il ne fonctionne que sur les PC fonctionnant sous Windows.<br \/>\nCommencez toujours par ex\u00e9cuter un rapport Z (totaux). Lancez ensuite le logiciel alors que l&rsquo;imprimante est connect\u00e9e via le c\u00e2ble USB actif, mais qu&rsquo;elle est \u00e9teinte.<br \/>\nCliquez ensuite sur Connecter dans le logiciel. Ce n&rsquo;est qu&rsquo;\u00e0 ce moment-l\u00e0 que vous mettez l&rsquo;imprimante sous tension. Si n\u00e9cessaire, le c\u00e2ble USB actif peut \u00eatre retir\u00e9 et r\u00e9ins\u00e9r\u00e9 une fois.<\/p>\n<\/td>\n<\/tr>\n<tr>\n<td>\n<p style=\"padding-left: 30px;\"><strong>Blackbox One<\/strong><img decoding=\"async\" src=\"https:\/\/vestiaire.be\/wp-content\/uploads\/2019\/09\/cmspages-BlackBoxOne.jpg\" width=\"150\" height=\"150\"><\/p>\n<p style=\"padding-left: 30px;\"><strong>Bo\u00eete noire cinq<\/strong><img decoding=\"async\" src=\"https:\/\/vestiaire.be\/wp-content\/uploads\/2019\/09\/cmspages-BlackBoxFive.jpg\" width=\"150\" height=\"150\"><\/p>\n<\/td>\n<td>\n<p style=\"padding-left: 30px;\"><strong>T\u00e9l\u00e9chargez le manuel de la BlackBox<br \/>\n<\/strong>Vous y trouverez toutes les instructions pour le branchement, l&rsquo;impression des tickets et des bandes totales et, selon le mod\u00e8le, le r\u00e9glage de la date et de l&rsquo;heure.<\/p>\n<div id=\"faq_id_136\" class=\"label question_event\">\n<p style=\"padding-left: 30px;\">\n<\/div>\n<div class=\"answer\">\n<div class=\"content-wrapper\" style=\"padding-left: 30px;\"><strong><a href=\"https:\/\/vestiaire.be\/wp-content\/uploads\/2018\/11\/cmspages-Blackbox_ONE_Manual.pdf\" target=\"_blank\" rel=\"noopener\">BlackBox One (imprimante a <strong><strong><strong>\u00e9<\/strong><\/strong><\/strong><\/a><strong><br \/>\n  <strong><a href=\"https:\/\/vestiaire.be\/wp-content\/uploads\/2018\/11\/cmspages-Blackbox_ONE_Manual.pdf\" target=\"_blank\" rel=\"noopener\">un bouton lumineux)<\/a> <\/strong><br \/>\n<\/strong> <\/strong><br \/>\n<strong><a href=\"https:\/\/vestiaire.be\/wp-content\/uploads\/2018\/11\/cmspages-Blackbox_m2_(blue)_Manual.pdf\" target=\"_blank\" rel=\"noopener\">BlackBox Five M2 (imprimante \u00e0 cinq boutons bleus)<\/a><\/strong><\/div>\n<div class=\"content-wrapper\" style=\"padding-left: 30px;\"><strong><a href=\"https:\/\/vestiaire.be\/wp-content\/uploads\/2018\/11\/cmspages-Blackbox_m1_(red)_Manual.pdf\" target=\"_blank\" rel=\"noopener\">BlackBox Five M1 (imprimante \u00e0 cinq boutons rouges)<\/a><\/strong><\/div>\n<div class=\"content-wrapper\" style=\"padding-left: 30px;\"><strong> <\/strong><\/div>\n<div class=\"content-wrapper\" style=\"padding-left: 30px;\"><\/div>\n<\/div>\n<\/td>\n<\/tr>\n<tr>\n<td>\n<p style=\"padding-left: 30px;\"><strong>Blackbox One<\/strong><img decoding=\"async\" src=\"https:\/\/vestiaire.be\/wp-content\/uploads\/2019\/09\/cmspages-BlackBoxOne.jpg\" width=\"150\" height=\"150\"><\/p>\n<p style=\"padding-left: 30px;\"><strong>Bo\u00eete noire cinq<\/strong><img decoding=\"async\" src=\"https:\/\/vestiaire.be\/wp-content\/uploads\/2019\/09\/cmspages-BlackBoxFive.jpg\" width=\"150\" height=\"150\"><\/p>\n<\/td>\n<td>\n<p style=\"padding-left: 30px;\"><strong>Pas de texte sur la carte ?<br \/>\n<\/strong>Le papier thermique ne s&rsquo;imprime que sur une face. Assurez-vous que les cartes sont introduites avec la face color\u00e9e vers le haut.<\/p>\n<p style=\"padding-left: 30px;\"><strong>Impression floue sur une partie du billet ?<br \/>\n<\/strong>La t\u00eate d&rsquo;impression doit \u00eatre nettoy\u00e9e. Passez en revue un certain nombre de tickets pour voir s&rsquo;il y a une am\u00e9lioration. Si ce n&rsquo;est pas le cas, appelez-nous pour obtenir des conseils sur le nettoyage de la t\u00eate. Si n\u00e9cessaire, nettoyez la t\u00eate d&rsquo;impression avec un coton-tige contenant de l&rsquo;alcool.<strong><br \/>\n<\/strong><\/p>\n<div id=\"faq_id_137\" class=\"label question_event\">\n<p style=\"padding-left: 30px;\"><strong>L&rsquo;imprimante s&rsquo;arr\u00eate \u00e0 mi-parcours ?<br \/>\n<\/strong>D\u00e9branchez-le et rebranchez-le apr\u00e8s 20 secondes, l&rsquo;imprimante red\u00e9marre.<\/p>\n<p style=\"padding-left: 30px;\"><strong>R\u00e9initialiser l&rsquo;imprimante<br \/>\n<\/strong>D\u00e9branchez l&rsquo;imprimante et rebranchez-la apr\u00e8s 20 secondes, l&rsquo;imprimante red\u00e9marre.<\/p>\n<p style=\"padding-left: 30px;\">Une <strong>question ou un probl\u00e8me ne figure pas dans cette liste ?<br \/>\n<\/strong>Pour une assistance t\u00e9l\u00e9phonique rapide, appelez le 070 346 8634 ou envoyez un courriel \u00e0 <a href=\"mailto:info@vestiaire.be\">info@vestiaire.be<\/a>.<\/p>\n<p style=\"padding-left: 30px;\">\n<\/div>\n<\/td>\n<\/tr>\n<tr>\n<td style=\"padding-left: 30px;\"><strong>Q-Robe &amp;  <\/strong><\/p>\n<p><strong>Q-Entry<\/strong><img decoding=\"async\" src=\"https:\/\/vestiaire.be\/wp-content\/uploads\/2019\/09\/cmspages-Qrobe.jpg\" width=\"150\" height=\"150\"><\/td>\n<td>\n<div id=\"faq_id_119\" class=\"label question_event\">\n<p style=\"padding-left: 30px;\"><span style=\"color: #f8b300;\"><strong>T\u00e9l\u00e9chargez les instructions pour l&rsquo;utilisation quotidienne<\/strong><\/span><\/p>\n<p style=\"padding-left: 30px;\"><span style=\"color: #f8b300;\"><span style=\"color: #000000;\"><strong>T\u00e9l\u00e9chargements de logiciels :<\/strong><\/span><\/span><\/p>\n<p style=\"padding-left: 30px;\"><span style=\"color: #f8b300;\"><strong><span style=\"color: #f8b300;\"><a href=\"https:\/\/vestiaire.be\/media\/Q-WinServer-Ticketeditor.zip\">Serveur Q-Win et \u00e9diteur Q-Ticket  <\/a><br \/>\n<\/span><\/strong><\/span><strong style=\"color: #f8b300;\"><span style=\"color: #f8b300;\"><a title=\"\" href=\"https:\/\/www.vestiaire.be\/dynamic\/media\/1\/files\/Q-Software\/PCQentry.zip\">PCQ-Entry (DOS)<br \/>\n<\/a><\/span><\/strong><strong style=\"color: #f8b300;\"><span style=\"color: #f8b300;\"><a href=\"https:\/\/vestiaire.be\/media\/Qmaster.zip\">Qmaster.zip<br \/>\n<\/a><\/span><\/strong><a href=\"https:\/\/vestiaire.be\/media\/USB_Serial.zip\"><strong style=\"color: #f8b300;\"><span style=\"color: #f8b300;\">Logiciel d&rsquo;installation du convertisseur USB-S\u00e9rie<\/span> <\/strong><\/a><\/p>\n<\/div>\n<div class=\"label question_event\">\n<p style=\"padding-left: 30px;\">\n<\/div>\n<div class=\"label question_event\">\n<p style=\"padding-left: 30px;\">\n<\/div>\n<\/td>\n<\/tr>\n<\/tbody>\n<\/table>\n<\/div><\/div><\/div><\/div><\/div><\/p>\n","protected":false},"excerpt":{"rendered":"<p>nl helpdesk<\/p>\n","protected":false},"author":1,"featured_media":0,"parent":0,"menu_order":0,"comment_status":"open","ping_status":"open","template":"100-width.php","meta":{"_acf_changed":false,"footnotes":""},"class_list":["post-6152","page","type-page","status-publish","hentry"],"acf":[],"yoast_head":"<!-- This site is optimized with the Yoast SEO plugin v27.1.1 - https:\/\/yoast.com\/product\/yoast-seo-wordpress\/ -->\n<title>R\u00e9ponses \u00e0 toutes les questions concernant votre imprimante de tickets<\/title>\n<meta name=\"description\" content=\"R\u00e9ponses \u00e0 toutes les questions concernant votre imprimante de tickets \u2713 Manuels d&#039;utilisation, t\u00e9l\u00e9chargements et d\u00e9pannage \u2713 Service d&#039;assistance complet \u2713 Garderobe.fr\" \/>\n<meta name=\"robots\" content=\"index, follow, max-snippet:-1, max-image-preview:large, max-video-preview:-1\" \/>\n<link rel=\"canonical\" href=\"https:\/\/vestiaire.be\/nl-helpdesk\/\" \/>\n<meta property=\"og:locale\" content=\"fr_FR\" \/>\n<meta property=\"og:type\" content=\"article\" \/>\n<meta property=\"og:title\" content=\"R\u00e9ponses \u00e0 toutes les questions concernant votre imprimante de tickets\" \/>\n<meta property=\"og:description\" content=\"R\u00e9ponses \u00e0 toutes les questions concernant votre imprimante de tickets \u2713 Manuels d&#039;utilisation, t\u00e9l\u00e9chargements et d\u00e9pannage \u2713 Service d&#039;assistance complet \u2713 Garderobe.fr\" \/>\n<meta property=\"og:url\" content=\"https:\/\/vestiaire.be\/nl-helpdesk\/\" \/>\n<meta property=\"og:site_name\" content=\"Vestiaire.be\" \/>\n<meta property=\"article:modified_time\" content=\"2024-04-26T12:02:12+00:00\" \/>\n<meta property=\"og:image\" content=\"https:\/\/vestiaire.be\/wp-content\/uploads\/2019\/11\/cmspages-GARD+.jpg\" \/>\n<meta name=\"twitter:card\" content=\"summary_large_image\" \/>\n<meta name=\"twitter:label1\" content=\"Dur\u00e9e de lecture estim\u00e9e\" \/>\n\t<meta name=\"twitter:data1\" content=\"9 minutes\" \/>\n<script type=\"application\/ld+json\" class=\"yoast-schema-graph\">{\"@context\":\"https:\/\/schema.org\",\"@graph\":[{\"@type\":\"WebPage\",\"@id\":\"https:\/\/vestiaire.be\/nl-helpdesk\/\",\"url\":\"https:\/\/vestiaire.be\/nl-helpdesk\/\",\"name\":\"R\u00e9ponses \u00e0 toutes les questions concernant votre imprimante de tickets\",\"isPartOf\":{\"@id\":\"https:\/\/vestiaire.be\/#website\"},\"primaryImageOfPage\":{\"@id\":\"https:\/\/vestiaire.be\/nl-helpdesk\/#primaryimage\"},\"image\":{\"@id\":\"https:\/\/vestiaire.be\/nl-helpdesk\/#primaryimage\"},\"thumbnailUrl\":\"https:\/\/vestiaire.be\/wp-content\/uploads\/2019\/11\/cmspages-GARD+.jpg\",\"datePublished\":\"2018-09-25T12:24:38+00:00\",\"dateModified\":\"2024-04-26T12:02:12+00:00\",\"description\":\"R\u00e9ponses \u00e0 toutes les questions concernant votre imprimante de tickets \u2713 Manuels d'utilisation, t\u00e9l\u00e9chargements et d\u00e9pannage \u2713 Service d'assistance complet \u2713 Garderobe.fr\",\"breadcrumb\":{\"@id\":\"https:\/\/vestiaire.be\/nl-helpdesk\/#breadcrumb\"},\"inLanguage\":\"fr-FR\",\"potentialAction\":[{\"@type\":\"ReadAction\",\"target\":[\"https:\/\/vestiaire.be\/nl-helpdesk\/\"]}]},{\"@type\":\"ImageObject\",\"inLanguage\":\"fr-FR\",\"@id\":\"https:\/\/vestiaire.be\/nl-helpdesk\/#primaryimage\",\"url\":\"https:\/\/vestiaire.be\/wp-content\/uploads\/2019\/11\/cmspages-GARD+.jpg\",\"contentUrl\":\"https:\/\/vestiaire.be\/wp-content\/uploads\/2019\/11\/cmspages-GARD+.jpg\"},{\"@type\":\"BreadcrumbList\",\"@id\":\"https:\/\/vestiaire.be\/nl-helpdesk\/#breadcrumb\",\"itemListElement\":[{\"@type\":\"ListItem\",\"position\":1,\"name\":\"Home\",\"item\":\"https:\/\/vestiaire.be\/fr\/\"},{\"@type\":\"ListItem\",\"position\":2,\"name\":\"nl helpdesk\"}]},{\"@type\":\"WebSite\",\"@id\":\"https:\/\/vestiaire.be\/#website\",\"url\":\"https:\/\/vestiaire.be\/\",\"name\":\"Vestiaire.be\",\"description\":\"Slimme vestiaire &amp; entree oplossingen\",\"potentialAction\":[{\"@type\":\"SearchAction\",\"target\":{\"@type\":\"EntryPoint\",\"urlTemplate\":\"https:\/\/vestiaire.be\/?s={search_term_string}\"},\"query-input\":{\"@type\":\"PropertyValueSpecification\",\"valueRequired\":true,\"valueName\":\"search_term_string\"}}],\"inLanguage\":\"fr-FR\"}]}<\/script>\n<!-- \/ Yoast SEO plugin. -->","yoast_head_json":{"title":"R\u00e9ponses \u00e0 toutes les questions concernant votre imprimante de tickets","description":"R\u00e9ponses \u00e0 toutes les questions concernant votre imprimante de tickets \u2713 Manuels d'utilisation, t\u00e9l\u00e9chargements et d\u00e9pannage \u2713 Service d'assistance complet \u2713 Garderobe.fr","robots":{"index":"index","follow":"follow","max-snippet":"max-snippet:-1","max-image-preview":"max-image-preview:large","max-video-preview":"max-video-preview:-1"},"canonical":"https:\/\/vestiaire.be\/nl-helpdesk\/","og_locale":"fr_FR","og_type":"article","og_title":"R\u00e9ponses \u00e0 toutes les questions concernant votre imprimante de tickets","og_description":"R\u00e9ponses \u00e0 toutes les questions concernant votre imprimante de tickets \u2713 Manuels d'utilisation, t\u00e9l\u00e9chargements et d\u00e9pannage \u2713 Service d'assistance complet \u2713 Garderobe.fr","og_url":"https:\/\/vestiaire.be\/nl-helpdesk\/","og_site_name":"Vestiaire.be","article_modified_time":"2024-04-26T12:02:12+00:00","og_image":[{"url":"https:\/\/vestiaire.be\/wp-content\/uploads\/2019\/11\/cmspages-GARD+.jpg","type":"","width":"","height":""}],"twitter_card":"summary_large_image","twitter_misc":{"Dur\u00e9e de lecture estim\u00e9e":"9 minutes"},"schema":{"@context":"https:\/\/schema.org","@graph":[{"@type":"WebPage","@id":"https:\/\/vestiaire.be\/nl-helpdesk\/","url":"https:\/\/vestiaire.be\/nl-helpdesk\/","name":"R\u00e9ponses \u00e0 toutes les questions concernant votre imprimante de tickets","isPartOf":{"@id":"https:\/\/vestiaire.be\/#website"},"primaryImageOfPage":{"@id":"https:\/\/vestiaire.be\/nl-helpdesk\/#primaryimage"},"image":{"@id":"https:\/\/vestiaire.be\/nl-helpdesk\/#primaryimage"},"thumbnailUrl":"https:\/\/vestiaire.be\/wp-content\/uploads\/2019\/11\/cmspages-GARD+.jpg","datePublished":"2018-09-25T12:24:38+00:00","dateModified":"2024-04-26T12:02:12+00:00","description":"R\u00e9ponses \u00e0 toutes les questions concernant votre imprimante de tickets \u2713 Manuels d'utilisation, t\u00e9l\u00e9chargements et d\u00e9pannage \u2713 Service d'assistance complet \u2713 Garderobe.fr","breadcrumb":{"@id":"https:\/\/vestiaire.be\/nl-helpdesk\/#breadcrumb"},"inLanguage":"fr-FR","potentialAction":[{"@type":"ReadAction","target":["https:\/\/vestiaire.be\/nl-helpdesk\/"]}]},{"@type":"ImageObject","inLanguage":"fr-FR","@id":"https:\/\/vestiaire.be\/nl-helpdesk\/#primaryimage","url":"https:\/\/vestiaire.be\/wp-content\/uploads\/2019\/11\/cmspages-GARD+.jpg","contentUrl":"https:\/\/vestiaire.be\/wp-content\/uploads\/2019\/11\/cmspages-GARD+.jpg"},{"@type":"BreadcrumbList","@id":"https:\/\/vestiaire.be\/nl-helpdesk\/#breadcrumb","itemListElement":[{"@type":"ListItem","position":1,"name":"Home","item":"https:\/\/vestiaire.be\/fr\/"},{"@type":"ListItem","position":2,"name":"nl helpdesk"}]},{"@type":"WebSite","@id":"https:\/\/vestiaire.be\/#website","url":"https:\/\/vestiaire.be\/","name":"Vestiaire.be","description":"Slimme vestiaire &amp; entree oplossingen","potentialAction":[{"@type":"SearchAction","target":{"@type":"EntryPoint","urlTemplate":"https:\/\/vestiaire.be\/?s={search_term_string}"},"query-input":{"@type":"PropertyValueSpecification","valueRequired":true,"valueName":"search_term_string"}}],"inLanguage":"fr-FR"}]}},"_links":{"self":[{"href":"https:\/\/vestiaire.be\/fr\/wp-json\/wp\/v2\/pages\/6152","targetHints":{"allow":["GET"]}}],"collection":[{"href":"https:\/\/vestiaire.be\/fr\/wp-json\/wp\/v2\/pages"}],"about":[{"href":"https:\/\/vestiaire.be\/fr\/wp-json\/wp\/v2\/types\/page"}],"author":[{"embeddable":true,"href":"https:\/\/vestiaire.be\/fr\/wp-json\/wp\/v2\/users\/1"}],"replies":[{"embeddable":true,"href":"https:\/\/vestiaire.be\/fr\/wp-json\/wp\/v2\/comments?post=6152"}],"version-history":[{"count":4,"href":"https:\/\/vestiaire.be\/fr\/wp-json\/wp\/v2\/pages\/6152\/revisions"}],"predecessor-version":[{"id":6413,"href":"https:\/\/vestiaire.be\/fr\/wp-json\/wp\/v2\/pages\/6152\/revisions\/6413"}],"wp:attachment":[{"href":"https:\/\/vestiaire.be\/fr\/wp-json\/wp\/v2\/media?parent=6152"}],"curies":[{"name":"wp","href":"https:\/\/api.w.org\/{rel}","templated":true}]}}