{"id":6149,"date":"2018-10-10T11:10:09","date_gmt":"2018-10-10T11:10:09","guid":{"rendered":"https:\/\/vestiaire.be\/politique-de-confidentialite\/"},"modified":"2024-04-26T09:33:58","modified_gmt":"2024-04-26T09:33:58","slug":"politique-de-confidentialite","status":"publish","type":"page","link":"https:\/\/vestiaire.be\/fr\/politique-de-confidentialite\/","title":{"rendered":"Politique de confidentialit\u00e9"},"content":{"rendered":"<p><div class=\"fusion-fullwidth fullwidth-box fusion-builder-row-1 fusion-flex-container has-pattern-background has-mask-background nonhundred-percent-fullwidth non-hundred-percent-height-scrolling\" style=\"--awb-border-radius-top-left:0px;--awb-border-radius-top-right:0px;--awb-border-radius-bottom-right:0px;--awb-border-radius-bottom-left:0px;--awb-padding-right:20px;--awb-padding-left:20px;--awb-flex-wrap:wrap;\" ><div class=\"fusion-builder-row fusion-row fusion-flex-align-items-flex-start fusion-flex-content-wrap\" style=\"max-width:1200px;margin-left: calc(-0% \/ 2 );margin-right: calc(-0% \/ 2 );\"><div class=\"fusion-layout-column fusion_builder_column fusion-builder-column-0 fusion_builder_column_3_4 3_4 fusion-flex-column\" style=\"--awb-bg-size:cover;--awb-width-large:75%;--awb-margin-top-large:0px;--awb-spacing-right-large:0%;--awb-margin-bottom-large:0px;--awb-spacing-left-large:0%;--awb-width-medium:75%;--awb-spacing-right-medium:0%;--awb-spacing-left-medium:0%;--awb-width-small:100%;--awb-spacing-right-small:0%;--awb-spacing-left-small:0%;\"><div class=\"fusion-column-wrapper fusion-flex-justify-content-flex-start fusion-content-layout-column\"><div class=\"fusion-title title fusion-title-1 fusion-sep-none fusion-title-text fusion-title-size-one\"><h1 class=\"fusion-title-heading title-heading-left\" style=\"margin:0;\"><h1>Frais d\u2019exp\u00e9dition et livraison<\/h1><\/h1><\/div><div class=\"fusion-text fusion-text-1\"><ul>\n<li>L\u2019exp\u00e9dition normale aux Pays-Bas et en Belgique est <strong>gratuite<\/strong>.<\/li>\n<li>Le service express de nuit est disponible moyennant un suppl\u00e9ment, le tarif d\u00e9pendant de la destination. Lors de votre commande dans la boutique en ligne, cette option vous sera propos\u00e9e si elle est disponible.<\/li>\n<li>Votre commande sera trait\u00e9e le jour m\u00eame (du lundi au vendredi).<\/li>\n<li>Command\u00e9 au plus tard \u00e0 20 h 30, exp\u00e9di\u00e9 le jour m\u00eame (dans tout le pays).<\/li>\n<li>Command\u00e9 au plus tard \u00e0 13h45, exp\u00e9di\u00e9 le jour m\u00eame (international).<\/li>\n<li>Nous utilisons PostNL, DPD et UPS pour nos envois.<\/li>\n<li>Il se peut que vous receviez plusieurs envois (partiels), par exemple si vous commandez des casiers de vestiaire en combinaison avec des tickets papier pr\u00e9imprim\u00e9s.<\/li>\n<li>Nos commandes sont exp\u00e9di\u00e9es \u00e0 partir de notre d\u00e9p\u00f4t Misi \/ Garderobe, Spectrumlaan 31, 2665 NM Bleiswijk.<\/li>\n<\/ul>\n<\/div><\/div><\/div><\/div><\/div>\n<div class=\"fusion-fullwidth fullwidth-box fusion-builder-row-2 fusion-flex-container has-pattern-background has-mask-background nonhundred-percent-fullwidth non-hundred-percent-height-scrolling\" style=\"--awb-border-radius-top-left:0px;--awb-border-radius-top-right:0px;--awb-border-radius-bottom-right:0px;--awb-border-radius-bottom-left:0px;--awb-padding-right:20px;--awb-padding-left:20px;--awb-flex-wrap:wrap;\" ><div class=\"fusion-builder-row fusion-row fusion-flex-align-items-flex-start fusion-flex-content-wrap\" style=\"max-width:1200px;margin-left: calc(-0% \/ 2 );margin-right: calc(-0% \/ 2 );\"><div class=\"fusion-layout-column fusion_builder_column fusion-builder-column-1 fusion_builder_column_3_4 3_4 fusion-flex-column\" style=\"--awb-bg-size:cover;--awb-width-large:75%;--awb-margin-top-large:0px;--awb-spacing-right-large:0%;--awb-margin-bottom-large:0px;--awb-spacing-left-large:0%;--awb-width-medium:75%;--awb-spacing-right-medium:0%;--awb-spacing-left-medium:0%;--awb-width-small:100%;--awb-spacing-right-small:0%;--awb-spacing-left-small:0%;\"><div class=\"fusion-column-wrapper fusion-flex-justify-content-flex-start fusion-content-layout-column\"><div class=\"fusion-title title fusion-title-2 fusion-sep-none fusion-title-text fusion-title-size-one\"><h1 class=\"fusion-title-heading title-heading-left\" style=\"margin:0;\"><h1>Politique de confidentialit\u00e9<\/h1><\/h1><\/div><div class=\"fusion-text fusion-text-2\"><p><strong>Quelles sont les informations personnelles que nous recueillons aupr\u00e8s des personnes qui visitent le site Garderobe.co.uk ?<\/strong><\/p>\n<p>Lors d&rsquo;une commande ou d&rsquo;un enregistrement sur notre site, selon le cas, il peut vous \u00eatre demand\u00e9 de saisir votre nom, votre adresse \u00e9lectronique, votre adresse postale, votre num\u00e9ro de t\u00e9l\u00e9phone ou d&rsquo;autres d\u00e9tails pour vous aider dans votre exp\u00e9rience.<\/p>\n<p><strong>Quand recueillons-nous des informations ?<\/strong><\/p>\n<p>Nous recueillons des informations aupr\u00e8s de vous lorsque vous vous inscrivez sur notre site, passez une commande, vous abonnez \u00e0 un bulletin d&rsquo;information ou saisissez des informations sur notre site.<\/p>\n<p><strong>Comment utilisons-nous vos informations ?<\/strong><\/p>\n<p>Nous pouvons utiliser les informations que nous recueillons aupr\u00e8s de vous lorsque vous vous inscrivez, effectuez un achat, vous inscrivez \u00e0 notre bulletin d&rsquo;information, r\u00e9pondez \u00e0 une enqu\u00eate ou \u00e0 une communication marketing, naviguez sur le site web ou utilisez certaines autres fonctions du site de la mani\u00e8re suivante :<\/p>\n<ul>\n<li>Am\u00e9liorer notre site web afin de mieux vous servir.<\/li>\n<li>Pour nous permettre de mieux vous servir en r\u00e9pondant \u00e0 vos demandes de service \u00e0 la client\u00e8le.<\/li>\n<li>Pour traiter rapidement vos transactions.<\/li>\n<li>Pour envoyer des courriels p\u00e9riodiques concernant votre commande ou d&rsquo;autres produits et services.<\/li>\n<li>Assurer un suivi apr\u00e8s une correspondance (chat en direct, e-mail ou questions par t\u00e9l\u00e9phone).<\/li>\n<li>Pour afficher des publicit\u00e9s qui correspondent \u00e0 vos centres d&rsquo;int\u00e9r\u00eat<\/li>\n<\/ul>\n<p><strong>Comment prot\u00e9geons-nous vos informations ?<\/strong><\/p>\n<p>Notre site web est r\u00e9guli\u00e8rement analys\u00e9 pour d\u00e9tecter les failles de s\u00e9curit\u00e9 et les vuln\u00e9rabilit\u00e9s connues afin de rendre votre visite sur notre site aussi s\u00fbre que possible. Nous proc\u00e9dons r\u00e9guli\u00e8rement \u00e0 des analyses de logiciels malveillants. Vos informations personnelles sont contenues dans des r\u00e9seaux s\u00e9curis\u00e9s et ne sont accessibles qu&rsquo;\u00e0 un nombre limit\u00e9 de personnes disposant de droits d&rsquo;acc\u00e8s sp\u00e9ciaux \u00e0 ces syst\u00e8mes et tenues de pr\u00e9server la confidentialit\u00e9 de ces informations. En outre, toutes les informations sensibles\/de cr\u00e9dit que vous fournissez sont crypt\u00e9es via la technologie Secure Socket Layer (SSL). Toutes les transactions sont trait\u00e9es par l&rsquo;interm\u00e9diaire d&rsquo;un fournisseur de passerelle et ne sont pas stock\u00e9es ou trait\u00e9es sur nos serveurs.<\/p>\n<h3>Cookies<\/h3>\n<p>Garderobe.co.uk utilise des cookies. Les cookies sont de petits fichiers qu&rsquo;un site ou son fournisseur de services transf\u00e8re sur le disque dur de votre ordinateur par l&rsquo;interm\u00e9diaire de votre navigateur Web (si vous l&rsquo;autorisez), ce qui permet aux syst\u00e8mes du site ou du fournisseur de services de reconna\u00eetre votre navigateur et de capturer et m\u00e9moriser certaines informations. Par exemple, nous utilisons des cookies pour nous aider \u00e0 m\u00e9moriser et \u00e0 traiter les articles de votre panier d&rsquo;achat. Elles sont \u00e9galement utilis\u00e9es pour nous aider \u00e0 comprendre vos pr\u00e9f\u00e9rences en fonction de vos activit\u00e9s pass\u00e9es ou pr\u00e9sentes sur le site, ce qui nous permet de vous fournir des services am\u00e9lior\u00e9s. Nous utilisons \u00e9galement des cookies pour nous aider \u00e0 compiler des donn\u00e9es globales sur le trafic et l&rsquo;interaction sur le site afin de pouvoir offrir de meilleures exp\u00e9riences et de meilleurs outils \u00e0 l&rsquo;avenir.<\/p>\n<p><strong>Nous utilisons des cookies pour :<\/strong><\/p>\n<ul>\n<li>Aidez \u00e0 m\u00e9moriser et \u00e0 traiter les articles du panier d&rsquo;achat.<\/li>\n<li>Comprendre et enregistrer les pr\u00e9f\u00e9rences de l&rsquo;utilisateur pour les visites ult\u00e9rieures.<\/li>\n<li>Gardez une trace des publicit\u00e9s.<\/li>\n<li>Compiler des donn\u00e9es globales sur le trafic et les interactions sur le site afin d&rsquo;offrir de meilleures exp\u00e9riences et de meilleurs outils \u00e0 l&rsquo;avenir. Nous pouvons \u00e9galement faire appel \u00e0 des services tiers de confiance qui tracent ces informations en notre nom.<\/li>\n<\/ul>\n<p>Vous pouvez choisir de d\u00e9sactiver les cookies par le biais des param\u00e8tres de votre navigateur. Chaque navigateur \u00e9tant l\u00e9g\u00e8rement diff\u00e9rent, consultez le menu d&rsquo;aide de votre navigateur pour savoir comment modifier vos cookies. Si vous d\u00e9sactivez les cookies, certaines fonctionnalit\u00e9s du site seront d\u00e9sactiv\u00e9es.<\/p>\n<p><b>Divulgation aux tiers<\/b><\/p>\n<p>Nous ne transmettons pas \u00e0 des tiers vos informations personnelles identifiables. Cela n&rsquo;inclut pas les partenaires d&rsquo;h\u00e9bergement du site web et les autres parties qui nous aident \u00e0 exploiter notre site web, \u00e0 mener nos activit\u00e9s ou \u00e0 servir nos utilisateurs, pour autant que ces parties acceptent de garder ces informations confidentielles. Toutefois, des informations non personnellement identifiables sur les visiteurs peuvent \u00eatre fournies \u00e0 d&rsquo;autres parties \u00e0 des fins de marketing, de publicit\u00e9 ou autres.<\/p>\n<p><b>Tiers<\/b><\/p>\n<p>Nous, ainsi que des fournisseurs tiers tels que Google, utilisons des cookies de premi\u00e8re partie (tels que les cookies Google Analytics) et des cookies de tierce partie (tels que le cookie DoubleClick) ou d&rsquo;autres identificateurs de tierce partie pour compiler des donn\u00e9es concernant les interactions des utilisateurs avec les impressions publicitaires et d&rsquo;autres fonctions de service publicitaire en rapport avec notre site web.<\/p>\n<p><b>Google<\/b><\/p>\n<p>Garderobe.co.uk utilise Google Analytics pour analyser la mani\u00e8re dont les visiteurs trouvent et utilisent notre boutique en ligne. Ces informations nous permettent d&rsquo;am\u00e9liorer notre site web. Nous utilisons \u00e9galement la plate-forme DoubleClick de Google. Gr\u00e2ce \u00e0 cet outil, nous pouvons afficher des publicit\u00e9s qui correspondent aux int\u00e9r\u00eats du visiteur. Pour plus d&rsquo;informations, consultez \u00e9galement la <a title=\"Politique de confidentialit\u00e9 de Google\" href=\"https:\/\/policies.google.com\/technologies\/partner-sites?hl=english\" target=\"_blank\" rel=\"noopener\">politique de confidentialit\u00e9 de Google<\/a>.<\/p>\n<p><b>Le droit de retrait :<\/b><\/p>\n<p>Les utilisateurs peuvent d\u00e9finir leurs pr\u00e9f\u00e9rences en mati\u00e8re de publicit\u00e9 Google en utilisant la <a title=\"Google Adsetting\" href=\"https:\/\/adssettings.google.com\/anonymous?hl=en&amp;sig=ACi0TCgTnTfe2Nmr8-hJH210BXlwnqqvn9V0qqQyjI1qOBlY8F5TRtv08v6f9sj2LlUCCjESKnmPhE-jQhU1UeRxxyK4DENujZdIg7PVkzYJog6r2ZpRcJc\" target=\"_blank\" rel=\"noopener\">page Param\u00e8tres des annonces Google<\/a>. Vous pouvez \u00e9galement d\u00e9sactiver cette option en visitant la page de d\u00e9sactivation de la Network Advertising Initiative ou en utilisant le module compl\u00e9mentaire de d\u00e9sactivation de Google Analytics dans le navigateur.<\/p>\n<p>Vous serez inform\u00e9 de toute modification de la politique de protection de la vie priv\u00e9e sur notre page de politique de protection de la vie priv\u00e9e. Vous pouvez modifier vos informations en nous envoyant un courrier \u00e9lectronique ou en vous connectant \u00e0 votre compte.<\/p>\n<p>Nous recueillons votre adresse \u00e9lectronique afin de :<\/p>\n<ul>\n<li>Envoyer des informations, r\u00e9pondre \u00e0 des demandes de renseignements et\/ou \u00e0 d&rsquo;autres demandes ou questions.<\/li>\n<li>Traiter les commandes et envoyer des informations et des mises \u00e0 jour concernant les commandes.<\/li>\n<li>vous envoyer des informations suppl\u00e9mentaires concernant votre produit et\/ou service<\/li>\n<li>faire de la publicit\u00e9 pour notre liste de diffusion ou continuer \u00e0 envoyer des courriels \u00e0 nos clients apr\u00e8s la transaction initiale.<\/li>\n<\/ul>\n<p><b>Lettre d&rsquo;information \u00e9lectronique<\/b><\/p>\n<p>Si, \u00e0 tout moment, vous souhaitez ne plus recevoir de bulletins d&rsquo;information, vous pouvez utiliser le lien de d\u00e9sinscription figurant au bas de chaque courriel. Pour envoyer nos lettres d&rsquo;information, nous utilisons la plateforme de messagerie Mailchimp. Pour plus d&rsquo;informations, consultez la <a title=\"Politique de confidentialit\u00e9 Mailchimp\" href=\"https:\/\/mailchimp.com\/legal\/privacy\/?_ga=2.142196471.437993694.1527582538-1857544518.1526290210\" target=\"_blank\" rel=\"noopener\">politique de confidentialit\u00e9 de Mailchimp<\/a>.<\/p>\n<p><b>Nous contacter<\/b><\/p>\n<p>Si vous avez des questions concernant cette politique de confidentialit\u00e9, vous pouvez nous contacter en utilisant les informations ci-dessous.<\/p>\n<p>www.vestiaire.be, Leisure Management Solutions B.V.<\/p>\n<p>Terweeweg 114 Oegstgeest, 2341 CW Pays-Bas<\/p>\n<p>info@vestiaire.be, +31 70 3650101<\/p>\n<h2><em><br \/>\n<\/em>Cookies<\/h2>\n<p><script id=\"CookieDeclaration\" src=\"https:\/\/consent.cookiebot.com\/d70f1cb3-4406-49fe-8177-47779974fc6f\/cd.js\" async=\"\" type=\"text\/javascript\" xml=\"space\"><\/script><\/p>\n<\/div><\/div><\/div><\/div><\/div><\/p>\n","protected":false},"excerpt":{"rendered":"<p>Politique de confidentialit\u00e9<\/p>\n","protected":false},"author":1,"featured_media":0,"parent":0,"menu_order":0,"comment_status":"open","ping_status":"open","template":"100-width.php","meta":{"_acf_changed":false,"footnotes":""},"class_list":["post-6149","page","type-page","status-publish","hentry"],"acf":[],"yoast_head":"<!-- This site is optimized with the Yoast SEO plugin v27.1.1 - https:\/\/yoast.com\/product\/yoast-seo-wordpress\/ -->\n<title>Politique de confidentialit\u00e9 de Garderobe.co.uk<\/title>\n<meta name=\"robots\" content=\"noindex, follow\" \/>\n<meta property=\"og:locale\" content=\"fr_FR\" \/>\n<meta property=\"og:type\" content=\"article\" \/>\n<meta property=\"og:title\" content=\"Politique de confidentialit\u00e9 de Garderobe.co.uk\" \/>\n<meta property=\"og:description\" content=\"Politique de confidentialit\u00e9\" \/>\n<meta property=\"og:url\" content=\"https:\/\/vestiaire.be\/fr\/politique-de-confidentialite\/\" \/>\n<meta property=\"og:site_name\" content=\"Vestiaire.be\" \/>\n<meta property=\"article:modified_time\" content=\"2024-04-26T09:33:58+00:00\" \/>\n<meta name=\"twitter:card\" content=\"summary_large_image\" \/>\n<meta name=\"twitter:label1\" content=\"Dur\u00e9e de lecture estim\u00e9e\" \/>\n\t<meta name=\"twitter:data1\" content=\"9 minutes\" \/>\n<script type=\"application\/ld+json\" class=\"yoast-schema-graph\">{\"@context\":\"https:\/\/schema.org\",\"@graph\":[{\"@type\":\"WebPage\",\"@id\":\"https:\/\/vestiaire.be\/fr\/politique-de-confidentialite\/\",\"url\":\"https:\/\/vestiaire.be\/fr\/politique-de-confidentialite\/\",\"name\":\"Politique de confidentialit\u00e9 de Garderobe.co.uk\",\"isPartOf\":{\"@id\":\"https:\/\/vestiaire.be\/#website\"},\"datePublished\":\"2018-10-10T11:10:09+00:00\",\"dateModified\":\"2024-04-26T09:33:58+00:00\",\"breadcrumb\":{\"@id\":\"https:\/\/vestiaire.be\/fr\/politique-de-confidentialite\/#breadcrumb\"},\"inLanguage\":\"fr-FR\",\"potentialAction\":[{\"@type\":\"ReadAction\",\"target\":[\"https:\/\/vestiaire.be\/fr\/politique-de-confidentialite\/\"]}]},{\"@type\":\"BreadcrumbList\",\"@id\":\"https:\/\/vestiaire.be\/fr\/politique-de-confidentialite\/#breadcrumb\",\"itemListElement\":[{\"@type\":\"ListItem\",\"position\":1,\"name\":\"Home\",\"item\":\"https:\/\/vestiaire.be\/fr\/\"},{\"@type\":\"ListItem\",\"position\":2,\"name\":\"Politique de confidentialit\u00e9\"}]},{\"@type\":\"WebSite\",\"@id\":\"https:\/\/vestiaire.be\/#website\",\"url\":\"https:\/\/vestiaire.be\/\",\"name\":\"Vestiaire.be\",\"description\":\"Slimme vestiaire &amp; entree oplossingen\",\"potentialAction\":[{\"@type\":\"SearchAction\",\"target\":{\"@type\":\"EntryPoint\",\"urlTemplate\":\"https:\/\/vestiaire.be\/?s={search_term_string}\"},\"query-input\":{\"@type\":\"PropertyValueSpecification\",\"valueRequired\":true,\"valueName\":\"search_term_string\"}}],\"inLanguage\":\"fr-FR\"}]}<\/script>\n<!-- \/ Yoast SEO plugin. -->","yoast_head_json":{"title":"Politique de confidentialit\u00e9 de Garderobe.co.uk","robots":{"index":"noindex","follow":"follow"},"og_locale":"fr_FR","og_type":"article","og_title":"Politique de confidentialit\u00e9 de Garderobe.co.uk","og_description":"Politique de confidentialit\u00e9","og_url":"https:\/\/vestiaire.be\/fr\/politique-de-confidentialite\/","og_site_name":"Vestiaire.be","article_modified_time":"2024-04-26T09:33:58+00:00","twitter_card":"summary_large_image","twitter_misc":{"Dur\u00e9e de lecture estim\u00e9e":"9 minutes"},"schema":{"@context":"https:\/\/schema.org","@graph":[{"@type":"WebPage","@id":"https:\/\/vestiaire.be\/fr\/politique-de-confidentialite\/","url":"https:\/\/vestiaire.be\/fr\/politique-de-confidentialite\/","name":"Politique de confidentialit\u00e9 de Garderobe.co.uk","isPartOf":{"@id":"https:\/\/vestiaire.be\/#website"},"datePublished":"2018-10-10T11:10:09+00:00","dateModified":"2024-04-26T09:33:58+00:00","breadcrumb":{"@id":"https:\/\/vestiaire.be\/fr\/politique-de-confidentialite\/#breadcrumb"},"inLanguage":"fr-FR","potentialAction":[{"@type":"ReadAction","target":["https:\/\/vestiaire.be\/fr\/politique-de-confidentialite\/"]}]},{"@type":"BreadcrumbList","@id":"https:\/\/vestiaire.be\/fr\/politique-de-confidentialite\/#breadcrumb","itemListElement":[{"@type":"ListItem","position":1,"name":"Home","item":"https:\/\/vestiaire.be\/fr\/"},{"@type":"ListItem","position":2,"name":"Politique de confidentialit\u00e9"}]},{"@type":"WebSite","@id":"https:\/\/vestiaire.be\/#website","url":"https:\/\/vestiaire.be\/","name":"Vestiaire.be","description":"Slimme vestiaire &amp; entree oplossingen","potentialAction":[{"@type":"SearchAction","target":{"@type":"EntryPoint","urlTemplate":"https:\/\/vestiaire.be\/?s={search_term_string}"},"query-input":{"@type":"PropertyValueSpecification","valueRequired":true,"valueName":"search_term_string"}}],"inLanguage":"fr-FR"}]}},"_links":{"self":[{"href":"https:\/\/vestiaire.be\/fr\/wp-json\/wp\/v2\/pages\/6149","targetHints":{"allow":["GET"]}}],"collection":[{"href":"https:\/\/vestiaire.be\/fr\/wp-json\/wp\/v2\/pages"}],"about":[{"href":"https:\/\/vestiaire.be\/fr\/wp-json\/wp\/v2\/types\/page"}],"author":[{"embeddable":true,"href":"https:\/\/vestiaire.be\/fr\/wp-json\/wp\/v2\/users\/1"}],"replies":[{"embeddable":true,"href":"https:\/\/vestiaire.be\/fr\/wp-json\/wp\/v2\/comments?post=6149"}],"version-history":[{"count":4,"href":"https:\/\/vestiaire.be\/fr\/wp-json\/wp\/v2\/pages\/6149\/revisions"}],"predecessor-version":[{"id":6154,"href":"https:\/\/vestiaire.be\/fr\/wp-json\/wp\/v2\/pages\/6149\/revisions\/6154"}],"wp:attachment":[{"href":"https:\/\/vestiaire.be\/fr\/wp-json\/wp\/v2\/media?parent=6149"}],"curies":[{"name":"wp","href":"https:\/\/api.w.org\/{rel}","templated":true}]}}