{"id":6129,"date":"2017-03-30T06:25:07","date_gmt":"2017-03-30T06:25:07","guid":{"rendered":"https:\/\/vestiaire.be\/nl-a-propos-de-wardrobe-com\/"},"modified":"2024-04-26T09:30:32","modified_gmt":"2024-04-26T09:30:32","slug":"nl-a-propos-de-wardrobe-com","status":"publish","type":"page","link":"https:\/\/vestiaire.be\/fr\/nl-a-propos-de-wardrobe-com\/","title":{"rendered":"NL &#8211; A propos de wardrobe.com"},"content":{"rendered":"<p><div class=\"fusion-fullwidth fullwidth-box fusion-builder-row-1 fusion-flex-container has-pattern-background has-mask-background nonhundred-percent-fullwidth non-hundred-percent-height-scrolling\" style=\"--awb-border-radius-top-left:0px;--awb-border-radius-top-right:0px;--awb-border-radius-bottom-right:0px;--awb-border-radius-bottom-left:0px;--awb-padding-right:20px;--awb-padding-left:20px;--awb-flex-wrap:wrap;\" ><div class=\"fusion-builder-row fusion-row fusion-flex-align-items-flex-start fusion-flex-content-wrap\" style=\"max-width:1200px;margin-left: calc(-0% \/ 2 );margin-right: calc(-0% \/ 2 );\"><div class=\"fusion-layout-column fusion_builder_column fusion-builder-column-0 fusion_builder_column_3_4 3_4 fusion-flex-column\" style=\"--awb-bg-size:cover;--awb-width-large:75%;--awb-margin-top-large:0px;--awb-spacing-right-large:0%;--awb-margin-bottom-large:0px;--awb-spacing-left-large:0%;--awb-width-medium:75%;--awb-spacing-right-medium:0%;--awb-spacing-left-medium:0%;--awb-width-small:100%;--awb-spacing-right-small:0%;--awb-spacing-left-small:0%;\"><div class=\"fusion-column-wrapper fusion-flex-justify-content-flex-start fusion-content-layout-column\"><div class=\"fusion-title title fusion-title-1 fusion-sep-none fusion-title-text fusion-title-size-one\"><h1 class=\"fusion-title-heading title-heading-left\" style=\"margin:0;\"><h1>Frais d\u2019exp\u00e9dition et livraison<\/h1><\/h1><\/div><div class=\"fusion-text fusion-text-1\"><ul>\n<li>L\u2019exp\u00e9dition normale aux Pays-Bas et en Belgique est <strong>gratuite<\/strong>.<\/li>\n<li>Le service express de nuit est disponible moyennant un suppl\u00e9ment, le tarif d\u00e9pendant de la destination. Lors de votre commande dans la boutique en ligne, cette option vous sera propos\u00e9e si elle est disponible.<\/li>\n<li>Votre commande sera trait\u00e9e le jour m\u00eame (du lundi au vendredi).<\/li>\n<li>Command\u00e9 au plus tard \u00e0 20 h 30, exp\u00e9di\u00e9 le jour m\u00eame (dans tout le pays).<\/li>\n<li>Command\u00e9 au plus tard \u00e0 13h45, exp\u00e9di\u00e9 le jour m\u00eame (international).<\/li>\n<li>Nous utilisons PostNL, DPD et UPS pour nos envois.<\/li>\n<li>Il se peut que vous receviez plusieurs envois (partiels), par exemple si vous commandez des casiers de vestiaire en combinaison avec des tickets papier pr\u00e9imprim\u00e9s.<\/li>\n<li>Nos commandes sont exp\u00e9di\u00e9es \u00e0 partir de notre d\u00e9p\u00f4t Misi \/ Garderobe, Spectrumlaan 31, 2665 NM Bleiswijk.<\/li>\n<\/ul>\n<\/div><\/div><\/div><\/div><\/div>\n<div class=\"fusion-fullwidth fullwidth-box fusion-builder-row-2 fusion-flex-container has-pattern-background has-mask-background nonhundred-percent-fullwidth non-hundred-percent-height-scrolling\" style=\"--awb-border-radius-top-left:0px;--awb-border-radius-top-right:0px;--awb-border-radius-bottom-right:0px;--awb-border-radius-bottom-left:0px;--awb-padding-right:20px;--awb-padding-left:20px;--awb-flex-wrap:wrap;\" ><div class=\"fusion-builder-row fusion-row fusion-flex-align-items-flex-start fusion-flex-content-wrap\" style=\"max-width:1200px;margin-left: calc(-0% \/ 2 );margin-right: calc(-0% \/ 2 );\"><div class=\"fusion-layout-column fusion_builder_column fusion-builder-column-1 fusion_builder_column_3_4 3_4 fusion-flex-column\" style=\"--awb-bg-size:cover;--awb-width-large:75%;--awb-margin-top-large:0px;--awb-spacing-right-large:0%;--awb-margin-bottom-large:0px;--awb-spacing-left-large:0%;--awb-width-medium:75%;--awb-spacing-right-medium:0%;--awb-spacing-left-medium:0%;--awb-width-small:100%;--awb-spacing-right-small:0%;--awb-spacing-left-small:0%;\"><div class=\"fusion-column-wrapper fusion-flex-justify-content-flex-start fusion-content-layout-column\"><div class=\"fusion-title title fusion-title-2 fusion-sep-none fusion-title-text fusion-title-size-one\"><h1 class=\"fusion-title-heading title-heading-left\" style=\"margin:0;\"><h1>\u00c0 propos de wardrobe.co.uk<\/h1><\/h1><\/div><div class=\"fusion-text fusion-text-2\"><p>En 2003, Robbert Goedvolk a cr\u00e9\u00e9 Garderobe.nl par passion pour les affaires, par passion pour la qualit\u00e9 et le service et par conviction qu&rsquo;un bon accueil et une garde-robe efficace dans tous les secteurs imaginables constituent une carte de visite percutante pour l&rsquo;entreprise. Une qualit\u00e9 irr\u00e9prochable, un bon service et une livraison rapide ont toujours figur\u00e9 parmi ses priorit\u00e9s. Plus de 4 000 entreprises aux Pays-Bas et \u00e0 l&rsquo;\u00e9tranger travaillent aujourd&rsquo;hui avec les imprimantes de tickets, les tickets de vestiaire, les \u00e9tiquettes de bagages, les porte-bagages et les cintres de Garderobe.nl. Cela fait de Garderobe.co.uk le leader du march\u00e9 dans ce domaine.<\/p>\n<p>Outre la fourniture d&rsquo;articles standard, nous poss\u00e9dons \u00e9galement une grande exp\u00e9rience en mati\u00e8re de conseil et d&rsquo;installation d&rsquo;armoires personnalis\u00e9es. C&rsquo;est avec plaisir que nous relevons le d\u00e9fi de cr\u00e9er une armoire et\/ou une solution d&rsquo;entr\u00e9e adapt\u00e9e \u00e0 vos souhaits et \u00e0 votre budget. Et nous pouvons vous promettre que dans de nombreux cas, la solution la plus efficace n&rsquo;est pas forc\u00e9ment la plus ch\u00e8re.<\/p>\n<p>Nous avons tous les produits en stock. Si vous passez une commande, vous pouvez choisir parmi plusieurs options de paiement. Si vous commandez avant 20h30, votre commande sera exp\u00e9di\u00e9e gratuitement le jour m\u00eame.<\/p>\n<p>Nous nous effor\u00e7ons de fabriquer le plus grand nombre de produits possible aux Pays-Bas afin de garantir une bonne qualit\u00e9, des d\u00e9lais de livraison rapides et d&rsquo;offrir la garantie et le service que nous jugeons tr\u00e8s importants. En outre, des consid\u00e9rations li\u00e9es \u00e0 l&rsquo;environnement jouent \u00e9galement un r\u00f4le.<\/p>\n<p>Voulez-vous nous rencontrer ? Si c&rsquo;est le cas, nous serons heureux de vous rendre visite.<\/p>\n<p><strong>Coordonn\u00e9es de la personne \u00e0 contacter<\/strong><br \/>\nTerweeweg 114 | 2341 CW Oegstgeest | Pays-Bas<br \/>\nService : 070 346 8634 | Ventes : 070 3650101<\/p>\n<ul>\n<li>Informations g\u00e9n\u00e9rales : <a href=\"mailto:info@vestiaire.be\">info@vestiaire.be<\/a><\/li>\n<li>Demande de devis :<a href=\"mailto:info@vestiaire.be\"> info@vestiaire.be<\/a><\/li>\n<li>Administration : <a href=\"mailto:info@vestiaire.be\">invoices@vestiaire.be<\/a><\/li>\n<li>Assistance technique : via notre <a href=\"https:\/\/vestiaire.be\/nl-helpdesk\/\">service d&rsquo;assistance<\/a> en ligne ou<a href=\"mailto:info@vestiaire.be\"> info@vestiaire.be<\/a><\/li>\n<\/ul>\n<p><strong>Informations administratives<\/strong><\/p>\n<ul>\n<li>Compte bancaire : 494296232 ABN AMRO Bank N.V. Gustav Mahlerlaan 10, 1082 PP \u00e0 Amsterdam<\/li>\n<li>IBAN : NL88 ABNA0 494 296 232<\/li>\n<li>BIC \/ SWIFT : ABNANL2A<\/li>\n<li>Chambre de commerce : 27 316 183<\/li>\n<li>TVA : NL8192.13.640.B01<\/li>\n<\/ul>\n<\/div><\/div><\/div><\/div><\/div><\/p>\n","protected":false},"excerpt":{"rendered":"<p>NL &#8211; A propos de wardrobe.com<\/p>\n","protected":false},"author":1,"featured_media":0,"parent":0,"menu_order":0,"comment_status":"open","ping_status":"open","template":"100-width.php","meta":{"_acf_changed":false,"footnotes":""},"class_list":["post-6129","page","type-page","status-publish","hentry"],"acf":[],"yoast_head":"<!-- This site is optimized with the Yoast SEO plugin v27.1.1 - https:\/\/yoast.com\/product\/yoast-seo-wordpress\/ -->\n<title>A propos de nous<\/title>\n<meta name=\"description\" content=\"Nos imprimantes de tickets, nos porte-vestiaires et nos cintres constituent la norme en mati\u00e8re d&#039;\u00e9quipement efficace des vestiaires dans plus de 3 000 entreprises aux Pays-Bas et dans 20 autres pays.\" \/>\n<meta name=\"robots\" content=\"index, follow, max-snippet:-1, max-image-preview:large, max-video-preview:-1\" \/>\n<link rel=\"canonical\" href=\"https:\/\/vestiaire.be\/fr\/nl-a-propos-de-wardrobe-com\/\" \/>\n<meta property=\"og:locale\" content=\"fr_FR\" \/>\n<meta property=\"og:type\" content=\"article\" \/>\n<meta property=\"og:title\" content=\"A propos de nous\" \/>\n<meta property=\"og:description\" content=\"Nos imprimantes de tickets, nos porte-vestiaires et nos cintres constituent la norme en mati\u00e8re d&#039;\u00e9quipement efficace des vestiaires dans plus de 3 000 entreprises aux Pays-Bas et dans 20 autres pays.\" \/>\n<meta property=\"og:url\" content=\"https:\/\/vestiaire.be\/fr\/nl-a-propos-de-wardrobe-com\/\" \/>\n<meta property=\"og:site_name\" content=\"Vestiaire.be\" \/>\n<meta property=\"article:modified_time\" content=\"2024-04-26T09:30:32+00:00\" \/>\n<meta name=\"twitter:card\" content=\"summary_large_image\" \/>\n<meta name=\"twitter:label1\" content=\"Dur\u00e9e de lecture estim\u00e9e\" \/>\n\t<meta name=\"twitter:data1\" content=\"6 minutes\" \/>\n<script type=\"application\/ld+json\" class=\"yoast-schema-graph\">{\"@context\":\"https:\/\/schema.org\",\"@graph\":[{\"@type\":\"WebPage\",\"@id\":\"https:\/\/vestiaire.be\/fr\/nl-a-propos-de-wardrobe-com\/\",\"url\":\"https:\/\/vestiaire.be\/fr\/nl-a-propos-de-wardrobe-com\/\",\"name\":\"A propos de nous\",\"isPartOf\":{\"@id\":\"https:\/\/vestiaire.be\/#website\"},\"datePublished\":\"2017-03-30T06:25:07+00:00\",\"dateModified\":\"2024-04-26T09:30:32+00:00\",\"description\":\"Nos imprimantes de tickets, nos porte-vestiaires et nos cintres constituent la norme en mati\u00e8re d'\u00e9quipement efficace des vestiaires dans plus de 3 000 entreprises aux Pays-Bas et dans 20 autres pays.\",\"breadcrumb\":{\"@id\":\"https:\/\/vestiaire.be\/fr\/nl-a-propos-de-wardrobe-com\/#breadcrumb\"},\"inLanguage\":\"fr-FR\",\"potentialAction\":[{\"@type\":\"ReadAction\",\"target\":[\"https:\/\/vestiaire.be\/fr\/nl-a-propos-de-wardrobe-com\/\"]}]},{\"@type\":\"BreadcrumbList\",\"@id\":\"https:\/\/vestiaire.be\/fr\/nl-a-propos-de-wardrobe-com\/#breadcrumb\",\"itemListElement\":[{\"@type\":\"ListItem\",\"position\":1,\"name\":\"Home\",\"item\":\"https:\/\/vestiaire.be\/fr\/\"},{\"@type\":\"ListItem\",\"position\":2,\"name\":\"NL &#8211; A propos de wardrobe.com\"}]},{\"@type\":\"WebSite\",\"@id\":\"https:\/\/vestiaire.be\/#website\",\"url\":\"https:\/\/vestiaire.be\/\",\"name\":\"Vestiaire.be\",\"description\":\"Slimme vestiaire &amp; entree oplossingen\",\"potentialAction\":[{\"@type\":\"SearchAction\",\"target\":{\"@type\":\"EntryPoint\",\"urlTemplate\":\"https:\/\/vestiaire.be\/?s={search_term_string}\"},\"query-input\":{\"@type\":\"PropertyValueSpecification\",\"valueRequired\":true,\"valueName\":\"search_term_string\"}}],\"inLanguage\":\"fr-FR\"}]}<\/script>\n<!-- \/ Yoast SEO plugin. -->","yoast_head_json":{"title":"A propos de nous","description":"Nos imprimantes de tickets, nos porte-vestiaires et nos cintres constituent la norme en mati\u00e8re d'\u00e9quipement efficace des vestiaires dans plus de 3 000 entreprises aux Pays-Bas et dans 20 autres pays.","robots":{"index":"index","follow":"follow","max-snippet":"max-snippet:-1","max-image-preview":"max-image-preview:large","max-video-preview":"max-video-preview:-1"},"canonical":"https:\/\/vestiaire.be\/fr\/nl-a-propos-de-wardrobe-com\/","og_locale":"fr_FR","og_type":"article","og_title":"A propos de nous","og_description":"Nos imprimantes de tickets, nos porte-vestiaires et nos cintres constituent la norme en mati\u00e8re d'\u00e9quipement efficace des vestiaires dans plus de 3 000 entreprises aux Pays-Bas et dans 20 autres pays.","og_url":"https:\/\/vestiaire.be\/fr\/nl-a-propos-de-wardrobe-com\/","og_site_name":"Vestiaire.be","article_modified_time":"2024-04-26T09:30:32+00:00","twitter_card":"summary_large_image","twitter_misc":{"Dur\u00e9e de lecture estim\u00e9e":"6 minutes"},"schema":{"@context":"https:\/\/schema.org","@graph":[{"@type":"WebPage","@id":"https:\/\/vestiaire.be\/fr\/nl-a-propos-de-wardrobe-com\/","url":"https:\/\/vestiaire.be\/fr\/nl-a-propos-de-wardrobe-com\/","name":"A propos de nous","isPartOf":{"@id":"https:\/\/vestiaire.be\/#website"},"datePublished":"2017-03-30T06:25:07+00:00","dateModified":"2024-04-26T09:30:32+00:00","description":"Nos imprimantes de tickets, nos porte-vestiaires et nos cintres constituent la norme en mati\u00e8re d'\u00e9quipement efficace des vestiaires dans plus de 3 000 entreprises aux Pays-Bas et dans 20 autres pays.","breadcrumb":{"@id":"https:\/\/vestiaire.be\/fr\/nl-a-propos-de-wardrobe-com\/#breadcrumb"},"inLanguage":"fr-FR","potentialAction":[{"@type":"ReadAction","target":["https:\/\/vestiaire.be\/fr\/nl-a-propos-de-wardrobe-com\/"]}]},{"@type":"BreadcrumbList","@id":"https:\/\/vestiaire.be\/fr\/nl-a-propos-de-wardrobe-com\/#breadcrumb","itemListElement":[{"@type":"ListItem","position":1,"name":"Home","item":"https:\/\/vestiaire.be\/fr\/"},{"@type":"ListItem","position":2,"name":"NL &#8211; A propos de wardrobe.com"}]},{"@type":"WebSite","@id":"https:\/\/vestiaire.be\/#website","url":"https:\/\/vestiaire.be\/","name":"Vestiaire.be","description":"Slimme vestiaire &amp; entree oplossingen","potentialAction":[{"@type":"SearchAction","target":{"@type":"EntryPoint","urlTemplate":"https:\/\/vestiaire.be\/?s={search_term_string}"},"query-input":{"@type":"PropertyValueSpecification","valueRequired":true,"valueName":"search_term_string"}}],"inLanguage":"fr-FR"}]}},"_links":{"self":[{"href":"https:\/\/vestiaire.be\/fr\/wp-json\/wp\/v2\/pages\/6129","targetHints":{"allow":["GET"]}}],"collection":[{"href":"https:\/\/vestiaire.be\/fr\/wp-json\/wp\/v2\/pages"}],"about":[{"href":"https:\/\/vestiaire.be\/fr\/wp-json\/wp\/v2\/types\/page"}],"author":[{"embeddable":true,"href":"https:\/\/vestiaire.be\/fr\/wp-json\/wp\/v2\/users\/1"}],"replies":[{"embeddable":true,"href":"https:\/\/vestiaire.be\/fr\/wp-json\/wp\/v2\/comments?post=6129"}],"version-history":[{"count":2,"href":"https:\/\/vestiaire.be\/fr\/wp-json\/wp\/v2\/pages\/6129\/revisions"}],"predecessor-version":[{"id":6131,"href":"https:\/\/vestiaire.be\/fr\/wp-json\/wp\/v2\/pages\/6129\/revisions\/6131"}],"wp:attachment":[{"href":"https:\/\/vestiaire.be\/fr\/wp-json\/wp\/v2\/media?parent=6129"}],"curies":[{"name":"wp","href":"https:\/\/api.w.org\/{rel}","templated":true}]}}