{"id":6127,"date":"2017-12-03T12:10:08","date_gmt":"2017-12-03T12:10:08","guid":{"rendered":"https:\/\/vestiaire.be\/nl-hotels-et-restaurants\/"},"modified":"2024-06-06T09:07:23","modified_gmt":"2024-06-06T09:07:23","slug":"nl-hotels-et-restaurants","status":"publish","type":"page","link":"https:\/\/vestiaire.be\/fr\/nl-hotels-et-restaurants\/","title":{"rendered":"NL &#8211; H\u00f4tels et restaurants"},"content":{"rendered":"<div class=\"fusion-fullwidth fullwidth-box fusion-builder-row-1 fusion-flex-container nonhundred-percent-fullwidth non-hundred-percent-height-scrolling\" style=\"--awb-border-radius-top-left:0px;--awb-border-radius-top-right:0px;--awb-border-radius-bottom-right:0px;--awb-border-radius-bottom-left:0px;--awb-flex-wrap:wrap;\" ><div class=\"fusion-builder-row fusion-row fusion-flex-align-items-flex-start fusion-flex-content-wrap\" style=\"max-width:1200px;margin-left: calc(-0% \/ 2 );margin-right: calc(-0% \/ 2 );\"><div class=\"fusion-layout-column fusion_builder_column fusion-builder-column-0 fusion_builder_column_1_1 1_1 fusion-flex-column\" style=\"--awb-bg-size:cover;--awb-width-large:100%;--awb-margin-top-large:0px;--awb-spacing-right-large:0%;--awb-margin-bottom-large:0px;--awb-spacing-left-large:0%;--awb-width-medium:100%;--awb-spacing-right-medium:0%;--awb-spacing-left-medium:0%;--awb-width-small:100%;--awb-spacing-right-small:0%;--awb-spacing-left-small:0%;\"><div class=\"fusion-column-wrapper fusion-flex-justify-content-flex-start fusion-content-layout-column\"><div class=\"fusion-text fusion-text-1\"><h1 class=\"page-title\"><span class=\"base\" data-ui-id=\"page-title-wrapper\">Vestiaire pour h\u00f4tels et restaurants<\/span><\/h1>\n<p>Toutes les solutions de garde-robe ne sont pas identiques. Les penderies des h\u00f4tels et des restaurants sont confront\u00e9es \u00e0 un certain nombre de facteurs sp\u00e9cifiques \u00e0 l&rsquo;industrie, tels que<\/p>\n<ul>\n<li>Nombre important d&rsquo;invit\u00e9s<\/li>\n<li>Les pics de fr\u00e9quentation lors de l&rsquo;arriv\u00e9e ou du d\u00e9part de vos invit\u00e9s<\/li>\n<li>Nombreux employ\u00e9s changeants et\/ou travailleurs temporaires<\/li>\n<li>Espace parfois insuffisant pour accueillir une garde-robe ad\u00e9quate<\/li>\n<li>Le vestiaire doit parfois pouvoir \u00eatre d\u00e9ploy\u00e9 dans diff\u00e9rentes pi\u00e8ces<\/li>\n<li>Une bagagerie est n\u00e9cessaire en plus des manteaux et des parapluies.<\/li>\n<\/ul>\n<p>Si vous souhaitez \u00e9quiper votre h\u00f4tel ou votre restaurant d&rsquo;un vestiaire efficace, nous nous ferons un plaisir de vous rendre visite pour un entretien personnel et \u00e9ventuellement un devis sans engagement. Cette visite est toujours gratuite. En utilisant le formulaire de contact au bas de cette page, demandez un rendez-vous d\u00e8s maintenant.<\/p>\n<h2>Conseils en mati\u00e8re de garde-robe pour votre h\u00f4tel ou votre restaurant<\/h2>\n<p>Pour tout vestiaire organis\u00e9 de mani\u00e8re professionnelle dans un h\u00f4tel ou un restaurant, certains conseils sp\u00e9cifiques s&rsquo;appliquent. Vous trouverez ci-dessous quelques-uns des conseils que nous avons r\u00e9pertori\u00e9s pour vous :<\/p>\n<ul>\n<li>Combinez judicieusement les supports de penderie doubles et simples pour gagner de l&rsquo;espace.<\/li>\n<li>Cr\u00e9ez un agencement avec une all\u00e9e et deux rang\u00e9es d&rsquo;\u00e9tag\u00e8res chacune, ce qui permet de gagner de l&rsquo;espace.<\/li>\n<li>L&rsquo;utilisation de rayonnages \u00e0 roues permet d&rsquo;\u00e9conomiser jusqu&rsquo;\u00e0 une centaine de pas par rayonnage complet.<\/li>\n<li>Utilisez des cintres plut\u00f4t que des crochets fixes, ce qui est plus rapide et moins encombrant. Combin\u00e9e \u00e0 des rayonnages mobiles, une solution avec des cintres est des dizaines de fois plus rapide. Il n&rsquo;est plus n\u00e9cessaire de marcher par manteau, mais seulement une fois pour cent manteaux.<\/li>\n<li>Utilisez une caisse enregistreuse\/imprimante de billets pour le contr\u00f4le des recettes. Dans un vestiaire moyen, on observe une perte de chiffre d&rsquo;affaires de 10 \u00e0 40 % en raison d&rsquo;un travail n\u00e9gligent ou d&rsquo;un vol.<\/li>\n<li>Une imprimante \u00e0 tickets permet \u00e9galement d&rsquo;\u00e9viter les tickets manquants : chaque ticket est \u00e9tiquet\u00e9 avec la date, l&rsquo;heure, le type de manteau (le cas \u00e9ch\u00e9ant) et l&rsquo;endroit o\u00f9 il se trouve dans le vestiaire.<\/li>\n<li>Divisez votre garde-robe en sections, cela permet d&rsquo;acqu\u00e9rir plus rapidement le manteau et de le retourner plus rapidement car le manteau est rapidement trouv\u00e9 gr\u00e2ce \u00e0 la division en sections. Donnez aux sections des lettres de A \u00e0 F, par exemple, et organisez votre comptoir de mani\u00e8re \u00e0 ce que les visiteurs se rendent dans la bonne section. Les imprimantes de billets peuvent imprimer des billets par section, chacun avec sa propre s\u00e9quence de num\u00e9ros. Au lieu d&rsquo;une s\u00e9rie de chiffres allant de 1 \u00e0 1000, vous recherchez plus rapidement un chiffre comme B98 ou D121.<\/li>\n<li>Utilisez des sacs \u00e0 parapluie pour suspendre les parapluies. Cette m\u00e9thode est plus rapide, moins encombrante, \u00e9vite les oublis et emp\u00eache les manteaux d&rsquo;\u00eatre mouill\u00e9s.<\/li>\n<li>Accrochez un r\u00e8glement de vestiaire test\u00e9 l\u00e9galement. Cela permet de s&rsquo;assurer que les conditions de votre vestiaire sont connues de vos invit\u00e9s et d&rsquo;\u00e9viter les paiements excessifs en cas de perte.<\/li>\n<\/ul>\n<h2>R\u00e9f\u00e9rences Garderobe.co.uk dans les h\u00f4tels et restaurants<\/h2>\n<p>Nos syst\u00e8mes de vestiaires sont utilis\u00e9s dans un grand nombre de vestiaires d&rsquo;h\u00f4tels et de restaurants. Par exemple, \u00e0 l&rsquo;adresse suivante<\/p>\n<ul>\n<li>H\u00f4tel Kurhaus, La Haye<\/li>\n<li>Grand Hotel Huis ter Duin, Noordwijk<\/li>\n<li>De Reehorst, Ede<\/li>\n<\/ul>\n<p>Sur demande, nous pouvons vous mettre en contact avec nos r\u00e9f\u00e9rences.<\/p>\n<h2>Vous souhaitez \u00e9galement am\u00e9nager votre vestiaire de mani\u00e8re plus efficace ?<\/h2>\n<p>Garderobe.co.uk est synonyme de conseils personnalis\u00e9s sur mesure. En effet, le vestiaire d&rsquo;un h\u00f4tel ou d&rsquo;un restaurant est diff\u00e9rent de celui d&rsquo;un b\u00e2timent d&rsquo;exposition ou d&rsquo;un th\u00e9\u00e2tre. Vous \u00eates curieux de savoir comment vous pouvez am\u00e9nager votre vestiaire de mani\u00e8re plus efficace et ainsi mieux servir vos invit\u00e9s ? Dans ce cas, prenez imm\u00e9diatement rendez-vous avec nous. Vous pouvez nous joindre par t\u00e9l\u00e9phone au 070 &#8211; 365 0101 ou par courriel \u00e0 l&rsquo;adresse info@vestiaire.be. Nous nous ferons un plaisir de vous aider \u00e0 am\u00e9nager un vestiaire pour votre restaurant ou votre h\u00f4tel.<\/p>\n<p>En outre, nous sommes \u00e9galement sp\u00e9cialis\u00e9s dans les domaines suivants<\/p>\n<ul>\n<li><a title=\"Club de la garde-robe\" href=\"https:\/\/vestiaire.be\/fr\/avis\/nl-clubs-et-boites-de-nuit\/\" rel=\"noopener\">Club de la garde-robe<\/a><\/li>\n<li><a href=\"https:\/\/vestiaire.be\/fr\/avis\/nl-clubs-et-boites-de-nuit\/\">Discoth\u00e8que de l&rsquo;armoire<\/a><\/li>\n<li><a href=\"https:\/\/vestiaire.be\/fr\/nl-hotels-et-restaurants\/\">Vestiaire de l&rsquo;h\u00f4tel<\/a><\/li>\n<li><a href=\"https:\/\/vestiaire.be\/fr\/nl-hotels-et-restaurants\/\">Vestiaire restaurant<\/a><\/li>\n<li><a href=\"https:\/\/vestiaire.be\/fr\/avis\/nl-theatres-et-musees\/\">Mus\u00e9e du vestiaire<\/a><\/li>\n<li><a href=\"https:\/\/vestiaire.be\/fr\/avis\/nl-theatres-et-musees\/\">Vestiaire th\u00e9\u00e2tre<\/a><\/li>\n<\/ul>\n<p>Vous ne trouvez pas ce que vous cherchez ci-dessus ? Pas de probl\u00e8me ! Nous fournissons toujours un syst\u00e8me de vestiaire sur mesure, la solution de vestiaire adapt\u00e9e \u00e0 chaque entreprise.<\/p>\n<\/div><\/div><\/div><\/div><\/div>\n","protected":false},"excerpt":{"rendered":"<p>NL &#8211; H\u00f4tels et restaurants<\/p>\n","protected":false},"author":1,"featured_media":0,"parent":0,"menu_order":0,"comment_status":"open","ping_status":"open","template":"100-width.php","meta":{"_acf_changed":false,"footnotes":""},"class_list":["post-6127","page","type-page","status-publish","hentry"],"acf":[],"yoast_head":"<!-- This site is optimized with the Yoast SEO plugin v27.1.1 - https:\/\/yoast.com\/product\/yoast-seo-wordpress\/ -->\n<title>Solutions de vestiaires pour les h\u00f4tels et les restaurants<\/title>\n<meta name=\"description\" content=\"Les penderies des h\u00f4tels et des restaurants doivent tenir compte de facteurs sp\u00e9cifiques. \u2705 Conseils personnalis\u00e9s d&#039;un expert \u2705 Prise de rendez-vous sur place \u2705 Plus de 15 ans d&#039;exp\u00e9rience.\" \/>\n<meta name=\"robots\" content=\"index, follow, max-snippet:-1, max-image-preview:large, max-video-preview:-1\" \/>\n<link rel=\"canonical\" href=\"https:\/\/vestiaire.be\/fr\/nl-hotels-et-restaurants\/\" \/>\n<meta property=\"og:locale\" content=\"fr_FR\" \/>\n<meta property=\"og:type\" content=\"article\" \/>\n<meta property=\"og:title\" content=\"Solutions de vestiaires pour les h\u00f4tels et les restaurants\" \/>\n<meta property=\"og:description\" content=\"Les penderies des h\u00f4tels et des restaurants doivent tenir compte de facteurs sp\u00e9cifiques. \u2705 Conseils personnalis\u00e9s d&#039;un expert \u2705 Prise de rendez-vous sur place \u2705 Plus de 15 ans d&#039;exp\u00e9rience.\" \/>\n<meta property=\"og:url\" content=\"https:\/\/vestiaire.be\/fr\/nl-hotels-et-restaurants\/\" \/>\n<meta property=\"og:site_name\" content=\"Vestiaire.be\" \/>\n<meta property=\"article:modified_time\" content=\"2024-06-06T09:07:23+00:00\" \/>\n<meta name=\"twitter:card\" content=\"summary_large_image\" \/>\n<meta name=\"twitter:label1\" content=\"Dur\u00e9e de lecture estim\u00e9e\" \/>\n\t<meta name=\"twitter:data1\" content=\"4 minutes\" \/>\n<script type=\"application\/ld+json\" class=\"yoast-schema-graph\">{\"@context\":\"https:\/\/schema.org\",\"@graph\":[{\"@type\":\"WebPage\",\"@id\":\"https:\/\/vestiaire.be\/fr\/nl-hotels-et-restaurants\/\",\"url\":\"https:\/\/vestiaire.be\/fr\/nl-hotels-et-restaurants\/\",\"name\":\"Solutions de vestiaires pour les h\u00f4tels et les restaurants\",\"isPartOf\":{\"@id\":\"https:\/\/vestiaire.be\/#website\"},\"datePublished\":\"2017-12-03T12:10:08+00:00\",\"dateModified\":\"2024-06-06T09:07:23+00:00\",\"description\":\"Les penderies des h\u00f4tels et des restaurants doivent tenir compte de facteurs sp\u00e9cifiques. \u2705 Conseils personnalis\u00e9s d'un expert \u2705 Prise de rendez-vous sur place \u2705 Plus de 15 ans d'exp\u00e9rience.\",\"breadcrumb\":{\"@id\":\"https:\/\/vestiaire.be\/fr\/nl-hotels-et-restaurants\/#breadcrumb\"},\"inLanguage\":\"fr-FR\",\"potentialAction\":[{\"@type\":\"ReadAction\",\"target\":[\"https:\/\/vestiaire.be\/fr\/nl-hotels-et-restaurants\/\"]}]},{\"@type\":\"BreadcrumbList\",\"@id\":\"https:\/\/vestiaire.be\/fr\/nl-hotels-et-restaurants\/#breadcrumb\",\"itemListElement\":[{\"@type\":\"ListItem\",\"position\":1,\"name\":\"Home\",\"item\":\"https:\/\/vestiaire.be\/fr\/\"},{\"@type\":\"ListItem\",\"position\":2,\"name\":\"NL &#8211; H\u00f4tels et restaurants\"}]},{\"@type\":\"WebSite\",\"@id\":\"https:\/\/vestiaire.be\/#website\",\"url\":\"https:\/\/vestiaire.be\/\",\"name\":\"Vestiaire.be\",\"description\":\"Slimme vestiaire &amp; entree oplossingen\",\"potentialAction\":[{\"@type\":\"SearchAction\",\"target\":{\"@type\":\"EntryPoint\",\"urlTemplate\":\"https:\/\/vestiaire.be\/?s={search_term_string}\"},\"query-input\":{\"@type\":\"PropertyValueSpecification\",\"valueRequired\":true,\"valueName\":\"search_term_string\"}}],\"inLanguage\":\"fr-FR\"}]}<\/script>\n<!-- \/ Yoast SEO plugin. -->","yoast_head_json":{"title":"Solutions de vestiaires pour les h\u00f4tels et les restaurants","description":"Les penderies des h\u00f4tels et des restaurants doivent tenir compte de facteurs sp\u00e9cifiques. \u2705 Conseils personnalis\u00e9s d'un expert \u2705 Prise de rendez-vous sur place \u2705 Plus de 15 ans d'exp\u00e9rience.","robots":{"index":"index","follow":"follow","max-snippet":"max-snippet:-1","max-image-preview":"max-image-preview:large","max-video-preview":"max-video-preview:-1"},"canonical":"https:\/\/vestiaire.be\/fr\/nl-hotels-et-restaurants\/","og_locale":"fr_FR","og_type":"article","og_title":"Solutions de vestiaires pour les h\u00f4tels et les restaurants","og_description":"Les penderies des h\u00f4tels et des restaurants doivent tenir compte de facteurs sp\u00e9cifiques. \u2705 Conseils personnalis\u00e9s d'un expert \u2705 Prise de rendez-vous sur place \u2705 Plus de 15 ans d'exp\u00e9rience.","og_url":"https:\/\/vestiaire.be\/fr\/nl-hotels-et-restaurants\/","og_site_name":"Vestiaire.be","article_modified_time":"2024-06-06T09:07:23+00:00","twitter_card":"summary_large_image","twitter_misc":{"Dur\u00e9e de lecture estim\u00e9e":"4 minutes"},"schema":{"@context":"https:\/\/schema.org","@graph":[{"@type":"WebPage","@id":"https:\/\/vestiaire.be\/fr\/nl-hotels-et-restaurants\/","url":"https:\/\/vestiaire.be\/fr\/nl-hotels-et-restaurants\/","name":"Solutions de vestiaires pour les h\u00f4tels et les restaurants","isPartOf":{"@id":"https:\/\/vestiaire.be\/#website"},"datePublished":"2017-12-03T12:10:08+00:00","dateModified":"2024-06-06T09:07:23+00:00","description":"Les penderies des h\u00f4tels et des restaurants doivent tenir compte de facteurs sp\u00e9cifiques. \u2705 Conseils personnalis\u00e9s d'un expert \u2705 Prise de rendez-vous sur place \u2705 Plus de 15 ans d'exp\u00e9rience.","breadcrumb":{"@id":"https:\/\/vestiaire.be\/fr\/nl-hotels-et-restaurants\/#breadcrumb"},"inLanguage":"fr-FR","potentialAction":[{"@type":"ReadAction","target":["https:\/\/vestiaire.be\/fr\/nl-hotels-et-restaurants\/"]}]},{"@type":"BreadcrumbList","@id":"https:\/\/vestiaire.be\/fr\/nl-hotels-et-restaurants\/#breadcrumb","itemListElement":[{"@type":"ListItem","position":1,"name":"Home","item":"https:\/\/vestiaire.be\/fr\/"},{"@type":"ListItem","position":2,"name":"NL &#8211; H\u00f4tels et restaurants"}]},{"@type":"WebSite","@id":"https:\/\/vestiaire.be\/#website","url":"https:\/\/vestiaire.be\/","name":"Vestiaire.be","description":"Slimme vestiaire &amp; entree oplossingen","potentialAction":[{"@type":"SearchAction","target":{"@type":"EntryPoint","urlTemplate":"https:\/\/vestiaire.be\/?s={search_term_string}"},"query-input":{"@type":"PropertyValueSpecification","valueRequired":true,"valueName":"search_term_string"}}],"inLanguage":"fr-FR"}]}},"_links":{"self":[{"href":"https:\/\/vestiaire.be\/fr\/wp-json\/wp\/v2\/pages\/6127","targetHints":{"allow":["GET"]}}],"collection":[{"href":"https:\/\/vestiaire.be\/fr\/wp-json\/wp\/v2\/pages"}],"about":[{"href":"https:\/\/vestiaire.be\/fr\/wp-json\/wp\/v2\/types\/page"}],"author":[{"embeddable":true,"href":"https:\/\/vestiaire.be\/fr\/wp-json\/wp\/v2\/users\/1"}],"replies":[{"embeddable":true,"href":"https:\/\/vestiaire.be\/fr\/wp-json\/wp\/v2\/comments?post=6127"}],"version-history":[{"count":2,"href":"https:\/\/vestiaire.be\/fr\/wp-json\/wp\/v2\/pages\/6127\/revisions"}],"predecessor-version":[{"id":6587,"href":"https:\/\/vestiaire.be\/fr\/wp-json\/wp\/v2\/pages\/6127\/revisions\/6587"}],"wp:attachment":[{"href":"https:\/\/vestiaire.be\/fr\/wp-json\/wp\/v2\/media?parent=6127"}],"curies":[{"name":"wp","href":"https:\/\/api.w.org\/{rel}","templated":true}]}}