{"id":6058,"date":"2017-12-03T12:21:15","date_gmt":"2017-12-03T12:21:15","guid":{"rendered":"https:\/\/vestiaire.be\/avis\/en-salles-de-musique\/"},"modified":"2024-05-14T17:14:43","modified_gmt":"2024-05-14T17:14:43","slug":"en-salles-de-musique","status":"publish","type":"page","link":"https:\/\/vestiaire.be\/fr\/avis\/en-salles-de-musique\/","title":{"rendered":"EN &#8211; Salles de musique"},"content":{"rendered":"<div class=\"fusion-fullwidth fullwidth-box fusion-builder-row-1 fusion-flex-container nonhundred-percent-fullwidth non-hundred-percent-height-scrolling\" style=\"--awb-border-radius-top-left:0px;--awb-border-radius-top-right:0px;--awb-border-radius-bottom-right:0px;--awb-border-radius-bottom-left:0px;--awb-flex-wrap:wrap;\" ><div class=\"fusion-builder-row fusion-row fusion-flex-align-items-flex-start fusion-flex-content-wrap\" style=\"max-width:1200px;margin-left: calc(-0% \/ 2 );margin-right: calc(-0% \/ 2 );\"><div class=\"fusion-layout-column fusion_builder_column fusion-builder-column-0 fusion_builder_column_1_1 1_1 fusion-flex-column\" style=\"--awb-bg-size:cover;--awb-width-large:100%;--awb-margin-top-large:0px;--awb-spacing-right-large:0%;--awb-margin-bottom-large:0px;--awb-spacing-left-large:0%;--awb-width-medium:100%;--awb-spacing-right-medium:0%;--awb-spacing-left-medium:0%;--awb-width-small:100%;--awb-spacing-right-small:0%;--awb-spacing-left-small:0%;\"><div class=\"fusion-column-wrapper fusion-flex-justify-content-flex-start fusion-content-layout-column\"><div class=\"fusion-text fusion-text-1\"><h1 class=\"page-title\"><span class=\"base\" data-ui-id=\"page-title-wrapper\">Solutions de vestiaires pour les salles de concert et de musique live<\/span><\/h1>\n<p>Toutes les solutions de garde-robe ne sont pas identiques. Les gard\u00e9robes des salles de spectacles sont confront\u00e9s \u00e0 un certain nombre de facteurs sp\u00e9cifiques \u00e0 l&rsquo;industrie, tels que<\/p>\n<ul>\n<li>Nombre important d&rsquo;invit\u00e9s<\/li>\n<li>Les pics de fr\u00e9quentation lors de l&rsquo;arriv\u00e9e ou du d\u00e9part de vos invit\u00e9s<\/li>\n<li>Nombreux employ\u00e9s changeants et\/ou travailleurs temporaires<\/li>\n<li>Espace parfois insuffisant pour accueillir une garde-robe ad\u00e9quate<\/li>\n<li>Le vestiaire doit parfois pouvoir \u00eatre d\u00e9ploy\u00e9 dans diff\u00e9rentes pi\u00e8ces<\/li>\n<li>Une bagagerie est n\u00e9cessaire en plus des manteaux et des parapluies.<\/li>\n<\/ul>\n<p>Si vous \u00eates int\u00e9ress\u00e9 par l&rsquo;installation d&rsquo;un vestiaire efficacement \u00e9quip\u00e9 dans votre \u00e9tablissement, nous nous ferons un plaisir de vous rendre visite pour un entretien personnel et \u00e9ventuellement un devis sans engagement. Cette visite est toujours gratuite. En utilisant le formulaire de contact au bas de cette page, demandez un rendez-vous d\u00e8s maintenant.<\/p>\n<h2>Conseils vestimentaires pour votre lieu de r\u00e9union<\/h2>\n<p>Certains conseils sp\u00e9cifiques s&rsquo;appliquent \u00e0 tout vestiaire organis\u00e9 de mani\u00e8re professionnelle dans une salle de spectacle. Vous trouverez ci-dessous quelques-uns des conseils que nous avons r\u00e9pertori\u00e9s pour vous :<\/p>\n<ul>\n<li>Combinez judicieusement les supports de penderie doubles et simples pour gagner de l&rsquo;espace.<\/li>\n<li>Cr\u00e9ez un agencement avec une all\u00e9e et deux rang\u00e9es d&rsquo;\u00e9tag\u00e8res chacune, ce qui permet de gagner de l&rsquo;espace.<\/li>\n<li>L&rsquo;utilisation de rayonnages \u00e0 roues permet d&rsquo;\u00e9conomiser jusqu&rsquo;\u00e0 une centaine de pas par rayonnage complet.<\/li>\n<li>Utilisez des cintres plut\u00f4t que des crochets fixes, ce qui est plus rapide et moins encombrant. Combin\u00e9e \u00e0 des rayonnages mobiles, une solution avec des cintres est des dizaines de fois plus rapide. Il n&rsquo;est plus n\u00e9cessaire de marcher par manteau, mais seulement une fois pour cent manteaux.<\/li>\n<li>Utilisez une caisse enregistreuse\/imprimante de billets pour le contr\u00f4le des recettes. Dans un vestiaire moyen, on observe une perte de chiffre d&rsquo;affaires de 10 \u00e0 40 % en raison d&rsquo;un travail n\u00e9gligent ou d&rsquo;un vol.<\/li>\n<li>Une imprimante \u00e0 tickets permet \u00e9galement d&rsquo;\u00e9viter les tickets manquants : chaque ticket est \u00e9tiquet\u00e9 avec la date, l&rsquo;heure, le type de manteau (le cas \u00e9ch\u00e9ant) et l&rsquo;endroit o\u00f9 il se trouve dans le vestiaire.<\/li>\n<li>Divisez votre garde-robe en sections, cela permet d&rsquo;acqu\u00e9rir plus rapidement le manteau et de le retourner plus rapidement car le manteau est rapidement trouv\u00e9 gr\u00e2ce \u00e0 la division en sections. Donnez aux sections des lettres de A \u00e0 F, par exemple, et organisez votre comptoir de mani\u00e8re \u00e0 ce que les visiteurs se rendent dans la bonne section. Les imprimantes de billets peuvent imprimer des billets par section, chacun avec sa propre s\u00e9quence de num\u00e9ros. Au lieu d&rsquo;une s\u00e9rie de chiffres allant de 1 \u00e0 1000, vous recherchez plus rapidement un chiffre comme B98 ou D121.<\/li>\n<li>Utilisez des sacs \u00e0 parapluie pour suspendre les parapluies. Cette m\u00e9thode est plus rapide, moins encombrante, \u00e9vite les oublis et emp\u00eache les manteaux d&rsquo;\u00eatre mouill\u00e9s.<\/li>\n<li>Accrochez un r\u00e8glement de vestiaire test\u00e9 l\u00e9galement. Cela permet de s&rsquo;assurer que les conditions de votre vestiaire sont connues de vos invit\u00e9s et d&rsquo;\u00e9viter les paiements excessifs en cas de perte.<\/li>\n<\/ul>\n<h2>R\u00e9f\u00e9rences Vestiaire.be dans les lieux pop<\/h2>\n<p>Nos syst\u00e8mes de vestiaires sont utilis\u00e9s dans un grand nombre de vestiaires de salles de spectacles. Par exemple, \u00e0 l&rsquo;adresse suivante<\/p>\n<ul>\n<li>TivoliVredenburg, Utrecht<\/li>\n<li>Vera, Groningen<\/li>\n<li>Paard, La Haye<\/li>\n<\/ul>\n<p>Sur demande, nous pouvons vous mettre en contact avec nos r\u00e9f\u00e9rences.<\/p>\n<h2>Vous souhaitez \u00e9galement am\u00e9nager votre vestiaire de mani\u00e8re plus efficace ?<\/h2>\n<p>Garderobe.co.uk est synonyme de conseils personnalis\u00e9s sur mesure. En effet, le vestiaire d&rsquo;un h\u00f4tel ou d&rsquo;un restaurant n&rsquo;est pas le m\u00eame que celui d&rsquo;une salle de concert. Vous \u00eates curieux de savoir comment vous pouvez am\u00e9nager votre vestiaire de mani\u00e8re plus efficace et ainsi mieux servir vos invit\u00e9s ? Dans ce cas, prenez imm\u00e9diatement rendez-vous avec nous. Vous pouvez nous joindre par t\u00e9l\u00e9phone au 070 &#8211; 365 0101 ou par courriel \u00e0 l&rsquo;adresse info@vestiaire.be. Nous nous ferons un plaisir de vous aider \u00e0 mettre en place un vestiaire pour votre salle de pop.<\/p>\n<\/div><\/div><\/div><div class=\"fusion-layout-column fusion_builder_column fusion-builder-column-1 fusion_builder_column_1_1 1_1 fusion-flex-column\" style=\"--awb-bg-size:cover;--awb-width-large:100%;--awb-margin-top-large:0px;--awb-spacing-right-large:0%;--awb-margin-bottom-large:0px;--awb-spacing-left-large:0%;--awb-width-medium:100%;--awb-order-medium:0;--awb-spacing-right-medium:0%;--awb-spacing-left-medium:0%;--awb-width-small:100%;--awb-order-small:0;--awb-spacing-right-small:0%;--awb-spacing-left-small:0%;\"><div class=\"fusion-column-wrapper fusion-column-has-shadow fusion-flex-justify-content-flex-start fusion-content-layout-column\"><div class=\"fusion-form fusion-form-builder fusion-form-form-wrapper fusion-form-6010\" style=\"--awb-tooltip-text-color:#ffffff;--awb-tooltip-background-color:#333333;--awb-field-margin-top:5px;--awb-field-margin-bottom:5px;--awb-form-input-height:40px;--awb-label-font-size:14px;--awb-form-font-size:14px;--awb-form-label-color:var(--awb-color2);\" data-form-id=\"6010\" data-config=\"{&quot;form_id&quot;:6010,&quot;form_post_id&quot;:6010,&quot;post_id&quot;:6058,&quot;form_type&quot;:&quot;ajax&quot;,&quot;confirmation_type&quot;:&quot;redirect&quot;,&quot;redirect_url&quot;:&quot;https:\\\/\\\/vestiaire.be\\\/contact-bedankt\\\/&quot;,&quot;field_labels&quot;:{&quot;name&quot;:&quot;Nom&quot;,&quot;e-mailadress&quot;:&quot;Adresse \\u00e9lectronique&quot;,&quot;phonenumber&quot;:&quot;Num\\u00e9ro de t\\u00e9l\\u00e9phone&quot;,&quot;branche&quot;:&quot;L&#039;industrie&quot;,&quot;message&quot;:&quot;Message&quot;,&quot;&quot;:&quot;&quot;},&quot;field_logics&quot;:{&quot;name&quot;:&quot;&quot;,&quot;e-mailadress&quot;:&quot;&quot;,&quot;phonenumber&quot;:&quot;&quot;,&quot;branche&quot;:&quot;&quot;,&quot;message&quot;:&quot;&quot;,&quot;&quot;:&quot;&quot;,&quot;submit_1&quot;:&quot;&quot;,&quot;notice_1&quot;:&quot;&quot;},&quot;field_types&quot;:{&quot;name&quot;:&quot;text&quot;,&quot;e-mailadress&quot;:&quot;email&quot;,&quot;phonenumber&quot;:&quot;phone_number&quot;,&quot;branche&quot;:&quot;text&quot;,&quot;message&quot;:&quot;textarea&quot;,&quot;&quot;:&quot;checkbox&quot;,&quot;submit_1&quot;:&quot;submit&quot;,&quot;recaptcha_1&quot;:&quot;recaptcha&quot;,&quot;notice_1&quot;:&quot;notice&quot;},&quot;nonce_method&quot;:&quot;ajax&quot;}\"><form action=\"https:\/\/vestiaire.be\/fr\/avis\/en-salles-de-musique\/\" method=\"post\" class=\"fusion-form fusion-form-6010\"><div class=\"fusion-fullwidth fullwidth-box fusion-builder-row-1-1 fusion-flex-container has-pattern-background has-mask-background nonhundred-percent-fullwidth non-hundred-percent-height-scrolling\" style=\"--awb-border-radius-top-left:0px;--awb-border-radius-top-right:0px;--awb-border-radius-bottom-right:0px;--awb-border-radius-bottom-left:0px;--awb-flex-wrap:wrap;\" ><div class=\"fusion-builder-row fusion-row fusion-flex-align-items-flex-start fusion-flex-content-wrap\" style=\"width:100% !important;max-width:100% !important;margin-left: calc(-0% \/ 2 );margin-right: calc(-0% \/ 2 );\"><div class=\"fusion-layout-column fusion_builder_column fusion-builder-column-2 fusion_builder_column_1_1 1_1 fusion-flex-column\" style=\"--awb-padding-top:30px;--awb-padding-right:30px;--awb-padding-bottom:30px;--awb-padding-left:30px;--awb-bg-size:cover;--awb-border-color:var(--awb-color5);--awb-border-top:2px;--awb-border-right:2px;--awb-border-bottom:2px;--awb-border-left:2px;--awb-border-style:solid;--awb-width-large:100%;--awb-flex-grow:0;--awb-flex-shrink:0;--awb-margin-top-large:0px;--awb-spacing-right-large:0%;--awb-margin-bottom-large:0px;--awb-spacing-left-large:0%;--awb-width-medium:100%;--awb-order-medium:0;--awb-flex-grow-medium:0;--awb-flex-shrink-medium:0;--awb-spacing-right-medium:0%;--awb-spacing-left-medium:0%;--awb-width-small:100%;--awb-order-small:0;--awb-flex-grow-small:0;--awb-flex-shrink-small:0;--awb-spacing-right-small:0%;--awb-spacing-left-small:0%;\"><div class=\"fusion-column-wrapper fusion-column-has-shadow fusion-flex-justify-content-flex-start fusion-content-layout-column\"><div class=\"fusion-title title fusion-title-1 fusion-sep-none fusion-title-text fusion-title-size-three\"><h3 class=\"fusion-title-heading title-heading-left\" style=\"margin:0;\">Mes coordonn\u00e9es<\/h3><\/div><div class=\"fusion-form-field fusion-form-text-field fusion-form-label-above\" style=\"\" data-form-id=\"6010\"><div class=\"fusion-form-label-wrapper\"><label for=\"name\">Nom <abbr class=\"fusion-form-element-required\" title=\"required\">*<\/abbr><\/label><\/div><input type=\"text\" autocomplete=\"off\" name=\"name\" id=\"name\" value=\"\"  class=\"fusion-form-input\" required=\"true\" aria-required=\"true\" data-holds-private-data=\"false\" minlength=\"0\"\/><\/div><div class=\"fusion-form-field fusion-form-email-field fusion-form-label-above\" style=\"\" data-form-id=\"6010\"><div class=\"fusion-form-label-wrapper\"><label for=\"e-mailadress\">Adresse \u00e9lectronique <abbr class=\"fusion-form-element-required\" title=\"required\">*<\/abbr><\/label><\/div><input type=\"email\" autocomplete=\"off\" name=\"e-mailadress\" id=\"e-mailadress\" value=\"\"  class=\"fusion-form-input\" required=\"true\" aria-required=\"true\" data-holds-private-data=\"false\"\/><\/div><div class=\"fusion-form-field fusion-form-phone-number-field fusion-form-label-above\" style=\"\" data-form-id=\"6010\"><div class=\"fusion-form-label-wrapper\"><label for=\"phonenumber\">Num\u00e9ro de t\u00e9l\u00e9phone <abbr class=\"fusion-form-element-required\" title=\"required\">*<\/abbr><\/label><\/div><div class=\"fusion-form-input-with-icon\"><i class=\"awb-form-icon fa-phone-square-alt fas\"><\/i><input type=\"tel\" autocomplete=\"off\" name=\"phonenumber\" id=\"phonenumber\" value=\"\"  class=\"fusion-form-input\" required=\"true\" aria-required=\"true\" data-holds-private-data=\"false\"\/><\/div><\/div><div class=\"fusion-form-field fusion-form-text-field fusion-form-label-above\" style=\"\" data-form-id=\"6010\"><div class=\"fusion-form-label-wrapper\"><label for=\"branche\">L&#039;industrie<\/label><\/div><input type=\"text\" autocomplete=\"off\" name=\"branche\" id=\"branche\" value=\"\"  class=\"fusion-form-input\" data-holds-private-data=\"false\" minlength=\"0\"\/><\/div><div class=\"fusion-form-field fusion-form-textarea-field fusion-form-label-above\" style=\"\" data-form-id=\"6010\"><label for=\"message\">Message<\/label><textarea cols=\"40\" autocomplete=\"off\"  minlength=\"0\"  rows=\"4\" tabindex=\"\" id=\"message\" name=\"message\" class=\"fusion-form-input\" data-holds-private-data=\"false\"><\/textarea><\/div><div class=\"fusion-text fusion-text-2\" style=\"--awb-margin-top:30px;\"><p><strong>Politique de confidentialit\u00e9 (GDPR)<\/strong><\/p>\n<p>Consultez notre <a href=\"https:\/\/vestiaire.be\/fr\/politique-de-confidentialite\/\">politique de confidentialit\u00e9<\/a> pour plus d'informations<\/p>\n<\/div>\n<div class=\"fusion-form-field fusion-form-checkbox-field fusion-form-label-above\" style=\"\" data-form-id=\"6010\"><fieldset><div class=\"fusion-form-checkbox\"><input tabindex=\"\" id=\"checkbox--1-0\" type=\"checkbox\" value=\"J'accepte la politique de confidentialit\u00e9 de Cloakroom.co.uk\" name=\"[]\" class=\"fusion-form-input\" required=\"true\" aria-required=\"true\" data-holds-private-data=\"false\"\/><label for=\"checkbox--1-0\">J'accepte la politique de confidentialit\u00e9 de Cloakroom.co.uk<\/label><\/div><\/fieldset><\/div><div class=\"fusion-form-field fusion-form-submit-field fusion-form-label-above\" style=\"\" data-form-id=\"6010\"><div ><button type=\"submit\" class=\"fusion-button button-flat fusion-button-default-size button-default fusion-button-default button-1 fusion-button-default-span  form-form-submit button-default\" data-form-number=\"6010\" tabindex=\"\"><span class=\"fusion-button-text awb-button__text awb-button__text--default\">Soumettre<\/span><\/button><\/div><\/div><div class=\"fusion-form-field fusion-form-recaptcha-field fusion-form-label-above\" style=\"\" data-form-id=\"6010\">\t\t\t\t<div class=\"form-creator-recaptcha\" >\n\t\t\t\t\t\t\t\t\t\t\t\t\t\t<div class=\"fusion-form-recaptcha-wrapper\">\n\t\t\t\t\t<div\n\t\t\t\t\t\tid=\"g-recaptcha-id-form-6010\"\n\t\t\t\t\t\tclass=\"awb-recaptcha-v2 fusion-form-recaptcha-v2\"\n\t\t\t\t\t\tdata-theme=\"light\"\n\t\t\t\t\t\tdata-sitekey=\"6LeaNTokAAAAAJwo2Z7C1byEnCvRozA6OHbvxRFj\"\n\t\t\t\t\t\tdata-tabindex=\"\">\n\t\t\t\t\t<\/div>\n\t\t\t\t<\/div>\n\t\t\t\t\t\t\t\t\t\t\t<\/div>\n\t\t\t\t<\/div><div class=\"form-submission-notices data-notice_1\" id=\"fusion-notices-1\"><div class=\"fusion-alert alert success alert-success fusion-alert-center fusion-form-response fusion-form-response-success awb-alert-native-link-color alert-dismissable awb-alert-close-boxed\" role=\"alert\"><div class=\"fusion-alert-content-wrapper\"><span class=\"alert-icon\"><i class=\"awb-icon-check-circle\" aria-hidden=\"true\"><\/i><\/span><span class=\"fusion-alert-content\">Merci de remplir le formulaire de contact, nous vous contacterons dans les plus brefs d\u00e9lais !<\/span><\/div><button type=\"button\" class=\"close toggle-alert\" data-dismiss=\"alert\" aria-label=\"Close\">&times;<\/button><\/div><\/div><\/div><\/div><\/div><\/div><input type=\"hidden\" name=\"fusion_privacy_store_ip_ua\" value=\"false\"><input type=\"hidden\" name=\"fusion_privacy_expiration_interval\" value=\"48\"><input type=\"hidden\" name=\"privacy_expiration_action\" value=\"anonymize\"><\/form><\/div><\/div><\/div><\/div><\/div>\n","protected":false},"excerpt":{"rendered":"<p>EN &#8211; Salles de musique<\/p>\n","protected":false},"author":1,"featured_media":0,"parent":6017,"menu_order":0,"comment_status":"open","ping_status":"open","template":"100-width.php","meta":{"_acf_changed":false,"footnotes":""},"class_list":["post-6058","page","type-page","status-publish","hentry"],"acf":[],"yoast_head":"<!-- This site is optimized with the Yoast SEO plugin v27.1.1 - https:\/\/yoast.com\/product\/yoast-seo-wordpress\/ -->\n<title>Conseils vestimentaires pour les salles de concert<\/title>\n<meta name=\"description\" content=\"Conseils sur la garde-robe pour les salles de concert. \u2705 Conseils personnalis\u00e9s d&#039;un expert \u2705 Prise de rendez-vous sur place \u2705 Plus de 15 ans d&#039;exp\u00e9rience.\" \/>\n<meta name=\"robots\" content=\"index, follow, max-snippet:-1, max-image-preview:large, max-video-preview:-1\" \/>\n<link rel=\"canonical\" href=\"https:\/\/vestiaire.be\/advies\/projectadvies-muziekpodia\/\" \/>\n<meta property=\"og:locale\" content=\"fr_FR\" \/>\n<meta property=\"og:type\" content=\"article\" \/>\n<meta property=\"og:title\" content=\"Conseils vestimentaires pour les salles de concert\" \/>\n<meta property=\"og:description\" content=\"Conseils sur la garde-robe pour les salles de concert. \u2705 Conseils personnalis\u00e9s d&#039;un expert \u2705 Prise de rendez-vous sur place \u2705 Plus de 15 ans d&#039;exp\u00e9rience.\" \/>\n<meta property=\"og:url\" content=\"https:\/\/vestiaire.be\/advies\/projectadvies-muziekpodia\/\" \/>\n<meta property=\"og:site_name\" content=\"Vestiaire.be\" \/>\n<meta property=\"article:modified_time\" content=\"2024-05-14T17:14:43+00:00\" \/>\n<meta name=\"twitter:card\" content=\"summary_large_image\" \/>\n<meta name=\"twitter:label1\" content=\"Dur\u00e9e de lecture estim\u00e9e\" \/>\n\t<meta name=\"twitter:data1\" content=\"5 minutes\" \/>\n<script type=\"application\/ld+json\" class=\"yoast-schema-graph\">{\"@context\":\"https:\/\/schema.org\",\"@graph\":[{\"@type\":\"WebPage\",\"@id\":\"https:\/\/vestiaire.be\/advies\/projectadvies-muziekpodia\/\",\"url\":\"https:\/\/vestiaire.be\/advies\/projectadvies-muziekpodia\/\",\"name\":\"Conseils vestimentaires pour les salles de concert\",\"isPartOf\":{\"@id\":\"https:\/\/vestiaire.be\/#website\"},\"datePublished\":\"2017-12-03T12:21:15+00:00\",\"dateModified\":\"2024-05-14T17:14:43+00:00\",\"description\":\"Conseils sur la garde-robe pour les salles de concert. \u2705 Conseils personnalis\u00e9s d'un expert \u2705 Prise de rendez-vous sur place \u2705 Plus de 15 ans d'exp\u00e9rience.\",\"breadcrumb\":{\"@id\":\"https:\/\/vestiaire.be\/advies\/projectadvies-muziekpodia\/#breadcrumb\"},\"inLanguage\":\"fr-FR\",\"potentialAction\":[{\"@type\":\"ReadAction\",\"target\":[\"https:\/\/vestiaire.be\/advies\/projectadvies-muziekpodia\/\"]}]},{\"@type\":\"BreadcrumbList\",\"@id\":\"https:\/\/vestiaire.be\/advies\/projectadvies-muziekpodia\/#breadcrumb\",\"itemListElement\":[{\"@type\":\"ListItem\",\"position\":1,\"name\":\"Home\",\"item\":\"https:\/\/vestiaire.be\/fr\/\"},{\"@type\":\"ListItem\",\"position\":2,\"name\":\"Avis\",\"item\":\"https:\/\/vestiaire.be\/fr\/avis\/\"},{\"@type\":\"ListItem\",\"position\":3,\"name\":\"EN &#8211; Salles de musique\"}]},{\"@type\":\"WebSite\",\"@id\":\"https:\/\/vestiaire.be\/#website\",\"url\":\"https:\/\/vestiaire.be\/\",\"name\":\"Vestiaire.be\",\"description\":\"Slimme vestiaire &amp; entree oplossingen\",\"potentialAction\":[{\"@type\":\"SearchAction\",\"target\":{\"@type\":\"EntryPoint\",\"urlTemplate\":\"https:\/\/vestiaire.be\/?s={search_term_string}\"},\"query-input\":{\"@type\":\"PropertyValueSpecification\",\"valueRequired\":true,\"valueName\":\"search_term_string\"}}],\"inLanguage\":\"fr-FR\"}]}<\/script>\n<!-- \/ Yoast SEO plugin. -->","yoast_head_json":{"title":"Conseils vestimentaires pour les salles de concert","description":"Conseils sur la garde-robe pour les salles de concert. \u2705 Conseils personnalis\u00e9s d'un expert \u2705 Prise de rendez-vous sur place \u2705 Plus de 15 ans d'exp\u00e9rience.","robots":{"index":"index","follow":"follow","max-snippet":"max-snippet:-1","max-image-preview":"max-image-preview:large","max-video-preview":"max-video-preview:-1"},"canonical":"https:\/\/vestiaire.be\/advies\/projectadvies-muziekpodia\/","og_locale":"fr_FR","og_type":"article","og_title":"Conseils vestimentaires pour les salles de concert","og_description":"Conseils sur la garde-robe pour les salles de concert. \u2705 Conseils personnalis\u00e9s d'un expert \u2705 Prise de rendez-vous sur place \u2705 Plus de 15 ans d'exp\u00e9rience.","og_url":"https:\/\/vestiaire.be\/advies\/projectadvies-muziekpodia\/","og_site_name":"Vestiaire.be","article_modified_time":"2024-05-14T17:14:43+00:00","twitter_card":"summary_large_image","twitter_misc":{"Dur\u00e9e de lecture estim\u00e9e":"5 minutes"},"schema":{"@context":"https:\/\/schema.org","@graph":[{"@type":"WebPage","@id":"https:\/\/vestiaire.be\/advies\/projectadvies-muziekpodia\/","url":"https:\/\/vestiaire.be\/advies\/projectadvies-muziekpodia\/","name":"Conseils vestimentaires pour les salles de concert","isPartOf":{"@id":"https:\/\/vestiaire.be\/#website"},"datePublished":"2017-12-03T12:21:15+00:00","dateModified":"2024-05-14T17:14:43+00:00","description":"Conseils sur la garde-robe pour les salles de concert. \u2705 Conseils personnalis\u00e9s d'un expert \u2705 Prise de rendez-vous sur place \u2705 Plus de 15 ans d'exp\u00e9rience.","breadcrumb":{"@id":"https:\/\/vestiaire.be\/advies\/projectadvies-muziekpodia\/#breadcrumb"},"inLanguage":"fr-FR","potentialAction":[{"@type":"ReadAction","target":["https:\/\/vestiaire.be\/advies\/projectadvies-muziekpodia\/"]}]},{"@type":"BreadcrumbList","@id":"https:\/\/vestiaire.be\/advies\/projectadvies-muziekpodia\/#breadcrumb","itemListElement":[{"@type":"ListItem","position":1,"name":"Home","item":"https:\/\/vestiaire.be\/fr\/"},{"@type":"ListItem","position":2,"name":"Avis","item":"https:\/\/vestiaire.be\/fr\/avis\/"},{"@type":"ListItem","position":3,"name":"EN &#8211; Salles de musique"}]},{"@type":"WebSite","@id":"https:\/\/vestiaire.be\/#website","url":"https:\/\/vestiaire.be\/","name":"Vestiaire.be","description":"Slimme vestiaire &amp; entree oplossingen","potentialAction":[{"@type":"SearchAction","target":{"@type":"EntryPoint","urlTemplate":"https:\/\/vestiaire.be\/?s={search_term_string}"},"query-input":{"@type":"PropertyValueSpecification","valueRequired":true,"valueName":"search_term_string"}}],"inLanguage":"fr-FR"}]}},"_links":{"self":[{"href":"https:\/\/vestiaire.be\/fr\/wp-json\/wp\/v2\/pages\/6058","targetHints":{"allow":["GET"]}}],"collection":[{"href":"https:\/\/vestiaire.be\/fr\/wp-json\/wp\/v2\/pages"}],"about":[{"href":"https:\/\/vestiaire.be\/fr\/wp-json\/wp\/v2\/types\/page"}],"author":[{"embeddable":true,"href":"https:\/\/vestiaire.be\/fr\/wp-json\/wp\/v2\/users\/1"}],"replies":[{"embeddable":true,"href":"https:\/\/vestiaire.be\/fr\/wp-json\/wp\/v2\/comments?post=6058"}],"version-history":[{"count":3,"href":"https:\/\/vestiaire.be\/fr\/wp-json\/wp\/v2\/pages\/6058\/revisions"}],"predecessor-version":[{"id":6457,"href":"https:\/\/vestiaire.be\/fr\/wp-json\/wp\/v2\/pages\/6058\/revisions\/6457"}],"up":[{"embeddable":true,"href":"https:\/\/vestiaire.be\/fr\/wp-json\/wp\/v2\/pages\/6017"}],"wp:attachment":[{"href":"https:\/\/vestiaire.be\/fr\/wp-json\/wp\/v2\/media?parent=6058"}],"curies":[{"name":"wp","href":"https:\/\/api.w.org\/{rel}","templated":true}]}}