{"id":6054,"date":"2017-11-25T21:46:19","date_gmt":"2017-11-25T21:46:19","guid":{"rendered":"https:\/\/vestiaire.be\/avis\/nl-la-garde-robe-du-van-gogh\/"},"modified":"2024-06-06T09:20:50","modified_gmt":"2024-06-06T09:20:50","slug":"nl-la-garde-robe-du-van-gogh","status":"publish","type":"page","link":"https:\/\/vestiaire.be\/fr\/avis\/nl-la-garde-robe-du-van-gogh\/","title":{"rendered":"NL &#8211; La garde-robe du van Gogh"},"content":{"rendered":"<div class=\"fusion-fullwidth fullwidth-box fusion-builder-row-1 fusion-flex-container nonhundred-percent-fullwidth non-hundred-percent-height-scrolling\" style=\"--awb-border-radius-top-left:0px;--awb-border-radius-top-right:0px;--awb-border-radius-bottom-right:0px;--awb-border-radius-bottom-left:0px;--awb-flex-wrap:wrap;\" ><div class=\"fusion-builder-row fusion-row fusion-flex-align-items-flex-start fusion-flex-content-wrap\" style=\"max-width:1200px;margin-left: calc(-0% \/ 2 );margin-right: calc(-0% \/ 2 );\"><div class=\"fusion-layout-column fusion_builder_column fusion-builder-column-0 fusion_builder_column_1_1 1_1 fusion-flex-column\" style=\"--awb-bg-size:cover;--awb-width-large:100%;--awb-margin-top-large:0px;--awb-spacing-right-large:0%;--awb-margin-bottom-large:0px;--awb-spacing-left-large:0%;--awb-width-medium:100%;--awb-spacing-right-medium:0%;--awb-spacing-left-medium:0%;--awb-width-small:100%;--awb-spacing-right-small:0%;--awb-spacing-left-small:0%;\"><div class=\"fusion-column-wrapper fusion-flex-justify-content-flex-start fusion-content-layout-column\"><div class=\"fusion-text fusion-text-1\"><div class=\"page-title-wrapper\">\n<h1 class=\"page-title\"><span class=\"base\" data-ui-id=\"page-title-wrapper\">Vestiaire du Van Gogh<\/span><\/h1>\n<\/div>\n<p>Le mus\u00e9e Van Gogh d&rsquo;Amsterdam a re\u00e7u un nombre record de visiteurs l&rsquo;ann\u00e9e derni\u00e8re (plus de 2,2 millions), ce qui en fait le mus\u00e9e le plus visit\u00e9 des Pays-Bas. Pour g\u00e9rer l&rsquo;accueil de ce grand nombre de visiteurs, l&rsquo;\u00e9quipe de Garderobe.co.uk a eu l&rsquo;opportunit\u00e9 de construire un vestiaire complet sur mesure.<\/p>\n<p><img decoding=\"async\" src=\"https:\/\/vestiaire.be\/wp-content\/uploads\/2019\/09\/cmspages-Garderobe_Van_Gogh_Museum_1_1.jpg\" alt=\"Mus\u00e9e Van Gogh\" \/><\/p>\n<p>Le vestiaire, d&rsquo;une <strong>capacit\u00e9 de 20 000 manteaux<\/strong>, est situ\u00e9 dans la nouvelle entr\u00e9e vitr\u00e9e qui a \u00e9t\u00e9 inaugur\u00e9e en 2015. L&rsquo;extension en verre abrite un foyer qui abrite la boutique du mus\u00e9e, des guichets et des installations sanitaires en plus du vestiaire.<\/p>\n<p><strong>Quinze imprimantes Coatcheck OneFive<\/strong> sont utilis\u00e9es pour collecter et distribuer rapidement et efficacement les nombreux manteaux et sacs, tant pour les visiteurs que pour le personnel du mus\u00e9e. L&rsquo;acheminement est organis\u00e9 de mani\u00e8re logique et pratique afin de garantir un traitement rapide. Les visiteurs et le personnel du mus\u00e9e trouvent cela tr\u00e8s agr\u00e9able.<\/p>\n<p>Bien que le nombre de visiteurs du c\u00e9l\u00e8bre mus\u00e9e augmente chaque ann\u00e9e, l&rsquo;armoire r\u00e9pond toujours aux besoins actuels du mus\u00e9e Van Gogh. Un investissement qui a d\u00e9j\u00e0 \u00e9t\u00e9 rentabilis\u00e9 \u00e0 plusieurs reprises dans diff\u00e9rents domaines.<\/p>\n<\/div><\/div><\/div><\/div><\/div>\n","protected":false},"excerpt":{"rendered":"<p>NL &#8211; La garde-robe du van Gogh<\/p>\n","protected":false},"author":1,"featured_media":0,"parent":6017,"menu_order":0,"comment_status":"open","ping_status":"open","template":"100-width.php","meta":{"_acf_changed":false,"footnotes":""},"class_list":["post-6054","page","type-page","status-publish","hentry"],"acf":[],"yoast_head":"<!-- This site is optimized with the Yoast SEO plugin v27.1.1 - https:\/\/yoast.com\/product\/yoast-seo-wordpress\/ -->\n<title>Vestiaire du mus\u00e9e Van Gogh \u00e0 Amsterdam<\/title>\n<meta name=\"description\" content=\"Le c\u00e9l\u00e8bre mus\u00e9e d&#039;Amsterdam a choisi une armoire sur mesure, qui fonctionne rapidement et efficacement et qui a \u00e9t\u00e9 construite par l&#039;\u00e9quipe de Garderobe.nl.\" \/>\n<meta name=\"robots\" content=\"index, follow, max-snippet:-1, max-image-preview:large, max-video-preview:-1\" \/>\n<link rel=\"canonical\" href=\"https:\/\/vestiaire.be\/advies\/van-gogh-museum-amsterdam\/\" \/>\n<meta property=\"og:locale\" content=\"fr_FR\" \/>\n<meta property=\"og:type\" content=\"article\" \/>\n<meta property=\"og:title\" content=\"Vestiaire du mus\u00e9e Van Gogh \u00e0 Amsterdam\" \/>\n<meta property=\"og:description\" content=\"Le c\u00e9l\u00e8bre mus\u00e9e d&#039;Amsterdam a choisi une armoire sur mesure, qui fonctionne rapidement et efficacement et qui a \u00e9t\u00e9 construite par l&#039;\u00e9quipe de Garderobe.nl.\" \/>\n<meta property=\"og:url\" content=\"https:\/\/vestiaire.be\/advies\/van-gogh-museum-amsterdam\/\" \/>\n<meta property=\"og:site_name\" content=\"Vestiaire.be\" \/>\n<meta property=\"article:modified_time\" content=\"2024-06-06T09:20:50+00:00\" \/>\n<meta property=\"og:image\" content=\"https:\/\/vestiaire.be\/wp-content\/uploads\/2019\/09\/cmspages-Garderobe_Van_Gogh_Museum_1_1.jpg\" \/>\n<meta name=\"twitter:card\" content=\"summary_large_image\" \/>\n<meta name=\"twitter:label1\" content=\"Dur\u00e9e de lecture estim\u00e9e\" \/>\n\t<meta name=\"twitter:data1\" content=\"2 minutes\" \/>\n<script type=\"application\/ld+json\" class=\"yoast-schema-graph\">{\"@context\":\"https:\/\/schema.org\",\"@graph\":[{\"@type\":\"WebPage\",\"@id\":\"https:\/\/vestiaire.be\/advies\/van-gogh-museum-amsterdam\/\",\"url\":\"https:\/\/vestiaire.be\/advies\/van-gogh-museum-amsterdam\/\",\"name\":\"Vestiaire du mus\u00e9e Van Gogh \u00e0 Amsterdam\",\"isPartOf\":{\"@id\":\"https:\/\/vestiaire.be\/#website\"},\"primaryImageOfPage\":{\"@id\":\"https:\/\/vestiaire.be\/advies\/van-gogh-museum-amsterdam\/#primaryimage\"},\"image\":{\"@id\":\"https:\/\/vestiaire.be\/advies\/van-gogh-museum-amsterdam\/#primaryimage\"},\"thumbnailUrl\":\"https:\/\/vestiaire.be\/wp-content\/uploads\/2019\/09\/cmspages-Garderobe_Van_Gogh_Museum_1_1.jpg\",\"datePublished\":\"2017-11-25T21:46:19+00:00\",\"dateModified\":\"2024-06-06T09:20:50+00:00\",\"description\":\"Le c\u00e9l\u00e8bre mus\u00e9e d'Amsterdam a choisi une armoire sur mesure, qui fonctionne rapidement et efficacement et qui a \u00e9t\u00e9 construite par l'\u00e9quipe de Garderobe.nl.\",\"breadcrumb\":{\"@id\":\"https:\/\/vestiaire.be\/advies\/van-gogh-museum-amsterdam\/#breadcrumb\"},\"inLanguage\":\"fr-FR\",\"potentialAction\":[{\"@type\":\"ReadAction\",\"target\":[\"https:\/\/vestiaire.be\/advies\/van-gogh-museum-amsterdam\/\"]}]},{\"@type\":\"ImageObject\",\"inLanguage\":\"fr-FR\",\"@id\":\"https:\/\/vestiaire.be\/advies\/van-gogh-museum-amsterdam\/#primaryimage\",\"url\":\"https:\/\/vestiaire.be\/wp-content\/uploads\/2019\/09\/cmspages-Garderobe_Van_Gogh_Museum_1_1.jpg\",\"contentUrl\":\"https:\/\/vestiaire.be\/wp-content\/uploads\/2019\/09\/cmspages-Garderobe_Van_Gogh_Museum_1_1.jpg\"},{\"@type\":\"BreadcrumbList\",\"@id\":\"https:\/\/vestiaire.be\/advies\/van-gogh-museum-amsterdam\/#breadcrumb\",\"itemListElement\":[{\"@type\":\"ListItem\",\"position\":1,\"name\":\"Home\",\"item\":\"https:\/\/vestiaire.be\/fr\/\"},{\"@type\":\"ListItem\",\"position\":2,\"name\":\"Avis\",\"item\":\"https:\/\/vestiaire.be\/fr\/avis\/\"},{\"@type\":\"ListItem\",\"position\":3,\"name\":\"NL &#8211; La garde-robe du van Gogh\"}]},{\"@type\":\"WebSite\",\"@id\":\"https:\/\/vestiaire.be\/#website\",\"url\":\"https:\/\/vestiaire.be\/\",\"name\":\"Vestiaire.be\",\"description\":\"Slimme vestiaire &amp; entree oplossingen\",\"potentialAction\":[{\"@type\":\"SearchAction\",\"target\":{\"@type\":\"EntryPoint\",\"urlTemplate\":\"https:\/\/vestiaire.be\/?s={search_term_string}\"},\"query-input\":{\"@type\":\"PropertyValueSpecification\",\"valueRequired\":true,\"valueName\":\"search_term_string\"}}],\"inLanguage\":\"fr-FR\"}]}<\/script>\n<!-- \/ Yoast SEO plugin. -->","yoast_head_json":{"title":"Vestiaire du mus\u00e9e Van Gogh \u00e0 Amsterdam","description":"Le c\u00e9l\u00e8bre mus\u00e9e d'Amsterdam a choisi une armoire sur mesure, qui fonctionne rapidement et efficacement et qui a \u00e9t\u00e9 construite par l'\u00e9quipe de Garderobe.nl.","robots":{"index":"index","follow":"follow","max-snippet":"max-snippet:-1","max-image-preview":"max-image-preview:large","max-video-preview":"max-video-preview:-1"},"canonical":"https:\/\/vestiaire.be\/advies\/van-gogh-museum-amsterdam\/","og_locale":"fr_FR","og_type":"article","og_title":"Vestiaire du mus\u00e9e Van Gogh \u00e0 Amsterdam","og_description":"Le c\u00e9l\u00e8bre mus\u00e9e d'Amsterdam a choisi une armoire sur mesure, qui fonctionne rapidement et efficacement et qui a \u00e9t\u00e9 construite par l'\u00e9quipe de Garderobe.nl.","og_url":"https:\/\/vestiaire.be\/advies\/van-gogh-museum-amsterdam\/","og_site_name":"Vestiaire.be","article_modified_time":"2024-06-06T09:20:50+00:00","og_image":[{"url":"https:\/\/vestiaire.be\/wp-content\/uploads\/2019\/09\/cmspages-Garderobe_Van_Gogh_Museum_1_1.jpg","type":"","width":"","height":""}],"twitter_card":"summary_large_image","twitter_misc":{"Dur\u00e9e de lecture estim\u00e9e":"2 minutes"},"schema":{"@context":"https:\/\/schema.org","@graph":[{"@type":"WebPage","@id":"https:\/\/vestiaire.be\/advies\/van-gogh-museum-amsterdam\/","url":"https:\/\/vestiaire.be\/advies\/van-gogh-museum-amsterdam\/","name":"Vestiaire du mus\u00e9e Van Gogh \u00e0 Amsterdam","isPartOf":{"@id":"https:\/\/vestiaire.be\/#website"},"primaryImageOfPage":{"@id":"https:\/\/vestiaire.be\/advies\/van-gogh-museum-amsterdam\/#primaryimage"},"image":{"@id":"https:\/\/vestiaire.be\/advies\/van-gogh-museum-amsterdam\/#primaryimage"},"thumbnailUrl":"https:\/\/vestiaire.be\/wp-content\/uploads\/2019\/09\/cmspages-Garderobe_Van_Gogh_Museum_1_1.jpg","datePublished":"2017-11-25T21:46:19+00:00","dateModified":"2024-06-06T09:20:50+00:00","description":"Le c\u00e9l\u00e8bre mus\u00e9e d'Amsterdam a choisi une armoire sur mesure, qui fonctionne rapidement et efficacement et qui a \u00e9t\u00e9 construite par l'\u00e9quipe de Garderobe.nl.","breadcrumb":{"@id":"https:\/\/vestiaire.be\/advies\/van-gogh-museum-amsterdam\/#breadcrumb"},"inLanguage":"fr-FR","potentialAction":[{"@type":"ReadAction","target":["https:\/\/vestiaire.be\/advies\/van-gogh-museum-amsterdam\/"]}]},{"@type":"ImageObject","inLanguage":"fr-FR","@id":"https:\/\/vestiaire.be\/advies\/van-gogh-museum-amsterdam\/#primaryimage","url":"https:\/\/vestiaire.be\/wp-content\/uploads\/2019\/09\/cmspages-Garderobe_Van_Gogh_Museum_1_1.jpg","contentUrl":"https:\/\/vestiaire.be\/wp-content\/uploads\/2019\/09\/cmspages-Garderobe_Van_Gogh_Museum_1_1.jpg"},{"@type":"BreadcrumbList","@id":"https:\/\/vestiaire.be\/advies\/van-gogh-museum-amsterdam\/#breadcrumb","itemListElement":[{"@type":"ListItem","position":1,"name":"Home","item":"https:\/\/vestiaire.be\/fr\/"},{"@type":"ListItem","position":2,"name":"Avis","item":"https:\/\/vestiaire.be\/fr\/avis\/"},{"@type":"ListItem","position":3,"name":"NL &#8211; La garde-robe du van Gogh"}]},{"@type":"WebSite","@id":"https:\/\/vestiaire.be\/#website","url":"https:\/\/vestiaire.be\/","name":"Vestiaire.be","description":"Slimme vestiaire &amp; entree oplossingen","potentialAction":[{"@type":"SearchAction","target":{"@type":"EntryPoint","urlTemplate":"https:\/\/vestiaire.be\/?s={search_term_string}"},"query-input":{"@type":"PropertyValueSpecification","valueRequired":true,"valueName":"search_term_string"}}],"inLanguage":"fr-FR"}]}},"_links":{"self":[{"href":"https:\/\/vestiaire.be\/fr\/wp-json\/wp\/v2\/pages\/6054","targetHints":{"allow":["GET"]}}],"collection":[{"href":"https:\/\/vestiaire.be\/fr\/wp-json\/wp\/v2\/pages"}],"about":[{"href":"https:\/\/vestiaire.be\/fr\/wp-json\/wp\/v2\/types\/page"}],"author":[{"embeddable":true,"href":"https:\/\/vestiaire.be\/fr\/wp-json\/wp\/v2\/users\/1"}],"replies":[{"embeddable":true,"href":"https:\/\/vestiaire.be\/fr\/wp-json\/wp\/v2\/comments?post=6054"}],"version-history":[{"count":2,"href":"https:\/\/vestiaire.be\/fr\/wp-json\/wp\/v2\/pages\/6054\/revisions"}],"predecessor-version":[{"id":6594,"href":"https:\/\/vestiaire.be\/fr\/wp-json\/wp\/v2\/pages\/6054\/revisions\/6594"}],"up":[{"embeddable":true,"href":"https:\/\/vestiaire.be\/fr\/wp-json\/wp\/v2\/pages\/6017"}],"wp:attachment":[{"href":"https:\/\/vestiaire.be\/fr\/wp-json\/wp\/v2\/media?parent=6054"}],"curies":[{"name":"wp","href":"https:\/\/api.w.org\/{rel}","templated":true}]}}