{"id":6045,"date":"2017-03-15T07:36:17","date_gmt":"2017-03-15T07:36:17","guid":{"rendered":"https:\/\/vestiaire.be\/avis\/fr-contact-fr\/"},"modified":"2024-06-06T11:39:03","modified_gmt":"2024-06-06T11:39:03","slug":"fr-contact-fr","status":"publish","type":"page","link":"https:\/\/vestiaire.be\/fr\/avis\/fr-contact-fr\/","title":{"rendered":"FR &#8211; Contact FR"},"content":{"rendered":"<p><div class=\"fusion-fullwidth fullwidth-box fusion-builder-row-1 fusion-flex-container has-pattern-background has-mask-background nonhundred-percent-fullwidth non-hundred-percent-height-scrolling\" style=\"--awb-border-radius-top-left:0px;--awb-border-radius-top-right:0px;--awb-border-radius-bottom-right:0px;--awb-border-radius-bottom-left:0px;--awb-padding-right:20px;--awb-padding-left:20px;--awb-flex-wrap:wrap;\" ><div class=\"fusion-builder-row fusion-row fusion-flex-align-items-flex-start fusion-flex-content-wrap\" style=\"max-width:1200px;margin-left: calc(-0% \/ 2 );margin-right: calc(-0% \/ 2 );\"><div class=\"fusion-layout-column fusion_builder_column fusion-builder-column-0 fusion_builder_column_3_4 3_4 fusion-flex-column\" style=\"--awb-bg-size:cover;--awb-width-large:75%;--awb-margin-top-large:0px;--awb-spacing-right-large:0%;--awb-margin-bottom-large:0px;--awb-spacing-left-large:0%;--awb-width-medium:75%;--awb-spacing-right-medium:0%;--awb-spacing-left-medium:0%;--awb-width-small:100%;--awb-spacing-right-small:0%;--awb-spacing-left-small:0%;\"><div class=\"fusion-column-wrapper fusion-flex-justify-content-flex-start fusion-content-layout-column\"><div class=\"fusion-title title fusion-title-1 fusion-sep-none fusion-title-text fusion-title-size-one\"><h1 class=\"fusion-title-heading title-heading-left\" style=\"margin:0;\"><h1>Frais d\u2019exp\u00e9dition et livraison<\/h1><\/h1><\/div><div class=\"fusion-text fusion-text-1\"><ul>\n<li>L\u2019exp\u00e9dition normale aux Pays-Bas et en Belgique est <strong>gratuite<\/strong>.<\/li>\n<li>Le service express de nuit est disponible moyennant un suppl\u00e9ment, le tarif d\u00e9pendant de la destination. Lors de votre commande dans la boutique en ligne, cette option vous sera propos\u00e9e si elle est disponible.<\/li>\n<li>Votre commande sera trait\u00e9e le jour m\u00eame (du lundi au vendredi).<\/li>\n<li>Command\u00e9 au plus tard \u00e0 20 h 30, exp\u00e9di\u00e9 le jour m\u00eame (dans tout le pays).<\/li>\n<li>Command\u00e9 au plus tard \u00e0 13h45, exp\u00e9di\u00e9 le jour m\u00eame (international).<\/li>\n<li>Nous utilisons PostNL, DPD et UPS pour nos envois.<\/li>\n<li>Il se peut que vous receviez plusieurs envois (partiels), par exemple si vous commandez des casiers de vestiaire en combinaison avec des tickets papier pr\u00e9imprim\u00e9s.<\/li>\n<li>Nos commandes sont exp\u00e9di\u00e9es \u00e0 partir de notre d\u00e9p\u00f4t Misi \/ Garderobe, Spectrumlaan 31, 2665 NM Bleiswijk.<\/li>\n<\/ul>\n<\/div><\/div><\/div><\/div><\/div>\n<div class=\"fusion-fullwidth fullwidth-box fusion-builder-row-2 fusion-flex-container has-pattern-background has-mask-background nonhundred-percent-fullwidth non-hundred-percent-height-scrolling\" style=\"--awb-border-radius-top-left:0px;--awb-border-radius-top-right:0px;--awb-border-radius-bottom-right:0px;--awb-border-radius-bottom-left:0px;--awb-flex-wrap:wrap;\" ><div class=\"fusion-builder-row fusion-row fusion-flex-align-items-flex-start fusion-flex-content-wrap\" style=\"max-width:1200px;margin-left: calc(-0% \/ 2 );margin-right: calc(-0% \/ 2 );\"><div class=\"fusion-layout-column fusion_builder_column fusion-builder-column-1 fusion_builder_column_1_1 1_1 fusion-flex-column\" style=\"--awb-bg-size:cover;--awb-width-large:100%;--awb-margin-top-large:0px;--awb-spacing-right-large:0%;--awb-margin-bottom-large:0px;--awb-spacing-left-large:0%;--awb-width-medium:100%;--awb-spacing-right-medium:0%;--awb-spacing-left-medium:0%;--awb-width-small:100%;--awb-spacing-right-small:0%;--awb-spacing-left-small:0%;\"><div class=\"fusion-column-wrapper fusion-flex-justify-content-flex-start fusion-content-layout-column\"><div class=\"fusion-text fusion-text-2\"><h1 class=\"page-title\"><span class=\"base\" data-ui-id=\"page-title-wrapper\">Contact<\/span><\/h1>\n<p>Garderobe.co.uk peut \u00eatre contact\u00e9 directement pour les commandes et\/ou l&rsquo;assistance \u00e0 l&rsquo;utilisation d&rsquo;une imprimante de billets.<br \/>\nNotre service client\u00e8le est au service des march\u00e9s n\u00e9erlandais et belge.<\/p>\n<p><strong>E-Mail :<\/strong><\/p>\n<ul>\n<li>Informations g\u00e9n\u00e9rales : <a href=\"mailto:info@vestiaire.be\">info@vestiaire.be<\/a><\/li>\n<li>Administration : <a href=\"mailto:administratie@vestiaire.be\">invoices@vestiaire.be<\/a><\/li>\n<li>Si vous avez une question technique, veuillez consulter les <a href=\"https:\/\/vestiaire.be\/fr\/nl-helpdesk\/\">pages de notre service d&rsquo;assistance<\/a> en ligne. Vous y trouverez de nombreuses informations techniques et nos FAQ. Si vous avez des questions par la suite, veuillez contacter <a href=\"mailto:support@vestiaire.be\">info@vestiaire.be<\/a><\/li>\n<\/ul>\n<p><strong>Par t\u00e9l\u00e9phone<\/strong><\/p>\n<ul>\n<li>Ventes : +31 (0)70 365 0101<em> (Lun-Ven : 09:00 &#8211; 17:00)<\/em><\/li>\n<li>Service : +31 (0)70 346 8634<\/li>\n<\/ul>\n<p><strong>Informations administratives<\/strong><\/p>\n<p>Leisure Management Solutions B.V.<br \/>\nRobbert Goedvolk<br \/>\nTerweeweg 114, 2341 CW, Oegstgeest<br \/>\nIBAN : NL88ABNA0494296232<br \/>\nBIC : ABNANL2A<br \/>\nChambre de commerce : 27 316 183<br \/>\nTVA : NL8192.13.640.B01<\/p>\n<\/div><div class=\"fusion-form fusion-form-builder fusion-form-form-wrapper fusion-form-6010\" style=\"--awb-tooltip-text-color:#ffffff;--awb-tooltip-background-color:#333333;--awb-field-margin-top:5px;--awb-field-margin-bottom:5px;--awb-form-input-height:40px;--awb-label-font-size:14px;--awb-form-font-size:14px;--awb-form-label-color:var(--awb-color2);\" data-form-id=\"6010\" data-config=\"{&quot;form_id&quot;:6010,&quot;form_post_id&quot;:6010,&quot;post_id&quot;:6045,&quot;form_type&quot;:&quot;ajax&quot;,&quot;confirmation_type&quot;:&quot;redirect&quot;,&quot;redirect_url&quot;:&quot;https:\\\/\\\/vestiaire.be\\\/contact-bedankt\\\/&quot;,&quot;field_labels&quot;:{&quot;name&quot;:&quot;Nom&quot;,&quot;e-mailadress&quot;:&quot;Adresse \\u00e9lectronique&quot;,&quot;phonenumber&quot;:&quot;Num\\u00e9ro de t\\u00e9l\\u00e9phone&quot;,&quot;branche&quot;:&quot;L&#039;industrie&quot;,&quot;message&quot;:&quot;Message&quot;,&quot;&quot;:&quot;&quot;},&quot;field_logics&quot;:{&quot;name&quot;:&quot;&quot;,&quot;e-mailadress&quot;:&quot;&quot;,&quot;phonenumber&quot;:&quot;&quot;,&quot;branche&quot;:&quot;&quot;,&quot;message&quot;:&quot;&quot;,&quot;&quot;:&quot;&quot;,&quot;submit_1&quot;:&quot;&quot;,&quot;notice_1&quot;:&quot;&quot;},&quot;field_types&quot;:{&quot;name&quot;:&quot;text&quot;,&quot;e-mailadress&quot;:&quot;email&quot;,&quot;phonenumber&quot;:&quot;phone_number&quot;,&quot;branche&quot;:&quot;text&quot;,&quot;message&quot;:&quot;textarea&quot;,&quot;&quot;:&quot;checkbox&quot;,&quot;submit_1&quot;:&quot;submit&quot;,&quot;recaptcha_1&quot;:&quot;recaptcha&quot;,&quot;notice_1&quot;:&quot;notice&quot;},&quot;nonce_method&quot;:&quot;ajax&quot;}\"><form action=\"https:\/\/vestiaire.be\/fr\/avis\/fr-contact-fr\/\" method=\"post\" class=\"fusion-form fusion-form-6010\"><div class=\"fusion-fullwidth fullwidth-box fusion-builder-row-2-1 fusion-flex-container has-pattern-background has-mask-background nonhundred-percent-fullwidth non-hundred-percent-height-scrolling\" style=\"--awb-border-radius-top-left:0px;--awb-border-radius-top-right:0px;--awb-border-radius-bottom-right:0px;--awb-border-radius-bottom-left:0px;--awb-flex-wrap:wrap;\" ><div class=\"fusion-builder-row fusion-row fusion-flex-align-items-flex-start fusion-flex-content-wrap\" style=\"width:100% !important;max-width:100% !important;margin-left: calc(-0% \/ 2 );margin-right: calc(-0% \/ 2 );\"><div class=\"fusion-layout-column fusion_builder_column fusion-builder-column-2 fusion_builder_column_1_1 1_1 fusion-flex-column\" style=\"--awb-padding-top:30px;--awb-padding-right:30px;--awb-padding-bottom:30px;--awb-padding-left:30px;--awb-bg-size:cover;--awb-border-color:var(--awb-color5);--awb-border-top:2px;--awb-border-right:2px;--awb-border-bottom:2px;--awb-border-left:2px;--awb-border-style:solid;--awb-width-large:100%;--awb-flex-grow:0;--awb-flex-shrink:0;--awb-margin-top-large:0px;--awb-spacing-right-large:0%;--awb-margin-bottom-large:0px;--awb-spacing-left-large:0%;--awb-width-medium:100%;--awb-order-medium:0;--awb-flex-grow-medium:0;--awb-flex-shrink-medium:0;--awb-spacing-right-medium:0%;--awb-spacing-left-medium:0%;--awb-width-small:100%;--awb-order-small:0;--awb-flex-grow-small:0;--awb-flex-shrink-small:0;--awb-spacing-right-small:0%;--awb-spacing-left-small:0%;\"><div class=\"fusion-column-wrapper fusion-column-has-shadow fusion-flex-justify-content-flex-start fusion-content-layout-column\"><div class=\"fusion-title title fusion-title-2 fusion-sep-none fusion-title-text fusion-title-size-three\"><h3 class=\"fusion-title-heading title-heading-left\" style=\"margin:0;\">Mes coordonn\u00e9es<\/h3><\/div><div class=\"fusion-form-field fusion-form-text-field fusion-form-label-above\" style=\"\" data-form-id=\"6010\"><div class=\"fusion-form-label-wrapper\"><label for=\"name\">Nom <abbr class=\"fusion-form-element-required\" title=\"required\">*<\/abbr><\/label><\/div><input type=\"text\" autocomplete=\"off\" name=\"name\" id=\"name\" value=\"\"  class=\"fusion-form-input\" required=\"true\" aria-required=\"true\" data-holds-private-data=\"false\" minlength=\"0\"\/><\/div><div class=\"fusion-form-field fusion-form-email-field fusion-form-label-above\" style=\"\" data-form-id=\"6010\"><div class=\"fusion-form-label-wrapper\"><label for=\"e-mailadress\">Adresse \u00e9lectronique <abbr class=\"fusion-form-element-required\" title=\"required\">*<\/abbr><\/label><\/div><input type=\"email\" autocomplete=\"off\" name=\"e-mailadress\" id=\"e-mailadress\" value=\"\"  class=\"fusion-form-input\" required=\"true\" aria-required=\"true\" data-holds-private-data=\"false\"\/><\/div><div class=\"fusion-form-field fusion-form-phone-number-field fusion-form-label-above\" style=\"\" data-form-id=\"6010\"><div class=\"fusion-form-label-wrapper\"><label for=\"phonenumber\">Num\u00e9ro de t\u00e9l\u00e9phone <abbr class=\"fusion-form-element-required\" title=\"required\">*<\/abbr><\/label><\/div><div class=\"fusion-form-input-with-icon\"><i class=\"awb-form-icon fa-phone-square-alt fas\"><\/i><input type=\"tel\" autocomplete=\"off\" name=\"phonenumber\" id=\"phonenumber\" value=\"\"  class=\"fusion-form-input\" required=\"true\" aria-required=\"true\" data-holds-private-data=\"false\"\/><\/div><\/div><div class=\"fusion-form-field fusion-form-text-field fusion-form-label-above\" style=\"\" data-form-id=\"6010\"><div class=\"fusion-form-label-wrapper\"><label for=\"branche\">L&#039;industrie<\/label><\/div><input type=\"text\" autocomplete=\"off\" name=\"branche\" id=\"branche\" value=\"\"  class=\"fusion-form-input\" data-holds-private-data=\"false\" minlength=\"0\"\/><\/div><div class=\"fusion-form-field fusion-form-textarea-field fusion-form-label-above\" style=\"\" data-form-id=\"6010\"><label for=\"message\">Message<\/label><textarea cols=\"40\" autocomplete=\"off\"  minlength=\"0\"  rows=\"4\" tabindex=\"\" id=\"message\" name=\"message\" class=\"fusion-form-input\" data-holds-private-data=\"false\"><\/textarea><\/div><div class=\"fusion-text fusion-text-3\" style=\"--awb-margin-top:30px;\"><p><strong>Politique de confidentialit\u00e9 (GDPR)<\/strong><\/p>\n<p>Consultez notre <a href=\"https:\/\/vestiaire.be\/fr\/politique-de-confidentialite\/\">politique de confidentialit\u00e9<\/a> pour plus d'informations<\/p>\n<\/div>\n<div class=\"fusion-form-field fusion-form-checkbox-field fusion-form-label-above\" style=\"\" data-form-id=\"6010\"><fieldset><div class=\"fusion-form-checkbox\"><input tabindex=\"\" id=\"checkbox--1-0\" type=\"checkbox\" value=\"J'accepte la politique de confidentialit\u00e9 de Cloakroom.co.uk\" name=\"[]\" class=\"fusion-form-input\" required=\"true\" aria-required=\"true\" data-holds-private-data=\"false\"\/><label for=\"checkbox--1-0\">J'accepte la politique de confidentialit\u00e9 de Cloakroom.co.uk<\/label><\/div><\/fieldset><\/div><div class=\"fusion-form-field fusion-form-submit-field fusion-form-label-above\" style=\"\" data-form-id=\"6010\"><div ><button type=\"submit\" class=\"fusion-button button-flat fusion-button-default-size button-default fusion-button-default button-1 fusion-button-default-span  form-form-submit button-default\" data-form-number=\"6010\" tabindex=\"\"><span class=\"fusion-button-text awb-button__text awb-button__text--default\">Soumettre<\/span><\/button><\/div><\/div><div class=\"fusion-form-field fusion-form-recaptcha-field fusion-form-label-above\" style=\"\" data-form-id=\"6010\">\t\t\t\t<div class=\"form-creator-recaptcha\" >\n\t\t\t\t\t\t\t\t\t\t\t\t\t\t<div class=\"fusion-form-recaptcha-wrapper\">\n\t\t\t\t\t<div\n\t\t\t\t\t\tid=\"g-recaptcha-id-form-6010\"\n\t\t\t\t\t\tclass=\"awb-recaptcha-v2 fusion-form-recaptcha-v2\"\n\t\t\t\t\t\tdata-theme=\"light\"\n\t\t\t\t\t\tdata-sitekey=\"6LeaNTokAAAAAJwo2Z7C1byEnCvRozA6OHbvxRFj\"\n\t\t\t\t\t\tdata-tabindex=\"\">\n\t\t\t\t\t<\/div>\n\t\t\t\t<\/div>\n\t\t\t\t\t\t\t\t\t\t\t<\/div>\n\t\t\t\t<\/div><div class=\"form-submission-notices data-notice_1\" id=\"fusion-notices-1\"><div class=\"fusion-alert alert success alert-success fusion-alert-center fusion-form-response fusion-form-response-success awb-alert-native-link-color alert-dismissable awb-alert-close-boxed\" role=\"alert\"><div class=\"fusion-alert-content-wrapper\"><span class=\"alert-icon\"><i class=\"awb-icon-check-circle\" aria-hidden=\"true\"><\/i><\/span><span class=\"fusion-alert-content\">Merci de remplir le formulaire de contact, nous vous contacterons dans les plus brefs d\u00e9lais !<\/span><\/div><button type=\"button\" class=\"close toggle-alert\" data-dismiss=\"alert\" aria-label=\"Close\">&times;<\/button><\/div><\/div><\/div><\/div><\/div><\/div><input type=\"hidden\" name=\"fusion_privacy_store_ip_ua\" value=\"false\"><input type=\"hidden\" name=\"fusion_privacy_expiration_interval\" value=\"48\"><input type=\"hidden\" name=\"privacy_expiration_action\" value=\"anonymize\"><\/form><\/div><\/div><\/div><\/div><\/div><\/p>\n","protected":false},"excerpt":{"rendered":"<p>FR &#8211; Contact FR<\/p>\n","protected":false},"author":1,"featured_media":0,"parent":6017,"menu_order":0,"comment_status":"open","ping_status":"open","template":"100-width.php","meta":{"_acf_changed":false,"footnotes":""},"class_list":["post-6045","page","type-page","status-publish","hentry"],"acf":[],"yoast_head":"<!-- This site is optimized with the Yoast SEO plugin v27.1.1 - https:\/\/yoast.com\/product\/yoast-seo-wordpress\/ -->\n<title>Contactez Garderobe.fr : Pour toutes vos questions sur la garde-robe<\/title>\n<meta name=\"description\" content=\"Garderobe.co.uk est \u00e0 votre disposition pour toute commande ou assistance. Contactez-nous pour toute question ou pour un devis sur mesure pour votre garde-robe.\" \/>\n<meta name=\"robots\" content=\"index, follow, max-snippet:-1, max-image-preview:large, max-video-preview:-1\" \/>\n<link rel=\"canonical\" href=\"https:\/\/vestiaire.be\/advies\/contact\/\" \/>\n<meta property=\"og:locale\" content=\"fr_FR\" \/>\n<meta property=\"og:type\" content=\"article\" \/>\n<meta property=\"og:title\" content=\"Contactez Garderobe.fr : Pour toutes vos questions sur la garde-robe\" \/>\n<meta property=\"og:description\" content=\"Garderobe.co.uk est \u00e0 votre disposition pour toute commande ou assistance. Contactez-nous pour toute question ou pour un devis sur mesure pour votre garde-robe.\" \/>\n<meta property=\"og:url\" content=\"https:\/\/vestiaire.be\/advies\/contact\/\" \/>\n<meta property=\"og:site_name\" content=\"Vestiaire.be\" \/>\n<meta property=\"article:modified_time\" content=\"2024-06-06T11:39:03+00:00\" \/>\n<meta name=\"twitter:card\" content=\"summary_large_image\" \/>\n<meta name=\"twitter:label1\" content=\"Dur\u00e9e de lecture estim\u00e9e\" \/>\n\t<meta name=\"twitter:data1\" content=\"4 minutes\" \/>\n<script type=\"application\/ld+json\" class=\"yoast-schema-graph\">{\"@context\":\"https:\/\/schema.org\",\"@graph\":[{\"@type\":\"WebPage\",\"@id\":\"https:\/\/vestiaire.be\/advies\/contact\/\",\"url\":\"https:\/\/vestiaire.be\/advies\/contact\/\",\"name\":\"Contactez Garderobe.fr : Pour toutes vos questions sur la garde-robe\",\"isPartOf\":{\"@id\":\"https:\/\/vestiaire.be\/#website\"},\"datePublished\":\"2017-03-15T07:36:17+00:00\",\"dateModified\":\"2024-06-06T11:39:03+00:00\",\"description\":\"Garderobe.co.uk est \u00e0 votre disposition pour toute commande ou assistance. Contactez-nous pour toute question ou pour un devis sur mesure pour votre garde-robe.\",\"breadcrumb\":{\"@id\":\"https:\/\/vestiaire.be\/advies\/contact\/#breadcrumb\"},\"inLanguage\":\"fr-FR\",\"potentialAction\":[{\"@type\":\"ReadAction\",\"target\":[\"https:\/\/vestiaire.be\/advies\/contact\/\"]}]},{\"@type\":\"BreadcrumbList\",\"@id\":\"https:\/\/vestiaire.be\/advies\/contact\/#breadcrumb\",\"itemListElement\":[{\"@type\":\"ListItem\",\"position\":1,\"name\":\"Home\",\"item\":\"https:\/\/vestiaire.be\/fr\/\"},{\"@type\":\"ListItem\",\"position\":2,\"name\":\"Avis\",\"item\":\"https:\/\/vestiaire.be\/fr\/avis\/\"},{\"@type\":\"ListItem\",\"position\":3,\"name\":\"FR &#8211; Contact FR\"}]},{\"@type\":\"WebSite\",\"@id\":\"https:\/\/vestiaire.be\/#website\",\"url\":\"https:\/\/vestiaire.be\/\",\"name\":\"Vestiaire.be\",\"description\":\"Slimme vestiaire &amp; entree oplossingen\",\"potentialAction\":[{\"@type\":\"SearchAction\",\"target\":{\"@type\":\"EntryPoint\",\"urlTemplate\":\"https:\/\/vestiaire.be\/?s={search_term_string}\"},\"query-input\":{\"@type\":\"PropertyValueSpecification\",\"valueRequired\":true,\"valueName\":\"search_term_string\"}}],\"inLanguage\":\"fr-FR\"}]}<\/script>\n<!-- \/ Yoast SEO plugin. -->","yoast_head_json":{"title":"Contactez Garderobe.fr : Pour toutes vos questions sur la garde-robe","description":"Garderobe.co.uk est \u00e0 votre disposition pour toute commande ou assistance. Contactez-nous pour toute question ou pour un devis sur mesure pour votre garde-robe.","robots":{"index":"index","follow":"follow","max-snippet":"max-snippet:-1","max-image-preview":"max-image-preview:large","max-video-preview":"max-video-preview:-1"},"canonical":"https:\/\/vestiaire.be\/advies\/contact\/","og_locale":"fr_FR","og_type":"article","og_title":"Contactez Garderobe.fr : Pour toutes vos questions sur la garde-robe","og_description":"Garderobe.co.uk est \u00e0 votre disposition pour toute commande ou assistance. Contactez-nous pour toute question ou pour un devis sur mesure pour votre garde-robe.","og_url":"https:\/\/vestiaire.be\/advies\/contact\/","og_site_name":"Vestiaire.be","article_modified_time":"2024-06-06T11:39:03+00:00","twitter_card":"summary_large_image","twitter_misc":{"Dur\u00e9e de lecture estim\u00e9e":"4 minutes"},"schema":{"@context":"https:\/\/schema.org","@graph":[{"@type":"WebPage","@id":"https:\/\/vestiaire.be\/advies\/contact\/","url":"https:\/\/vestiaire.be\/advies\/contact\/","name":"Contactez Garderobe.fr : Pour toutes vos questions sur la garde-robe","isPartOf":{"@id":"https:\/\/vestiaire.be\/#website"},"datePublished":"2017-03-15T07:36:17+00:00","dateModified":"2024-06-06T11:39:03+00:00","description":"Garderobe.co.uk est \u00e0 votre disposition pour toute commande ou assistance. Contactez-nous pour toute question ou pour un devis sur mesure pour votre garde-robe.","breadcrumb":{"@id":"https:\/\/vestiaire.be\/advies\/contact\/#breadcrumb"},"inLanguage":"fr-FR","potentialAction":[{"@type":"ReadAction","target":["https:\/\/vestiaire.be\/advies\/contact\/"]}]},{"@type":"BreadcrumbList","@id":"https:\/\/vestiaire.be\/advies\/contact\/#breadcrumb","itemListElement":[{"@type":"ListItem","position":1,"name":"Home","item":"https:\/\/vestiaire.be\/fr\/"},{"@type":"ListItem","position":2,"name":"Avis","item":"https:\/\/vestiaire.be\/fr\/avis\/"},{"@type":"ListItem","position":3,"name":"FR &#8211; Contact FR"}]},{"@type":"WebSite","@id":"https:\/\/vestiaire.be\/#website","url":"https:\/\/vestiaire.be\/","name":"Vestiaire.be","description":"Slimme vestiaire &amp; entree oplossingen","potentialAction":[{"@type":"SearchAction","target":{"@type":"EntryPoint","urlTemplate":"https:\/\/vestiaire.be\/?s={search_term_string}"},"query-input":{"@type":"PropertyValueSpecification","valueRequired":true,"valueName":"search_term_string"}}],"inLanguage":"fr-FR"}]}},"_links":{"self":[{"href":"https:\/\/vestiaire.be\/fr\/wp-json\/wp\/v2\/pages\/6045","targetHints":{"allow":["GET"]}}],"collection":[{"href":"https:\/\/vestiaire.be\/fr\/wp-json\/wp\/v2\/pages"}],"about":[{"href":"https:\/\/vestiaire.be\/fr\/wp-json\/wp\/v2\/types\/page"}],"author":[{"embeddable":true,"href":"https:\/\/vestiaire.be\/fr\/wp-json\/wp\/v2\/users\/1"}],"replies":[{"embeddable":true,"href":"https:\/\/vestiaire.be\/fr\/wp-json\/wp\/v2\/comments?post=6045"}],"version-history":[{"count":6,"href":"https:\/\/vestiaire.be\/fr\/wp-json\/wp\/v2\/pages\/6045\/revisions"}],"predecessor-version":[{"id":6604,"href":"https:\/\/vestiaire.be\/fr\/wp-json\/wp\/v2\/pages\/6045\/revisions\/6604"}],"up":[{"embeddable":true,"href":"https:\/\/vestiaire.be\/fr\/wp-json\/wp\/v2\/pages\/6017"}],"wp:attachment":[{"href":"https:\/\/vestiaire.be\/fr\/wp-json\/wp\/v2\/media?parent=6045"}],"curies":[{"name":"wp","href":"https:\/\/api.w.org\/{rel}","templated":true}]}}