{"id":6031,"date":"2019-03-12T15:16:49","date_gmt":"2019-03-12T15:16:49","guid":{"rendered":"https:\/\/vestiaire.be\/avis\/conseils-personnalises-en-matiere-de-garde-robe\/"},"modified":"2024-06-06T11:44:38","modified_gmt":"2024-06-06T11:44:38","slug":"conseils-personnalises-en-matiere-de-garde-robe","status":"publish","type":"page","link":"https:\/\/vestiaire.be\/fr\/avis\/conseils-personnalises-en-matiere-de-garde-robe\/","title":{"rendered":"Conseils personnalis\u00e9s en mati\u00e8re de garde-robe"},"content":{"rendered":"<div class=\"fusion-fullwidth fullwidth-box fusion-builder-row-1 fusion-flex-container nonhundred-percent-fullwidth non-hundred-percent-height-scrolling\" style=\"--awb-border-radius-top-left:0px;--awb-border-radius-top-right:0px;--awb-border-radius-bottom-right:0px;--awb-border-radius-bottom-left:0px;--awb-flex-wrap:wrap;\" ><div class=\"fusion-builder-row fusion-row fusion-flex-align-items-flex-start fusion-flex-content-wrap\" style=\"max-width:1200px;margin-left: calc(-0% \/ 2 );margin-right: calc(-0% \/ 2 );\"><div class=\"fusion-layout-column fusion_builder_column fusion-builder-column-0 fusion_builder_column_1_1 1_1 fusion-flex-column\" style=\"--awb-bg-size:cover;--awb-width-large:100%;--awb-margin-top-large:0px;--awb-spacing-right-large:0%;--awb-margin-bottom-large:0px;--awb-spacing-left-large:0%;--awb-width-medium:100%;--awb-spacing-right-medium:0%;--awb-spacing-left-medium:0%;--awb-width-small:100%;--awb-spacing-right-small:0%;--awb-spacing-left-small:0%;\"><div class=\"fusion-column-wrapper fusion-flex-justify-content-flex-start fusion-content-layout-column\"><div class=\"fusion-text fusion-text-1\"><h1 class=\"page-title\"><span class=\"base\" data-ui-id=\"page-title-wrapper\">Conseils personnalis\u00e9s en mati\u00e8re de garde-robe<\/span><\/h1>\n<p style=\"text-align: left;\"><img decoding=\"async\" style=\"display: block; margin-left: auto; margin-right: auto;\" src=\"https:\/\/vestiaire.be\/wp-content\/uploads\/2019\/09\/cmspages-Garderobe_Anne_Frank_Huis_2018.jpg\" alt=\"Vestiaire du mus\u00e9e Anne Frank\" \/> <span style=\"color: #999999; font-size: x-small;\"><strong>Armoire sur mesure de Garderobe.nl &#8211; Maison d&rsquo;Anne Frank 2018<\/strong><\/span><\/p>\n<p><span style=\"font-size: medium;\"><strong>Vous cherchez un moyen de :<\/strong><\/span><\/p>\n<ul>\n<li>Optimisez votre espace disponible pour qu&rsquo;il corresponde \u00e0 l&rsquo;identit\u00e9 de votre entreprise ?<\/li>\n<li>Am\u00e9liorer le cheminement de votre entr\u00e9e\/vestiaire ?<\/li>\n<li>Cr\u00e9er un environnement de travail agr\u00e9able et efficace pour votre personnel ?<\/li>\n<li>Mieux ma\u00eetriser les revenus de votre garde-robe et le d\u00e9ploiement de votre personnel ?<\/li>\n<\/ul>\n<p>Nous sommes heureux de vous aider ! Wardrobe.co.uk a plus de 15 ans d&rsquo;exp\u00e9rience dans l&rsquo;optimisation des armoires et des entr\u00e9es. Qu&rsquo;il s&rsquo;agisse d&rsquo;un mus\u00e9e, d&rsquo;un th\u00e9\u00e2tre, d&rsquo;une salle de concert ou d&rsquo;une salle d&rsquo;\u00e9v\u00e9nements, nous proposons une solution adapt\u00e9e \u00e0 chaque secteur. Sur la base d&rsquo;une analyse compl\u00e8te pr\u00e9alable, Garderobe.co.uk peut faire une offre comp\u00e9titive, de sorte que vous ne payez jamais trop cher.<\/p>\n<p><a href=\"https:\/\/vestiaire.be\/fr\/nl-contact\/\">Demandez une consultation personnelle pour votre garde-robe ou votre entr\u00e9e !<\/a><\/p>\n<hr \/>\n<p>Le vestiaire est souvent le premier et le dernier moment de contact entre vous et vos invit\u00e9s. Il est donc tr\u00e8s important que le vestiaire d\u00e9gage une atmosph\u00e8re agr\u00e9able qui s&rsquo;int\u00e8gre \u00e0 l&rsquo;aspect g\u00e9n\u00e9ral de votre salle. Vous trouverez ci-dessous plus d&rsquo;informations sur notre approche.<\/p>\n<h2>Analyse de votre situation et des besoins de votre garde-robe<\/h2>\n<p>Notre approche commence par un <b>calcul<\/b> correct <b>de la capacit\u00e9<\/b>. Apr\u00e8s tout, vous devez \u00eatre certain de pouvoir accepter le nombre souhait\u00e9 de manteaux et de sacs dans l&rsquo;espace disponible. En outre, il est \u00e9videmment important que la nouvelle garde-robe soit utile \u00e0 long terme et que l&rsquo;investissement soit r\u00e9ellement rentabilis\u00e9. Nous nous ferons un plaisir d&rsquo;\u00e9tablir pour vous un calcul r\u00e9aliste qui correspondra \u00e0 100 % \u00e0 votre situation.<\/p>\n<h2>Un routage clair augmente la satisfaction des clients<\/h2>\n<p>Il est \u00e9galement n\u00e9cessaire que l&rsquo;<b>acheminement<\/b> soit logique et ordonn\u00e9, afin de garantir un d\u00e9lai d&rsquo;ex\u00e9cution rapide. Vous augmenterez ainsi la satisfaction de vos clients et leur laisserez plus de temps pour commander des boissons. L&rsquo;acheminement optimal est \u00e9galement plus agr\u00e9able pour le personnel de votre vestiaire, ce qui am\u00e9liore l&rsquo;ambiance au sein de l&rsquo;\u00e9quipe. Vos invit\u00e9s verront \u00e9galement cela d&rsquo;un bon \u0153il.<\/p>\n<h2>Tout est personnalis\u00e9 et les d\u00e9lais de livraison sont tr\u00e8s courts<\/h2>\n<p>Une armoire sur mesure peut r\u00e9pondre \u00e0 un tr\u00e8s large \u00e9ventail de besoins<b> <\/b>Si vous le souhaitez, vous pouvez \u00e9galement choisir la couleur des casiers de vestiaires. En outre, nous mettons tout en \u0153uvre pour livrer la garde-robe sur mesure dans un d\u00e9lai tr\u00e8s court.<\/p>\n<ul>\n<li>L&rsquo;ensemble du processus, de l&rsquo;orientation \u00e0 la r\u00e9alisation, peut \u00eatre r\u00e9alis\u00e9 en <b>3 \u00e0 4 semaines<\/b> (et si n\u00e9cessaire, nous faisons vraiment tout notre possible pour acc\u00e9l\u00e9rer le processus de r\u00e9alisation).<\/li>\n<li>Vous traitez avec <b>une seule personne de contact<\/b> dans tous les cas.<\/li>\n<li>L&rsquo;armoire sur mesure est fabriqu\u00e9e aux Pays-Bas, est de qualit\u00e9 <b>sup\u00e9rieure<\/b> et est install\u00e9e par nos soins.<\/li>\n<\/ul>\n<p>Outre nos conseils sur une armoire sur mesure, nous pouvons \u00e9galement vous conseiller sur des articles connexes tels qu&rsquo;une imprimante \u00e0 billets. Avec une imprimante de tickets, vous professionnalisez votre vestiaire : vous r\u00e9duisez les d\u00e9lais d&rsquo;ex\u00e9cution, vous pouvez imprimer des bons de r\u00e9duction en plus des tickets de vestiaire, par exemple, et vous contr\u00f4lez mieux votre chiffre d&rsquo;affaires et l&rsquo;affectation de votre personnel.<\/p>\n<hr \/>\n<p>Wardrobe.co.uk a personnalis\u00e9 des armoires pour des entreprises de premier plan. Vous trouverez ci-dessous quelques-uns de nos clients. Sur demande, nous vous mettrons volontiers en contact avec ces relations.<\/p>\n<p><img decoding=\"async\" src=\"https:\/\/vestiaire.be\/wp-content\/uploads\/2019\/09\/cmspages-logo_s_klanten_Garderobe.nl.jpg\" alt=\"Logos des clients de Garderobe.nl\" width=\"1024\" height=\"90\" \/><\/p>\n<p><a href=\"https:\/\/vestiaire.be\/advies\/referenties\/\"><button>Voir plus de r\u00e9f\u00e9rences<\/button><\/a><\/p>\n<hr \/>\n<p style=\"padding-left: 30px;\"><span style=\"color: #808080;\"><em><span style=\"font-size: small;\">\u00ab\u00a0Outre la livraison d&rsquo;articles de qualit\u00e9 et fonctionnels, nous sommes \u00e9galement tr\u00e8s satisfaits du niveau \u00e9lev\u00e9 de service de Garderobe.co.uk. <\/span><span style=\"font-size: small;\">Ils sont faciles \u00e0 contacter, r\u00e9pondent tr\u00e8s rapidement et sont toujours l\u00e0 pour nous. Que ce soit pendant les heures de bureau ou en dehors ! <\/span><span style=\"font-size: small;\">Ils sont \u00e9galement pr\u00eats \u00e0 r\u00e9fl\u00e9chir aux questions relatives \u00e0 la garde-robe. Nous sommes tr\u00e8s satisfaits !\u00a0\u00bb <\/span><span style=\"font-size: small;\">&#8211;<\/span><\/em><span style=\"font-size: small;\"><strong> Oscar van der Kleij, Rotterdam Ahoy<\/strong><\/span><\/span><\/p>\n<p style=\"padding-left: 30px;\"><span style=\"color: #808080;\"><em><span style=\"font-size: small;\">\u00ab\u00a0Robbert et moi nous sommes rencontr\u00e9s lors d&rsquo;un salon en 2007. Son enthousiasme m&rsquo;a enthousiasm\u00e9. Je me suis dit que c&rsquo;\u00e9tait un homme sympathique et passionn\u00e9 par le sang. J&rsquo;ai tout de suite d\u00e9m\u00e9nag\u00e9 et, apr\u00e8s 11 ans, il est toujours \u00e0 la hauteur. Ce qui est important pour moi : des lignes de communication courtes, le respect des rendez-vous et un bon service. C&rsquo;est l\u00e0 qu&rsquo;il obtient un grand 10\u00a0\u00bb. <\/span> <span style=\"font-size: small;\">&#8211; <\/span><\/em><span style=\"font-size: small;\"><strong>Heinz Engels, No.7even, Heerlen<\/strong><\/span><\/span><\/p>\n<hr \/>\n<p>Vous voulez savoir ce que Garderobe.co.uk peut faire pour vous ? Alors prenez sans tarder un rendez-vous sans engagement avec un conseiller ! Laissez-nous vos coordonn\u00e9es ci-dessous et nous vous contacterons dans les plus brefs d\u00e9lais.<\/p>\n<\/div><\/div><\/div><div class=\"fusion-layout-column fusion_builder_column fusion-builder-column-1 fusion_builder_column_1_1 1_1 fusion-flex-column\" style=\"--awb-bg-size:cover;--awb-width-large:100%;--awb-margin-top-large:0px;--awb-spacing-right-large:0%;--awb-margin-bottom-large:0px;--awb-spacing-left-large:0%;--awb-width-medium:100%;--awb-order-medium:0;--awb-spacing-right-medium:0%;--awb-spacing-left-medium:0%;--awb-width-small:100%;--awb-order-small:0;--awb-spacing-right-small:0%;--awb-spacing-left-small:0%;\"><div class=\"fusion-column-wrapper fusion-column-has-shadow fusion-flex-justify-content-flex-start fusion-content-layout-column\"><div class=\"fusion-form fusion-form-builder fusion-form-form-wrapper fusion-form-6010\" style=\"--awb-tooltip-text-color:#ffffff;--awb-tooltip-background-color:#333333;--awb-field-margin-top:5px;--awb-field-margin-bottom:5px;--awb-form-input-height:40px;--awb-label-font-size:14px;--awb-form-font-size:14px;--awb-form-label-color:var(--awb-color2);\" data-form-id=\"6010\" data-config=\"{&quot;form_id&quot;:6010,&quot;form_post_id&quot;:6010,&quot;post_id&quot;:6031,&quot;form_type&quot;:&quot;ajax&quot;,&quot;confirmation_type&quot;:&quot;redirect&quot;,&quot;redirect_url&quot;:&quot;https:\\\/\\\/vestiaire.be\\\/contact-bedankt\\\/&quot;,&quot;field_labels&quot;:{&quot;name&quot;:&quot;Nom&quot;,&quot;e-mailadress&quot;:&quot;Adresse \\u00e9lectronique&quot;,&quot;phonenumber&quot;:&quot;Num\\u00e9ro de t\\u00e9l\\u00e9phone&quot;,&quot;branche&quot;:&quot;L&#039;industrie&quot;,&quot;message&quot;:&quot;Message&quot;,&quot;&quot;:&quot;&quot;},&quot;field_logics&quot;:{&quot;name&quot;:&quot;&quot;,&quot;e-mailadress&quot;:&quot;&quot;,&quot;phonenumber&quot;:&quot;&quot;,&quot;branche&quot;:&quot;&quot;,&quot;message&quot;:&quot;&quot;,&quot;&quot;:&quot;&quot;,&quot;submit_1&quot;:&quot;&quot;,&quot;notice_1&quot;:&quot;&quot;},&quot;field_types&quot;:{&quot;name&quot;:&quot;text&quot;,&quot;e-mailadress&quot;:&quot;email&quot;,&quot;phonenumber&quot;:&quot;phone_number&quot;,&quot;branche&quot;:&quot;text&quot;,&quot;message&quot;:&quot;textarea&quot;,&quot;&quot;:&quot;checkbox&quot;,&quot;submit_1&quot;:&quot;submit&quot;,&quot;recaptcha_1&quot;:&quot;recaptcha&quot;,&quot;notice_1&quot;:&quot;notice&quot;},&quot;nonce_method&quot;:&quot;ajax&quot;}\"><form action=\"https:\/\/vestiaire.be\/fr\/avis\/conseils-personnalises-en-matiere-de-garde-robe\/\" method=\"post\" class=\"fusion-form fusion-form-6010\"><div class=\"fusion-fullwidth fullwidth-box fusion-builder-row-1-1 fusion-flex-container has-pattern-background has-mask-background nonhundred-percent-fullwidth non-hundred-percent-height-scrolling\" style=\"--awb-border-radius-top-left:0px;--awb-border-radius-top-right:0px;--awb-border-radius-bottom-right:0px;--awb-border-radius-bottom-left:0px;--awb-flex-wrap:wrap;\" ><div class=\"fusion-builder-row fusion-row fusion-flex-align-items-flex-start fusion-flex-content-wrap\" style=\"width:100% !important;max-width:100% !important;margin-left: calc(-0% \/ 2 );margin-right: calc(-0% \/ 2 );\"><div class=\"fusion-layout-column fusion_builder_column fusion-builder-column-2 fusion_builder_column_1_1 1_1 fusion-flex-column\" style=\"--awb-padding-top:30px;--awb-padding-right:30px;--awb-padding-bottom:30px;--awb-padding-left:30px;--awb-bg-size:cover;--awb-border-color:var(--awb-color5);--awb-border-top:2px;--awb-border-right:2px;--awb-border-bottom:2px;--awb-border-left:2px;--awb-border-style:solid;--awb-width-large:100%;--awb-flex-grow:0;--awb-flex-shrink:0;--awb-margin-top-large:0px;--awb-spacing-right-large:0%;--awb-margin-bottom-large:0px;--awb-spacing-left-large:0%;--awb-width-medium:100%;--awb-order-medium:0;--awb-flex-grow-medium:0;--awb-flex-shrink-medium:0;--awb-spacing-right-medium:0%;--awb-spacing-left-medium:0%;--awb-width-small:100%;--awb-order-small:0;--awb-flex-grow-small:0;--awb-flex-shrink-small:0;--awb-spacing-right-small:0%;--awb-spacing-left-small:0%;\"><div class=\"fusion-column-wrapper fusion-column-has-shadow fusion-flex-justify-content-flex-start fusion-content-layout-column\"><div class=\"fusion-title title fusion-title-1 fusion-sep-none fusion-title-text fusion-title-size-three\"><h3 class=\"fusion-title-heading title-heading-left\" style=\"margin:0;\">Mes coordonn\u00e9es<\/h3><\/div><div class=\"fusion-form-field fusion-form-text-field fusion-form-label-above\" style=\"\" data-form-id=\"6010\"><div class=\"fusion-form-label-wrapper\"><label for=\"name\">Nom <abbr class=\"fusion-form-element-required\" title=\"required\">*<\/abbr><\/label><\/div><input type=\"text\" autocomplete=\"off\" name=\"name\" id=\"name\" value=\"\"  class=\"fusion-form-input\" required=\"true\" aria-required=\"true\" data-holds-private-data=\"false\" minlength=\"0\"\/><\/div><div class=\"fusion-form-field fusion-form-email-field fusion-form-label-above\" style=\"\" data-form-id=\"6010\"><div class=\"fusion-form-label-wrapper\"><label for=\"e-mailadress\">Adresse \u00e9lectronique <abbr class=\"fusion-form-element-required\" title=\"required\">*<\/abbr><\/label><\/div><input type=\"email\" autocomplete=\"off\" name=\"e-mailadress\" id=\"e-mailadress\" value=\"\"  class=\"fusion-form-input\" required=\"true\" aria-required=\"true\" data-holds-private-data=\"false\"\/><\/div><div class=\"fusion-form-field fusion-form-phone-number-field fusion-form-label-above\" style=\"\" data-form-id=\"6010\"><div class=\"fusion-form-label-wrapper\"><label for=\"phonenumber\">Num\u00e9ro de t\u00e9l\u00e9phone <abbr class=\"fusion-form-element-required\" title=\"required\">*<\/abbr><\/label><\/div><div class=\"fusion-form-input-with-icon\"><i class=\"awb-form-icon fa-phone-square-alt fas\"><\/i><input type=\"tel\" autocomplete=\"off\" name=\"phonenumber\" id=\"phonenumber\" value=\"\"  class=\"fusion-form-input\" required=\"true\" aria-required=\"true\" data-holds-private-data=\"false\"\/><\/div><\/div><div class=\"fusion-form-field fusion-form-text-field fusion-form-label-above\" style=\"\" data-form-id=\"6010\"><div class=\"fusion-form-label-wrapper\"><label for=\"branche\">L&#039;industrie<\/label><\/div><input type=\"text\" autocomplete=\"off\" name=\"branche\" id=\"branche\" value=\"\"  class=\"fusion-form-input\" data-holds-private-data=\"false\" minlength=\"0\"\/><\/div><div class=\"fusion-form-field fusion-form-textarea-field fusion-form-label-above\" style=\"\" data-form-id=\"6010\"><label for=\"message\">Message<\/label><textarea cols=\"40\" autocomplete=\"off\"  minlength=\"0\"  rows=\"4\" tabindex=\"\" id=\"message\" name=\"message\" class=\"fusion-form-input\" data-holds-private-data=\"false\"><\/textarea><\/div><div class=\"fusion-text fusion-text-2\" style=\"--awb-margin-top:30px;\"><p><strong>Politique de confidentialit\u00e9 (GDPR)<\/strong><\/p>\n<p>Consultez notre <a href=\"https:\/\/vestiaire.be\/fr\/politique-de-confidentialite\/\">politique de confidentialit\u00e9<\/a> pour plus d'informations<\/p>\n<\/div>\n<div class=\"fusion-form-field fusion-form-checkbox-field fusion-form-label-above\" style=\"\" data-form-id=\"6010\"><fieldset><div class=\"fusion-form-checkbox\"><input tabindex=\"\" id=\"checkbox--1-0\" type=\"checkbox\" value=\"J'accepte la politique de confidentialit\u00e9 de Cloakroom.co.uk\" name=\"[]\" class=\"fusion-form-input\" required=\"true\" aria-required=\"true\" data-holds-private-data=\"false\"\/><label for=\"checkbox--1-0\">J'accepte la politique de confidentialit\u00e9 de Cloakroom.co.uk<\/label><\/div><\/fieldset><\/div><div class=\"fusion-form-field fusion-form-submit-field fusion-form-label-above\" style=\"\" data-form-id=\"6010\"><div ><button type=\"submit\" class=\"fusion-button button-flat fusion-button-default-size button-default fusion-button-default button-1 fusion-button-default-span  form-form-submit button-default\" data-form-number=\"6010\" tabindex=\"\"><span class=\"fusion-button-text awb-button__text awb-button__text--default\">Soumettre<\/span><\/button><\/div><\/div><div class=\"fusion-form-field fusion-form-recaptcha-field fusion-form-label-above\" style=\"\" data-form-id=\"6010\">\t\t\t\t<div class=\"form-creator-recaptcha\" >\n\t\t\t\t\t\t\t\t\t\t\t\t\t\t<div class=\"fusion-form-recaptcha-wrapper\">\n\t\t\t\t\t<div\n\t\t\t\t\t\tid=\"g-recaptcha-id-form-6010\"\n\t\t\t\t\t\tclass=\"awb-recaptcha-v2 fusion-form-recaptcha-v2\"\n\t\t\t\t\t\tdata-theme=\"light\"\n\t\t\t\t\t\tdata-sitekey=\"6LeaNTokAAAAAJwo2Z7C1byEnCvRozA6OHbvxRFj\"\n\t\t\t\t\t\tdata-tabindex=\"\">\n\t\t\t\t\t<\/div>\n\t\t\t\t<\/div>\n\t\t\t\t\t\t\t\t\t\t\t<\/div>\n\t\t\t\t<\/div><div class=\"form-submission-notices data-notice_1\" id=\"fusion-notices-1\"><div class=\"fusion-alert alert success alert-success fusion-alert-center fusion-form-response fusion-form-response-success awb-alert-native-link-color alert-dismissable awb-alert-close-boxed\" role=\"alert\"><div class=\"fusion-alert-content-wrapper\"><span class=\"alert-icon\"><i class=\"awb-icon-check-circle\" aria-hidden=\"true\"><\/i><\/span><span class=\"fusion-alert-content\">Merci de remplir le formulaire de contact, nous vous contacterons dans les plus brefs d\u00e9lais !<\/span><\/div><button type=\"button\" class=\"close toggle-alert\" data-dismiss=\"alert\" aria-label=\"Close\">&times;<\/button><\/div><\/div><\/div><\/div><\/div><\/div><input type=\"hidden\" name=\"fusion_privacy_store_ip_ua\" value=\"false\"><input type=\"hidden\" name=\"fusion_privacy_expiration_interval\" value=\"48\"><input type=\"hidden\" name=\"privacy_expiration_action\" value=\"anonymize\"><\/form><\/div><\/div><\/div><\/div><\/div>\n","protected":false},"excerpt":{"rendered":"<p>Conseils personnalis\u00e9s en mati\u00e8re de garde-robe<\/p>\n","protected":false},"author":1,"featured_media":0,"parent":6017,"menu_order":0,"comment_status":"open","ping_status":"open","template":"100-width.php","meta":{"_acf_changed":false,"footnotes":""},"class_list":["post-6031","page","type-page","status-publish","hentry"],"acf":[],"yoast_head":"<!-- This site is optimized with the Yoast SEO plugin v27.1.1 - https:\/\/yoast.com\/product\/yoast-seo-wordpress\/ -->\n<title>Avoir une garde-robe enti\u00e8rement personnalis\u00e9e ? Penderie.fr<\/title>\n<meta name=\"description\" content=\"Votre armoire enti\u00e8rement personnalis\u00e9e par l&#039;expert \u2713 Conseiller sp\u00e9cialis\u00e9 \u2713 Produits de haute qualit\u00e9 \u2713 Solutions d&#039;armoires compl\u00e8tes\" \/>\n<meta name=\"robots\" content=\"index, follow, max-snippet:-1, max-image-preview:large, max-video-preview:-1\" \/>\n<link rel=\"canonical\" href=\"https:\/\/vestiaire.be\/advies\/garderobe-advies-op-maat\/\" \/>\n<meta property=\"og:locale\" content=\"fr_FR\" \/>\n<meta property=\"og:type\" content=\"article\" \/>\n<meta property=\"og:title\" content=\"Avoir une garde-robe enti\u00e8rement personnalis\u00e9e ? Penderie.fr\" \/>\n<meta property=\"og:description\" content=\"Votre armoire enti\u00e8rement personnalis\u00e9e par l&#039;expert \u2713 Conseiller sp\u00e9cialis\u00e9 \u2713 Produits de haute qualit\u00e9 \u2713 Solutions d&#039;armoires compl\u00e8tes\" \/>\n<meta property=\"og:url\" content=\"https:\/\/vestiaire.be\/advies\/garderobe-advies-op-maat\/\" \/>\n<meta property=\"og:site_name\" content=\"Vestiaire.be\" \/>\n<meta property=\"article:modified_time\" content=\"2024-06-06T11:44:38+00:00\" \/>\n<meta property=\"og:image\" content=\"https:\/\/vestiaire.be\/wp-content\/uploads\/2019\/09\/cmspages-Garderobe_Anne_Frank_Huis_2018.jpg\" \/>\n<meta name=\"twitter:card\" content=\"summary_large_image\" \/>\n<meta name=\"twitter:label1\" content=\"Dur\u00e9e de lecture estim\u00e9e\" \/>\n\t<meta name=\"twitter:data1\" content=\"6 minutes\" \/>\n<script type=\"application\/ld+json\" class=\"yoast-schema-graph\">{\"@context\":\"https:\/\/schema.org\",\"@graph\":[{\"@type\":\"WebPage\",\"@id\":\"https:\/\/vestiaire.be\/advies\/garderobe-advies-op-maat\/\",\"url\":\"https:\/\/vestiaire.be\/advies\/garderobe-advies-op-maat\/\",\"name\":\"Avoir une garde-robe enti\u00e8rement personnalis\u00e9e ? Penderie.fr\",\"isPartOf\":{\"@id\":\"https:\/\/vestiaire.be\/#website\"},\"primaryImageOfPage\":{\"@id\":\"https:\/\/vestiaire.be\/advies\/garderobe-advies-op-maat\/#primaryimage\"},\"image\":{\"@id\":\"https:\/\/vestiaire.be\/advies\/garderobe-advies-op-maat\/#primaryimage\"},\"thumbnailUrl\":\"https:\/\/vestiaire.be\/wp-content\/uploads\/2019\/09\/cmspages-Garderobe_Anne_Frank_Huis_2018.jpg\",\"datePublished\":\"2019-03-12T15:16:49+00:00\",\"dateModified\":\"2024-06-06T11:44:38+00:00\",\"description\":\"Votre armoire enti\u00e8rement personnalis\u00e9e par l'expert \u2713 Conseiller sp\u00e9cialis\u00e9 \u2713 Produits de haute qualit\u00e9 \u2713 Solutions d'armoires compl\u00e8tes\",\"breadcrumb\":{\"@id\":\"https:\/\/vestiaire.be\/advies\/garderobe-advies-op-maat\/#breadcrumb\"},\"inLanguage\":\"fr-FR\",\"potentialAction\":[{\"@type\":\"ReadAction\",\"target\":[\"https:\/\/vestiaire.be\/advies\/garderobe-advies-op-maat\/\"]}]},{\"@type\":\"ImageObject\",\"inLanguage\":\"fr-FR\",\"@id\":\"https:\/\/vestiaire.be\/advies\/garderobe-advies-op-maat\/#primaryimage\",\"url\":\"https:\/\/vestiaire.be\/wp-content\/uploads\/2019\/09\/cmspages-Garderobe_Anne_Frank_Huis_2018.jpg\",\"contentUrl\":\"https:\/\/vestiaire.be\/wp-content\/uploads\/2019\/09\/cmspages-Garderobe_Anne_Frank_Huis_2018.jpg\"},{\"@type\":\"BreadcrumbList\",\"@id\":\"https:\/\/vestiaire.be\/advies\/garderobe-advies-op-maat\/#breadcrumb\",\"itemListElement\":[{\"@type\":\"ListItem\",\"position\":1,\"name\":\"Home\",\"item\":\"https:\/\/vestiaire.be\/fr\/\"},{\"@type\":\"ListItem\",\"position\":2,\"name\":\"Avis\",\"item\":\"https:\/\/vestiaire.be\/fr\/avis\/\"},{\"@type\":\"ListItem\",\"position\":3,\"name\":\"Conseils personnalis\u00e9s en mati\u00e8re de garde-robe\"}]},{\"@type\":\"WebSite\",\"@id\":\"https:\/\/vestiaire.be\/#website\",\"url\":\"https:\/\/vestiaire.be\/\",\"name\":\"Vestiaire.be\",\"description\":\"Slimme vestiaire &amp; entree oplossingen\",\"potentialAction\":[{\"@type\":\"SearchAction\",\"target\":{\"@type\":\"EntryPoint\",\"urlTemplate\":\"https:\/\/vestiaire.be\/?s={search_term_string}\"},\"query-input\":{\"@type\":\"PropertyValueSpecification\",\"valueRequired\":true,\"valueName\":\"search_term_string\"}}],\"inLanguage\":\"fr-FR\"}]}<\/script>\n<!-- \/ Yoast SEO plugin. -->","yoast_head_json":{"title":"Avoir une garde-robe enti\u00e8rement personnalis\u00e9e ? Penderie.fr","description":"Votre armoire enti\u00e8rement personnalis\u00e9e par l'expert \u2713 Conseiller sp\u00e9cialis\u00e9 \u2713 Produits de haute qualit\u00e9 \u2713 Solutions d'armoires compl\u00e8tes","robots":{"index":"index","follow":"follow","max-snippet":"max-snippet:-1","max-image-preview":"max-image-preview:large","max-video-preview":"max-video-preview:-1"},"canonical":"https:\/\/vestiaire.be\/advies\/garderobe-advies-op-maat\/","og_locale":"fr_FR","og_type":"article","og_title":"Avoir une garde-robe enti\u00e8rement personnalis\u00e9e ? Penderie.fr","og_description":"Votre armoire enti\u00e8rement personnalis\u00e9e par l'expert \u2713 Conseiller sp\u00e9cialis\u00e9 \u2713 Produits de haute qualit\u00e9 \u2713 Solutions d'armoires compl\u00e8tes","og_url":"https:\/\/vestiaire.be\/advies\/garderobe-advies-op-maat\/","og_site_name":"Vestiaire.be","article_modified_time":"2024-06-06T11:44:38+00:00","og_image":[{"url":"https:\/\/vestiaire.be\/wp-content\/uploads\/2019\/09\/cmspages-Garderobe_Anne_Frank_Huis_2018.jpg","type":"","width":"","height":""}],"twitter_card":"summary_large_image","twitter_misc":{"Dur\u00e9e de lecture estim\u00e9e":"6 minutes"},"schema":{"@context":"https:\/\/schema.org","@graph":[{"@type":"WebPage","@id":"https:\/\/vestiaire.be\/advies\/garderobe-advies-op-maat\/","url":"https:\/\/vestiaire.be\/advies\/garderobe-advies-op-maat\/","name":"Avoir une garde-robe enti\u00e8rement personnalis\u00e9e ? Penderie.fr","isPartOf":{"@id":"https:\/\/vestiaire.be\/#website"},"primaryImageOfPage":{"@id":"https:\/\/vestiaire.be\/advies\/garderobe-advies-op-maat\/#primaryimage"},"image":{"@id":"https:\/\/vestiaire.be\/advies\/garderobe-advies-op-maat\/#primaryimage"},"thumbnailUrl":"https:\/\/vestiaire.be\/wp-content\/uploads\/2019\/09\/cmspages-Garderobe_Anne_Frank_Huis_2018.jpg","datePublished":"2019-03-12T15:16:49+00:00","dateModified":"2024-06-06T11:44:38+00:00","description":"Votre armoire enti\u00e8rement personnalis\u00e9e par l'expert \u2713 Conseiller sp\u00e9cialis\u00e9 \u2713 Produits de haute qualit\u00e9 \u2713 Solutions d'armoires compl\u00e8tes","breadcrumb":{"@id":"https:\/\/vestiaire.be\/advies\/garderobe-advies-op-maat\/#breadcrumb"},"inLanguage":"fr-FR","potentialAction":[{"@type":"ReadAction","target":["https:\/\/vestiaire.be\/advies\/garderobe-advies-op-maat\/"]}]},{"@type":"ImageObject","inLanguage":"fr-FR","@id":"https:\/\/vestiaire.be\/advies\/garderobe-advies-op-maat\/#primaryimage","url":"https:\/\/vestiaire.be\/wp-content\/uploads\/2019\/09\/cmspages-Garderobe_Anne_Frank_Huis_2018.jpg","contentUrl":"https:\/\/vestiaire.be\/wp-content\/uploads\/2019\/09\/cmspages-Garderobe_Anne_Frank_Huis_2018.jpg"},{"@type":"BreadcrumbList","@id":"https:\/\/vestiaire.be\/advies\/garderobe-advies-op-maat\/#breadcrumb","itemListElement":[{"@type":"ListItem","position":1,"name":"Home","item":"https:\/\/vestiaire.be\/fr\/"},{"@type":"ListItem","position":2,"name":"Avis","item":"https:\/\/vestiaire.be\/fr\/avis\/"},{"@type":"ListItem","position":3,"name":"Conseils personnalis\u00e9s en mati\u00e8re de garde-robe"}]},{"@type":"WebSite","@id":"https:\/\/vestiaire.be\/#website","url":"https:\/\/vestiaire.be\/","name":"Vestiaire.be","description":"Slimme vestiaire &amp; entree oplossingen","potentialAction":[{"@type":"SearchAction","target":{"@type":"EntryPoint","urlTemplate":"https:\/\/vestiaire.be\/?s={search_term_string}"},"query-input":{"@type":"PropertyValueSpecification","valueRequired":true,"valueName":"search_term_string"}}],"inLanguage":"fr-FR"}]}},"_links":{"self":[{"href":"https:\/\/vestiaire.be\/fr\/wp-json\/wp\/v2\/pages\/6031","targetHints":{"allow":["GET"]}}],"collection":[{"href":"https:\/\/vestiaire.be\/fr\/wp-json\/wp\/v2\/pages"}],"about":[{"href":"https:\/\/vestiaire.be\/fr\/wp-json\/wp\/v2\/types\/page"}],"author":[{"embeddable":true,"href":"https:\/\/vestiaire.be\/fr\/wp-json\/wp\/v2\/users\/1"}],"replies":[{"embeddable":true,"href":"https:\/\/vestiaire.be\/fr\/wp-json\/wp\/v2\/comments?post=6031"}],"version-history":[{"count":4,"href":"https:\/\/vestiaire.be\/fr\/wp-json\/wp\/v2\/pages\/6031\/revisions"}],"predecessor-version":[{"id":6606,"href":"https:\/\/vestiaire.be\/fr\/wp-json\/wp\/v2\/pages\/6031\/revisions\/6606"}],"up":[{"embeddable":true,"href":"https:\/\/vestiaire.be\/fr\/wp-json\/wp\/v2\/pages\/6017"}],"wp:attachment":[{"href":"https:\/\/vestiaire.be\/fr\/wp-json\/wp\/v2\/media?parent=6031"}],"curies":[{"name":"wp","href":"https:\/\/api.w.org\/{rel}","templated":true}]}}